{"id":10058,"date":"2023-11-21T10:36:01","date_gmt":"2023-11-21T09:36:01","guid":{"rendered":"https:\/\/dieter-jenz.de\/lc\/?page_id=10058"},"modified":"2024-01-25T14:34:54","modified_gmt":"2024-01-25T13:34:54","slug":"seite-nicht-mehr-vorhanden","status":"publish","type":"page","link":"https:\/\/dieter-jenz.de\/lc\/seite-nicht-mehr-vorhanden\/","title":{"rendered":"Seite nicht mehr vorhanden"},"content":{"rendered":"\n<p>Leider ist die von Ihnen gesuchte Seite nicht mehr vorhanden. Sie wurde aus einem der folgenden Gr\u00fcnde gel\u00f6scht:<\/p>\n\n\n\n<ul>\n<li>Der Inhalt ist nicht mehr aktuell,<\/li>\n\n\n\n<li>Der Inhalt wurde in einen anderen Beitrag integriert.<\/li>\n<\/ul>\n\n\n\n<p>Um zu Inhalten zu gelangen, die Ihrer Suchintention entsprechen, k\u00f6nnen Sie folgende Links zu \u00dcbersichtsseiten nutzen:<\/p>\n\n\n\n<ul>\n<li><a href=\"https:\/\/dieter-jenz.de\/lc\/zitate-zum-nachdenken-und-neudenken-uebersicht\/\">Zitate zum Nachdenken und Neudenken \u2013 \u00dcbersicht<\/a><\/li>\n\n\n\n<li><a href=\"https:\/\/dieter-jenz.de\/lc\/zitate-hitlisten\/\">Zitate-Hitlisten &#8211; \u00dcbersicht<\/a><\/li>\n\n\n\n<li><a href=\"https:\/\/dieter-jenz.de\/lc\/was-geschieht-mit-mir-wenn-ich-sterbe\/\">Was geschieht mit mir wenn ich sterbe? &#8211; \u00dcbersicht<\/a><\/li>\n<\/ul>\n\n\n\n<p>Oder Sie w\u00e4hlen hier aus:<\/p>\n\n\n\n<figure class=\"wp-block-gallery has-nested-images columns-4 is-cropped wp-block-gallery-1 is-layout-flex wp-block-gallery-is-layout-flex\">\n<figure class=\"wp-block-image size-large\"><a href=\"https:\/\/dieter-jenz.de\/lc\/portal-lebensweisheiten\/\" target=\"_blank\" rel=\"noreferrer noopener\"><img loading=\"lazy\" decoding=\"async\" width=\"800\" height=\"800\" data-id=\"10179\" src=\"https:\/\/dieter-jenz.de\/lc\/wp-content\/uploads\/2023\/12\/Lebensweisheiten.jpeg\" alt=\"Lebensweisheiten - Gestaltung: privat\" class=\"wp-image-10179\" srcset=\"https:\/\/dieter-jenz.de\/lc\/wp-content\/uploads\/2023\/12\/Lebensweisheiten.jpeg 800w, https:\/\/dieter-jenz.de\/lc\/wp-content\/uploads\/2023\/12\/Lebensweisheiten-300x300.jpeg 300w, https:\/\/dieter-jenz.de\/lc\/wp-content\/uploads\/2023\/12\/Lebensweisheiten-150x150.jpeg 150w, https:\/\/dieter-jenz.de\/lc\/wp-content\/uploads\/2023\/12\/Lebensweisheiten-768x768.jpeg 768w, https:\/\/dieter-jenz.de\/lc\/wp-content\/uploads\/2023\/12\/Lebensweisheiten-540x540.jpeg 540w\" sizes=\"(max-width: 800px) 100vw, 800px\" \/><\/a><figcaption class=\"wp-element-caption\">Gestaltung: privat<\/figcaption><\/figure>\n\n\n\n<figure class=\"wp-block-image size-large\"><a href=\"https:\/\/dieter-jenz.de\/lc\/portal-evergreen-themen\/\" target=\"_blank\" rel=\"noreferrer noopener\"><img loading=\"lazy\" decoding=\"async\" width=\"800\" height=\"800\" data-id=\"10200\" src=\"https:\/\/dieter-jenz.de\/lc\/wp-content\/uploads\/2023\/12\/Evergreen-Themen.jpeg\" alt=\"Evergreen-Themen - Gestaltung: privat\" class=\"wp-image-10200\" srcset=\"https:\/\/dieter-jenz.de\/lc\/wp-content\/uploads\/2023\/12\/Evergreen-Themen.jpeg 800w, https:\/\/dieter-jenz.de\/lc\/wp-content\/uploads\/2023\/12\/Evergreen-Themen-300x300.jpeg 300w, https:\/\/dieter-jenz.de\/lc\/wp-content\/uploads\/2023\/12\/Evergreen-Themen-150x150.jpeg 150w, https:\/\/dieter-jenz.de\/lc\/wp-content\/uploads\/2023\/12\/Evergreen-Themen-768x768.jpeg 768w, https:\/\/dieter-jenz.de\/lc\/wp-content\/uploads\/2023\/12\/Evergreen-Themen-540x540.jpeg 540w\" sizes=\"(max-width: 800px) 100vw, 800px\" \/><\/a><figcaption class=\"wp-element-caption\">Gestaltung: privat<\/figcaption><\/figure>\n\n\n\n<figure class=\"wp-block-image size-large\"><a href=\"https:\/\/dieter-jenz.de\/lc\/portal-wissensdurst\/\" target=\"_blank\" rel=\"noreferrer noopener\"><img loading=\"lazy\" decoding=\"async\" width=\"800\" height=\"800\" data-id=\"10177\" src=\"https:\/\/dieter-jenz.de\/lc\/wp-content\/uploads\/2023\/12\/Wissensdurst-Blick-durch-den-Tuerspalt.jpeg\" alt=\"Wissensdurst, Blick durch den T\u00fcrspalt - Gestaltung: privat\" class=\"wp-image-10177\" srcset=\"https:\/\/dieter-jenz.de\/lc\/wp-content\/uploads\/2023\/12\/Wissensdurst-Blick-durch-den-Tuerspalt.jpeg 800w, https:\/\/dieter-jenz.de\/lc\/wp-content\/uploads\/2023\/12\/Wissensdurst-Blick-durch-den-Tuerspalt-300x300.jpeg 300w, https:\/\/dieter-jenz.de\/lc\/wp-content\/uploads\/2023\/12\/Wissensdurst-Blick-durch-den-Tuerspalt-150x150.jpeg 150w, https:\/\/dieter-jenz.de\/lc\/wp-content\/uploads\/2023\/12\/Wissensdurst-Blick-durch-den-Tuerspalt-768x768.jpeg 768w, https:\/\/dieter-jenz.de\/lc\/wp-content\/uploads\/2023\/12\/Wissensdurst-Blick-durch-den-Tuerspalt-540x540.jpeg 540w\" sizes=\"(max-width: 800px) 100vw, 800px\" \/><\/a><figcaption class=\"wp-element-caption\">Gestaltung: privat<\/figcaption><\/figure>\n<\/figure>\n","protected":false},"excerpt":{"rendered":"<p>Leider ist die von Ihnen gesuchte Seite nicht mehr vorhanden. Sie wurde aus einem der folgenden Gr\u00fcnde gel\u00f6scht: Um zu Inhalten zu gelangen, die Ihrer Suchintention entsprechen, k\u00f6nnen&hellip;<\/p>\n","protected":false},"author":2,"featured_media":0,"parent":0,"menu_order":0,"comment_status":"closed","ping_status":"closed","template":"template-full-width-only-content.php","meta":{"footnotes":""},"yoast_head":"<!-- This site is optimized with the Yoast SEO plugin v24.5 - https:\/\/yoast.com\/wordpress\/plugins\/seo\/ -->\n<title>Seite nicht mehr vorhanden<\/title>\n<meta name=\"robots\" content=\"index, follow, max-snippet:-1, max-image-preview:large, max-video-preview:-1\" \/>\n<link rel=\"canonical\" href=\"https:\/\/dieter-jenz.de\/lc\/seite-nicht-mehr-vorhanden\/\" \/>\n<meta property=\"og:locale\" content=\"de_DE\" \/>\n<meta property=\"og:type\" content=\"article\" \/>\n<meta property=\"og:title\" content=\"Seite nicht mehr vorhanden\" \/>\n<meta property=\"og:description\" content=\"Leider ist die von Ihnen gesuchte Seite nicht mehr vorhanden. Sie wurde aus einem der folgenden Gr\u00fcnde gel\u00f6scht: Um zu Inhalten zu gelangen, die Ihrer Suchintention entsprechen, k\u00f6nnen&hellip;\" \/>\n<meta property=\"og:url\" content=\"https:\/\/dieter-jenz.de\/lc\/seite-nicht-mehr-vorhanden\/\" \/>\n<meta property=\"og:site_name\" content=\"Dieter Jenz, Begleitung und Coaching\" \/>\n<meta property=\"article:publisher\" content=\"https:\/\/www.facebook.com\/dieter.jenz.inspiration\" \/>\n<meta property=\"article:modified_time\" content=\"2024-01-25T13:34:54+00:00\" \/>\n<meta name=\"twitter:card\" content=\"summary_large_image\" \/>\n<meta name=\"twitter:site\" content=\"@dieterjenz\" \/>\n<meta name=\"twitter:label1\" content=\"Gesch\u00e4tzte Lesezeit\" \/>\n\t<meta name=\"twitter:data1\" content=\"2\u00a0Minuten\" \/>\n<script type=\"application\/ld+json\" class=\"yoast-schema-graph\">{\"@context\":\"https:\/\/schema.org\",\"@graph\":[{\"@type\":\"WebPage\",\"@id\":\"https:\/\/dieter-jenz.de\/lc\/seite-nicht-mehr-vorhanden\/\",\"url\":\"https:\/\/dieter-jenz.de\/lc\/seite-nicht-mehr-vorhanden\/\",\"name\":\"Seite nicht mehr vorhanden\",\"isPartOf\":{\"@id\":\"https:\/\/dieter-jenz.de\/lc\/#website\"},\"datePublished\":\"2023-11-21T09:36:01+00:00\",\"dateModified\":\"2024-01-25T13:34:54+00:00\",\"breadcrumb\":{\"@id\":\"https:\/\/dieter-jenz.de\/lc\/seite-nicht-mehr-vorhanden\/#breadcrumb\"},\"inLanguage\":\"de\",\"potentialAction\":[{\"@type\":\"ReadAction\",\"target\":[\"https:\/\/dieter-jenz.de\/lc\/seite-nicht-mehr-vorhanden\/\"]}]},{\"@type\":\"BreadcrumbList\",\"@id\":\"https:\/\/dieter-jenz.de\/lc\/seite-nicht-mehr-vorhanden\/#breadcrumb\",\"itemListElement\":[{\"@type\":\"ListItem\",\"position\":1,\"name\":\"Home\",\"item\":\"https:\/\/dieter-jenz.de\/lc\/\"},{\"@type\":\"ListItem\",\"position\":2,\"name\":\"Seite nicht mehr vorhanden\"}]},{\"@type\":\"WebSite\",\"@id\":\"https:\/\/dieter-jenz.de\/lc\/#website\",\"url\":\"https:\/\/dieter-jenz.de\/lc\/\",\"name\":\"Dieter Jenz, Begleitung und Coaching\",\"description\":\"Die andere, neue Sichtweise entdecken - auftanken - neue Wege gehen\",\"publisher\":{\"@id\":\"https:\/\/dieter-jenz.de\/lc\/#\/schema\/person\/618cfd5c289d0a23930cb258a43679ab\"},\"potentialAction\":[{\"@type\":\"SearchAction\",\"target\":{\"@type\":\"EntryPoint\",\"urlTemplate\":\"https:\/\/dieter-jenz.de\/lc\/?s={search_term_string}\"},\"query-input\":{\"@type\":\"PropertyValueSpecification\",\"valueRequired\":true,\"valueName\":\"search_term_string\"}}],\"inLanguage\":\"de\"},{\"@type\":[\"Person\",\"Organization\"],\"@id\":\"https:\/\/dieter-jenz.de\/lc\/#\/schema\/person\/618cfd5c289d0a23930cb258a43679ab\",\"name\":\"Dieter Jenz\",\"image\":{\"@type\":\"ImageObject\",\"inLanguage\":\"de\",\"@id\":\"https:\/\/dieter-jenz.de\/lc\/#\/schema\/person\/image\/\",\"url\":\"https:\/\/dieter-jenz.de\/lc\/wp-content\/uploads\/2020\/01\/Logo-Coaching-und-Begleitung.png\",\"contentUrl\":\"https:\/\/dieter-jenz.de\/lc\/wp-content\/uploads\/2020\/01\/Logo-Coaching-und-Begleitung.png\",\"width\":320,\"height\":240,\"caption\":\"Dieter Jenz\"},\"logo\":{\"@id\":\"https:\/\/dieter-jenz.de\/lc\/#\/schema\/person\/image\/\"},\"description\":\"Ich bin Dieter Jenz, Begleiter, Berater und Coach mit Leidenschaft. \u00dcber viele Jahre hinweg habe ich einen reichen Schatz an Kompetenz und Erfahrung erworben. Meine Themen sind die \\\"4L\\\": Lebensaufgabe, Lebensplanung, Lebensnavigation und Lebensqualit\u00e4t.\",\"sameAs\":[\"https:\/\/www.facebook.com\/dieter.jenz.inspiration\",\"https:\/\/www.pinterest.de\/dieterjenz\/\",\"https:\/\/x.com\/https:\/\/twitter.com\/dieterjenz\"]}]}<\/script>\n<!-- \/ Yoast SEO plugin. -->","yoast_head_json":{"title":"Seite nicht mehr vorhanden","robots":{"index":"index","follow":"follow","max-snippet":"max-snippet:-1","max-image-preview":"max-image-preview:large","max-video-preview":"max-video-preview:-1"},"canonical":"https:\/\/dieter-jenz.de\/lc\/seite-nicht-mehr-vorhanden\/","og_locale":"de_DE","og_type":"article","og_title":"Seite nicht mehr vorhanden","og_description":"Leider ist die von Ihnen gesuchte Seite nicht mehr vorhanden. Sie wurde aus einem der folgenden Gr\u00fcnde gel\u00f6scht: Um zu Inhalten zu gelangen, die Ihrer Suchintention entsprechen, k\u00f6nnen&hellip;","og_url":"https:\/\/dieter-jenz.de\/lc\/seite-nicht-mehr-vorhanden\/","og_site_name":"Dieter Jenz, Begleitung und Coaching","article_publisher":"https:\/\/www.facebook.com\/dieter.jenz.inspiration","article_modified_time":"2024-01-25T13:34:54+00:00","twitter_card":"summary_large_image","twitter_site":"@dieterjenz","twitter_misc":{"Gesch\u00e4tzte Lesezeit":"2\u00a0Minuten"},"schema":{"@context":"https:\/\/schema.org","@graph":[{"@type":"WebPage","@id":"https:\/\/dieter-jenz.de\/lc\/seite-nicht-mehr-vorhanden\/","url":"https:\/\/dieter-jenz.de\/lc\/seite-nicht-mehr-vorhanden\/","name":"Seite nicht mehr vorhanden","isPartOf":{"@id":"https:\/\/dieter-jenz.de\/lc\/#website"},"datePublished":"2023-11-21T09:36:01+00:00","dateModified":"2024-01-25T13:34:54+00:00","breadcrumb":{"@id":"https:\/\/dieter-jenz.de\/lc\/seite-nicht-mehr-vorhanden\/#breadcrumb"},"inLanguage":"de","potentialAction":[{"@type":"ReadAction","target":["https:\/\/dieter-jenz.de\/lc\/seite-nicht-mehr-vorhanden\/"]}]},{"@type":"BreadcrumbList","@id":"https:\/\/dieter-jenz.de\/lc\/seite-nicht-mehr-vorhanden\/#breadcrumb","itemListElement":[{"@type":"ListItem","position":1,"name":"Home","item":"https:\/\/dieter-jenz.de\/lc\/"},{"@type":"ListItem","position":2,"name":"Seite nicht mehr vorhanden"}]},{"@type":"WebSite","@id":"https:\/\/dieter-jenz.de\/lc\/#website","url":"https:\/\/dieter-jenz.de\/lc\/","name":"Dieter Jenz, Begleitung und Coaching","description":"Die andere, neue Sichtweise entdecken - auftanken - neue Wege gehen","publisher":{"@id":"https:\/\/dieter-jenz.de\/lc\/#\/schema\/person\/618cfd5c289d0a23930cb258a43679ab"},"potentialAction":[{"@type":"SearchAction","target":{"@type":"EntryPoint","urlTemplate":"https:\/\/dieter-jenz.de\/lc\/?s={search_term_string}"},"query-input":{"@type":"PropertyValueSpecification","valueRequired":true,"valueName":"search_term_string"}}],"inLanguage":"de"},{"@type":["Person","Organization"],"@id":"https:\/\/dieter-jenz.de\/lc\/#\/schema\/person\/618cfd5c289d0a23930cb258a43679ab","name":"Dieter Jenz","image":{"@type":"ImageObject","inLanguage":"de","@id":"https:\/\/dieter-jenz.de\/lc\/#\/schema\/person\/image\/","url":"https:\/\/dieter-jenz.de\/lc\/wp-content\/uploads\/2020\/01\/Logo-Coaching-und-Begleitung.png","contentUrl":"https:\/\/dieter-jenz.de\/lc\/wp-content\/uploads\/2020\/01\/Logo-Coaching-und-Begleitung.png","width":320,"height":240,"caption":"Dieter Jenz"},"logo":{"@id":"https:\/\/dieter-jenz.de\/lc\/#\/schema\/person\/image\/"},"description":"Ich bin Dieter Jenz, Begleiter, Berater und Coach mit Leidenschaft. \u00dcber viele Jahre hinweg habe ich einen reichen Schatz an Kompetenz und Erfahrung erworben. Meine Themen sind die \"4L\": Lebensaufgabe, Lebensplanung, Lebensnavigation und Lebensqualit\u00e4t.","sameAs":["https:\/\/www.facebook.com\/dieter.jenz.inspiration","https:\/\/www.pinterest.de\/dieterjenz\/","https:\/\/x.com\/https:\/\/twitter.com\/dieterjenz"]}]}},"_links":{"self":[{"href":"https:\/\/dieter-jenz.de\/lc\/wp-json\/wp\/v2\/pages\/10058"}],"collection":[{"href":"https:\/\/dieter-jenz.de\/lc\/wp-json\/wp\/v2\/pages"}],"about":[{"href":"https:\/\/dieter-jenz.de\/lc\/wp-json\/wp\/v2\/types\/page"}],"author":[{"embeddable":true,"href":"https:\/\/dieter-jenz.de\/lc\/wp-json\/wp\/v2\/users\/2"}],"replies":[{"embeddable":true,"href":"https:\/\/dieter-jenz.de\/lc\/wp-json\/wp\/v2\/comments?post=10058"}],"version-history":[{"count":4,"href":"https:\/\/dieter-jenz.de\/lc\/wp-json\/wp\/v2\/pages\/10058\/revisions"}],"predecessor-version":[{"id":10830,"href":"https:\/\/dieter-jenz.de\/lc\/wp-json\/wp\/v2\/pages\/10058\/revisions\/10830"}],"wp:attachment":[{"href":"https:\/\/dieter-jenz.de\/lc\/wp-json\/wp\/v2\/media?parent=10058"}],"curies":[{"name":"wp","href":"https:\/\/api.w.org\/{rel}","templated":true}]}}