{"id":12439,"date":"2024-12-03T15:33:36","date_gmt":"2024-12-03T14:33:36","guid":{"rendered":"https:\/\/dieter-jenz.de\/lc\/?page_id=12439"},"modified":"2025-01-04T12:54:44","modified_gmt":"2025-01-04T11:54:44","slug":"zitate-hitliste-november-2024","status":"publish","type":"page","link":"https:\/\/dieter-jenz.de\/lc\/zitate-hitlisten\/zitate-hitliste-november-2024\/","title":{"rendered":"Zitate-Hitliste November 2024"},"content":{"rendered":"\n<h3 class=\"wp-block-heading\" id=\"zitate-hitliste-februar-2022\">Zitate-Hitliste November 2024<\/h3>\n\n\n\n<figure class=\"wp-block-table is-style-stripes\"><table><thead><tr><th class=\"has-text-align-right\" data-align=\"right\">Rang<\/th><th class=\"has-text-align-left\" data-align=\"left\">Zitat<\/th><th class=\"has-text-align-right\" data-align=\"right\">10\/24<\/th><\/tr><\/thead><tbody><tr><td class=\"has-text-align-right\" data-align=\"right\">1<\/td><td class=\"has-text-align-left\" data-align=\"left\">\u201e<a href=\"https:\/\/dieter-jenz.de\/lc\/zwischen-reiz-und-reaktion-liegt-ein-raum-frankl\/\">Zwischen Reiz und Reaktion liegt ein Raum. In diesem Raum liegt unsere Macht zur Wahl unserer Reaktion. In unserer Reaktion liegen unsere Entwicklung und unsere Freiheit.<\/a>\u201c Viktor Frankl<\/td><td class=\"has-text-align-right\" data-align=\"right\">1<\/td><\/tr><tr><td class=\"has-text-align-right\" data-align=\"right\">2<\/td><td class=\"has-text-align-left\" data-align=\"left\">\u201e<a href=\"https:\/\/dieter-jenz.de\/lc\/verstehen-kann-man-das-leben-oft-nur-rueckwaerts-doch-leben-muss-man-kierkegaard\/\">Verstehen kann man das Leben oft nur r\u00fcckw\u00e4rts, doch leben muss man es vorw\u00e4rts.<\/a>\u201c S\u00f8ren Kierkegaard<\/td><td class=\"has-text-align-right\" data-align=\"right\">2<\/td><\/tr><tr><td class=\"has-text-align-right\" data-align=\"right\">3<\/td><td class=\"has-text-align-left\" data-align=\"left\">\u201e<a href=\"https:\/\/dieter-jenz.de\/lc\/das-vergleichen-ist-das-ende-des-gluecks-kierkegaard\/\">Das Vergleichen ist das Ende des Gl\u00fccks und der Anfang der Unzufriedenheit.<\/a>\u201c S\u00f8ren Kierkegaard<\/td><td class=\"has-text-align-right\" data-align=\"right\">3<\/td><\/tr><tr><td class=\"has-text-align-right\" data-align=\"right\">4<\/td><td class=\"has-text-align-left\" data-align=\"left\">\u201e<a href=\"https:\/\/dieter-jenz.de\/lc\/hoffnung-ist-nicht-die-ueberzeugung-havel\/\">Hoffnung ist nicht die \u00dcberzeugung, dass etwas gut ausgeht, sondern die Gewissheit, dass etwas Sinn macht, egal wie es ausgeht.<\/a>\u201c V\u00e1clav Havel<\/td><td class=\"has-text-align-right\" data-align=\"right\">6<\/td><\/tr><tr><td class=\"has-text-align-right\" data-align=\"right\">5<\/td><td class=\"has-text-align-left\" data-align=\"left\">\u201e<a href=\"https:\/\/dieter-jenz.de\/lc\/das-glueck-ist-das-einzige-das-sich-verdoppelt-schweitzer\/\">Das Gl\u00fcck ist das einzige, das sich verdoppelt, wenn man es teilt.<\/a>\u201c Albert Schweitzer<\/td><td class=\"has-text-align-right\" data-align=\"right\">4<\/td><\/tr><tr><td class=\"has-text-align-right\" data-align=\"right\">6<\/td><td class=\"has-text-align-left\" data-align=\"left\">\u201e<a href=\"https:\/\/dieter-jenz.de\/lc\/das-einzig-wichtige-im-leben-schweitzer\/\">Das einzig Wichtige im Leben sind die Spuren der Liebe, die wir hinterlassen, wenn wir gehen.<\/a>\u201c Albert Schweitzer<\/td><td class=\"has-text-align-right\" data-align=\"right\">6<\/td><\/tr><tr><td class=\"has-text-align-right\" data-align=\"right\">7<\/td><td class=\"has-text-align-left\" data-align=\"left\">\u201e<a href=\"https:\/\/dieter-jenz.de\/lc\/was-immer-du-tun-kannst-goethe\/\">Was immer du tun kannst oder tr\u00e4umst, es zu k\u00f6nnen, fang damit an! Mut hat Genie, Kraft und Zauber in sich.<\/a>\u201c Johann Wolfgang von Goethe<\/td><td class=\"has-text-align-right\" data-align=\"right\">9<\/td><\/tr><tr><td class=\"has-text-align-right\" data-align=\"right\">8<\/td><td class=\"has-text-align-left\" data-align=\"left\">\u201e<a href=\"https:\/\/dieter-jenz.de\/lc\/das-schoenste-denkmal-das-ein-mensch-schweitzer\/\">Das sch\u00f6nste Denkmal, das ein Mensch bekommen kann, steht in den Herzen der Mitmenschen.<\/a>\u201c Albert Schweitzer<\/td><td class=\"has-text-align-right\" data-align=\"right\">7<\/td><\/tr><tr><td class=\"has-text-align-right\" data-align=\"right\">9<\/td><td class=\"has-text-align-left\" data-align=\"left\">\u201e<a href=\"https:\/\/dieter-jenz.de\/lc\/die-einzige-person-der-nicht-geholfen-werden-kann-rogers\/\">Die einzige Person, der nicht geholfen werden kann, ist diejenige, die anderen die Schuld gibt.<\/a>\u201c Carl Rogers<\/td><td class=\"has-text-align-right\" data-align=\"right\">5<\/td><\/tr><tr><td class=\"has-text-align-right\" data-align=\"right\">10<\/td><td class=\"has-text-align-left\" data-align=\"left\">\u201e<a href=\"https:\/\/dieter-jenz.de\/lc\/wenn-der-wind-der-veraenderung-weht\/\">Wenn der Wind der Ver\u00e4nderung weht, bauen die einen Mauern, die anderen Windm\u00fchlen.<\/a>\u201c Sprichwort aus China<\/td><td class=\"has-text-align-right\" data-align=\"right\">11<\/td><\/tr><tr><td class=\"has-text-align-right\" data-align=\"right\">11<\/td><td class=\"has-text-align-left\" data-align=\"left\">\u201e<a href=\"https:\/\/dieter-jenz.de\/lc\/depression-ist-die-belohnung-fuers-bravsein-rosenberg\/\">Depression ist die Belohnung f\u00fcrs Bravsein.<\/a>\u201c Marshall B. Rosenberg<\/td><td class=\"has-text-align-right\" data-align=\"right\">8<\/td><\/tr><tr><td class=\"has-text-align-right\" data-align=\"right\">12<\/td><td class=\"has-text-align-left\" data-align=\"left\">\u201e<a href=\"https:\/\/dieter-jenz.de\/lc\/die-wichtigste-stunde-ist-immer-die-gegenwart-eckhart\/\">Die wichtigste Stunde ist immer die Gegenwart, der bedeutendste Mensch immer der, der dir gerade gegen\u00fcbersteht, und das notwendigste Werk ist immer die Liebe.<\/a>\u201c Meister Eckhart<\/td><td class=\"has-text-align-right\" data-align=\"right\">10<\/td><\/tr><tr><td class=\"has-text-align-right\" data-align=\"right\">13<\/td><td class=\"has-text-align-left\" data-align=\"left\">\u201e<a href=\"https:\/\/dieter-jenz.de\/lc\/krise-kann-ein-produktiver-zustand-sein-man-muss-ihr-frisch\/\">Krise kann ein produktiver Zustand sein. Man muss ihr nur den Beigeschmack der Katastrophe nehmen.<\/a>\u201c Max Frisch<\/td><td class=\"has-text-align-right\" data-align=\"right\">18<\/td><\/tr><tr><td class=\"has-text-align-right\" data-align=\"right\">14<\/td><td class=\"has-text-align-left\" data-align=\"left\">\u201e<a href=\"https:\/\/dieter-jenz.de\/lc\/dankbarkeit-beinhaltet-demut-eine-erkenntnis-dass-wir-emmons\/\">Dankbarkeit beinhaltet Demut \u2013 eine Erkenntnis, dass wir ohne die Unterst\u00fctzung anderer nicht sein k\u00f6nnten, was wir sind oder wo wir im Leben stehen.<\/a>\u201c Robert Emmons<\/td><td class=\"has-text-align-right\" data-align=\"right\">20<\/td><\/tr><tr><td class=\"has-text-align-right\" data-align=\"right\">15<\/td><td class=\"has-text-align-left\" data-align=\"left\">\u201e<a href=\"https:\/\/dieter-jenz.de\/lc\/einsamkeit-kommt-nicht-davon-keine-menschen-jung\/\">Einsamkeit kommt nicht davon, keine Menschen um sich herum zu haben, sondern davon, unf\u00e4hig zu sein, die Dinge zu \u00e4u\u00dfern, die einem wichtig sind oder seine eigenen Standpunkte zu vertreten, die andere als unzul\u00e4ssig finden.<\/a>\u201c Carl Gustav Jung<\/td><td class=\"has-text-align-right\" data-align=\"right\">15<\/td><\/tr><tr><td class=\"has-text-align-right\" data-align=\"right\">16<\/td><td class=\"has-text-align-left\" data-align=\"left\">\u201e<a href=\"https:\/\/dieter-jenz.de\/lc\/der-moderne-mensch-wird-in-einem-taetigkeitstaumel-schweitzer\/\">Der moderne Mensch wird in einem T\u00e4tigkeitstaumel gehalten, damit er nicht zum Nachdenken \u00fcber den Sinn seines Lebens und der Welt kommt.<\/a>\u201c Albert Schweitzer<\/td><td class=\"has-text-align-right\" data-align=\"right\">12<\/td><\/tr><tr><td class=\"has-text-align-right\" data-align=\"right\">17<\/td><td class=\"has-text-align-left\" data-align=\"left\">\u201e<a href=\"https:\/\/dieter-jenz.de\/lc\/fuerchte-dich-nicht-vor-der-veraenderung-eher-vor-dem-stillstand-laotse\/\">F\u00fcrchte dich nicht vor der Ver\u00e4nderung, eher vor dem Stillstand.<\/a>\u201c Laotse<\/td><td class=\"has-text-align-right\" data-align=\"right\">&#8211;<\/td><\/tr><tr><td class=\"has-text-align-right\" data-align=\"right\">18<\/td><td class=\"has-text-align-left\" data-align=\"left\">\u201e<a href=\"https:\/\/dieter-jenz.de\/lc\/du-selbst-zu-sein-emerson\/\">Du selbst zu sein, in einer Welt die dich st\u00e4ndig anders haben will, ist die gr\u00f6\u00dfte Errungenschaft.<\/a>\u201c Ralph Waldo Emerson<\/td><td class=\"has-text-align-right\" data-align=\"right\">14<\/td><\/tr><tr><td class=\"has-text-align-right\" data-align=\"right\">19<\/td><td class=\"has-text-align-left\" data-align=\"left\">\u201e<a href=\"https:\/\/dieter-jenz.de\/lc\/die-liebe-will-nichts-von-dem-anderen-bonhoeffer\/\">Die Liebe will nichts von dem anderen, sie will alles f\u00fcr den anderen.<\/a>\u201c Dietrich Bonhoeffer<\/td><td class=\"has-text-align-right\" data-align=\"right\">19<\/td><\/tr><tr><td class=\"has-text-align-right\" data-align=\"right\">20<\/td><td class=\"has-text-align-left\" data-align=\"left\">\u201e<a href=\"https:\/\/dieter-jenz.de\/lc\/ich-bin-nicht-das-was-mir-passiert-ist-jung\/\">Ich bin nicht das, was mir passiert ist, ich bin, was ich beschlie\u00dfe zu werden.<\/a>\u201c Carl Gustav Jung<\/td><td class=\"has-text-align-right\" data-align=\"right\">&#8211;<\/td><\/tr><tr><td class=\"has-text-align-right\" data-align=\"right\">20<\/td><td class=\"has-text-align-left\" data-align=\"left\">\u201e<a href=\"https:\/\/dieter-jenz.de\/lc\/eine-depression-ist-wie-eine-frau-in-schwarz-jung\/\">Eine Depression ist wie eine Frau in schwarz. Wenn sie auftaucht, scheuche sie nicht fort. Lade sie ein, biete ihr einen Sitzplatz an, behandle sie wie einen Gast und h\u00f6re zu, was sie sagen m\u00f6chte.<\/a>\u201c Carl Gustav Jung<\/td><td class=\"has-text-align-right\" data-align=\"right\">17<\/td><\/tr><\/tbody><\/table><figcaption class=\"wp-element-caption\">Zitate-Hitliste November 2024<\/figcaption><\/figure>\n\n\n\n<div class=\"wp-block-buttons is-layout-flex wp-block-buttons-is-layout-flex\">\n<div class=\"wp-block-button\"><a class=\"wp-block-button__link wp-element-button\" href=\"https:\/\/dieter-jenz.de\/lc\/zitate-hitlisten\/zitate-hitliste-oktober-2024\/\">Hitliste Oktober 2024<\/a><\/div>\n\n\n\n<div class=\"wp-block-button\"><a class=\"wp-block-button__link wp-element-button\" href=\"https:\/\/dieter-jenz.de\/lc\/zitate-hitlisten\/zitate-hitliste-dezember-2024\/\">Hitliste Dezember 2024<\/a><\/div>\n<\/div>\n","protected":false},"excerpt":{"rendered":"<p>Zitate-Hitliste November 2024 Rang Zitat 10\/24 1 \u201eZwischen Reiz und Reaktion liegt ein Raum. In diesem Raum liegt unsere Macht zur Wahl unserer Reaktion. In unserer Reaktion liegen&hellip;<\/p>\n","protected":false},"author":2,"featured_media":4162,"parent":3979,"menu_order":53,"comment_status":"closed","ping_status":"closed","template":"template-full-width-only-content.php","meta":{"footnotes":""},"yoast_head":"<!-- This site is optimized with the Yoast SEO plugin v24.5 - https:\/\/yoast.com\/wordpress\/plugins\/seo\/ -->\n<title>Zitate-Hitliste November 2024<\/title>\n<meta name=\"description\" content=\"Zitate-Hitliste - die beliebtesten Zitate im November 2024. Ermutigende, inspirierende, motivierende und zum Nachdenken anregende Zitate.\" \/>\n<meta name=\"robots\" content=\"index, follow, max-snippet:-1, max-image-preview:large, max-video-preview:-1\" \/>\n<link rel=\"canonical\" href=\"https:\/\/dieter-jenz.de\/lc\/zitate-hitlisten\/zitate-hitliste-november-2024\/\" \/>\n<meta property=\"og:locale\" content=\"de_DE\" \/>\n<meta property=\"og:type\" content=\"article\" \/>\n<meta property=\"og:title\" content=\"Zitate-Hitliste November 2024\" \/>\n<meta property=\"og:description\" content=\"Zitate-Hitliste - die beliebtesten Zitate im November 2024. Ermutigende, inspirierende, motivierende und zum Nachdenken anregende Zitate.\" \/>\n<meta property=\"og:url\" content=\"https:\/\/dieter-jenz.de\/lc\/zitate-hitlisten\/zitate-hitliste-november-2024\/\" \/>\n<meta property=\"og:site_name\" content=\"Dieter Jenz, Begleitung und Coaching\" \/>\n<meta property=\"article:publisher\" content=\"https:\/\/www.facebook.com\/dieter.jenz.inspiration\" \/>\n<meta property=\"article:modified_time\" content=\"2025-01-04T11:54:44+00:00\" \/>\n<meta property=\"og:image\" content=\"https:\/\/dieter-jenz.de\/lc\/wp-content\/uploads\/2020\/08\/Beitragsbild-Hitliste.jpeg\" \/>\n\t<meta property=\"og:image:width\" content=\"500\" \/>\n\t<meta property=\"og:image:height\" content=\"500\" \/>\n\t<meta property=\"og:image:type\" content=\"image\/jpeg\" \/>\n<meta name=\"twitter:card\" content=\"summary_large_image\" \/>\n<meta name=\"twitter:site\" content=\"@dieterjenz\" \/>\n<meta name=\"twitter:label1\" content=\"Gesch\u00e4tzte Lesezeit\" \/>\n\t<meta name=\"twitter:data1\" content=\"3\u00a0Minuten\" \/>\n<script type=\"application\/ld+json\" class=\"yoast-schema-graph\">{\"@context\":\"https:\/\/schema.org\",\"@graph\":[{\"@type\":\"WebPage\",\"@id\":\"https:\/\/dieter-jenz.de\/lc\/zitate-hitlisten\/zitate-hitliste-november-2024\/\",\"url\":\"https:\/\/dieter-jenz.de\/lc\/zitate-hitlisten\/zitate-hitliste-november-2024\/\",\"name\":\"Zitate-Hitliste November 2024\",\"isPartOf\":{\"@id\":\"https:\/\/dieter-jenz.de\/lc\/#website\"},\"primaryImageOfPage\":{\"@id\":\"https:\/\/dieter-jenz.de\/lc\/zitate-hitlisten\/zitate-hitliste-november-2024\/#primaryimage\"},\"image\":{\"@id\":\"https:\/\/dieter-jenz.de\/lc\/zitate-hitlisten\/zitate-hitliste-november-2024\/#primaryimage\"},\"thumbnailUrl\":\"https:\/\/dieter-jenz.de\/lc\/wp-content\/uploads\/2020\/08\/Beitragsbild-Hitliste.jpeg\",\"datePublished\":\"2024-12-03T14:33:36+00:00\",\"dateModified\":\"2025-01-04T11:54:44+00:00\",\"description\":\"Zitate-Hitliste - die beliebtesten Zitate im November 2024. Ermutigende, inspirierende, motivierende und zum Nachdenken anregende Zitate.\",\"breadcrumb\":{\"@id\":\"https:\/\/dieter-jenz.de\/lc\/zitate-hitlisten\/zitate-hitliste-november-2024\/#breadcrumb\"},\"inLanguage\":\"de\",\"potentialAction\":[{\"@type\":\"ReadAction\",\"target\":[\"https:\/\/dieter-jenz.de\/lc\/zitate-hitlisten\/zitate-hitliste-november-2024\/\"]}]},{\"@type\":\"ImageObject\",\"inLanguage\":\"de\",\"@id\":\"https:\/\/dieter-jenz.de\/lc\/zitate-hitlisten\/zitate-hitliste-november-2024\/#primaryimage\",\"url\":\"https:\/\/dieter-jenz.de\/lc\/wp-content\/uploads\/2020\/08\/Beitragsbild-Hitliste.jpeg\",\"contentUrl\":\"https:\/\/dieter-jenz.de\/lc\/wp-content\/uploads\/2020\/08\/Beitragsbild-Hitliste.jpeg\",\"width\":500,\"height\":500,\"caption\":\"Hitliste - Gestaltung: privat\"},{\"@type\":\"BreadcrumbList\",\"@id\":\"https:\/\/dieter-jenz.de\/lc\/zitate-hitlisten\/zitate-hitliste-november-2024\/#breadcrumb\",\"itemListElement\":[{\"@type\":\"ListItem\",\"position\":1,\"name\":\"Home\",\"item\":\"https:\/\/dieter-jenz.de\/lc\/\"},{\"@type\":\"ListItem\",\"position\":2,\"name\":\"Zitate-Hitlisten &#8211; Beliebte Zitate: inspirierend, motivierend, Mut machend\",\"item\":\"https:\/\/dieter-jenz.de\/lc\/zitate-hitlisten\/\"},{\"@type\":\"ListItem\",\"position\":3,\"name\":\"Zitate-Hitliste November 2024\"}]},{\"@type\":\"WebSite\",\"@id\":\"https:\/\/dieter-jenz.de\/lc\/#website\",\"url\":\"https:\/\/dieter-jenz.de\/lc\/\",\"name\":\"Dieter Jenz, Begleitung und Coaching\",\"description\":\"Die andere, neue Sichtweise entdecken - auftanken - neue Wege gehen\",\"publisher\":{\"@id\":\"https:\/\/dieter-jenz.de\/lc\/#\/schema\/person\/618cfd5c289d0a23930cb258a43679ab\"},\"potentialAction\":[{\"@type\":\"SearchAction\",\"target\":{\"@type\":\"EntryPoint\",\"urlTemplate\":\"https:\/\/dieter-jenz.de\/lc\/?s={search_term_string}\"},\"query-input\":{\"@type\":\"PropertyValueSpecification\",\"valueRequired\":true,\"valueName\":\"search_term_string\"}}],\"inLanguage\":\"de\"},{\"@type\":[\"Person\",\"Organization\"],\"@id\":\"https:\/\/dieter-jenz.de\/lc\/#\/schema\/person\/618cfd5c289d0a23930cb258a43679ab\",\"name\":\"Dieter Jenz\",\"image\":{\"@type\":\"ImageObject\",\"inLanguage\":\"de\",\"@id\":\"https:\/\/dieter-jenz.de\/lc\/#\/schema\/person\/image\/\",\"url\":\"https:\/\/dieter-jenz.de\/lc\/wp-content\/uploads\/2020\/01\/Logo-Coaching-und-Begleitung.png\",\"contentUrl\":\"https:\/\/dieter-jenz.de\/lc\/wp-content\/uploads\/2020\/01\/Logo-Coaching-und-Begleitung.png\",\"width\":320,\"height\":240,\"caption\":\"Dieter Jenz\"},\"logo\":{\"@id\":\"https:\/\/dieter-jenz.de\/lc\/#\/schema\/person\/image\/\"},\"description\":\"Ich bin Dieter Jenz, Begleiter, Berater und Coach mit Leidenschaft. \u00dcber viele Jahre hinweg habe ich einen reichen Schatz an Kompetenz und Erfahrung erworben. Meine Themen sind die \\\"4L\\\": Lebensaufgabe, Lebensplanung, Lebensnavigation und Lebensqualit\u00e4t.\",\"sameAs\":[\"https:\/\/www.facebook.com\/dieter.jenz.inspiration\",\"https:\/\/www.pinterest.de\/dieterjenz\/\",\"https:\/\/x.com\/https:\/\/twitter.com\/dieterjenz\"]}]}<\/script>\n<!-- \/ Yoast SEO plugin. -->","yoast_head_json":{"title":"Zitate-Hitliste November 2024","description":"Zitate-Hitliste - die beliebtesten Zitate im November 2024. Ermutigende, inspirierende, motivierende und zum Nachdenken anregende Zitate.","robots":{"index":"index","follow":"follow","max-snippet":"max-snippet:-1","max-image-preview":"max-image-preview:large","max-video-preview":"max-video-preview:-1"},"canonical":"https:\/\/dieter-jenz.de\/lc\/zitate-hitlisten\/zitate-hitliste-november-2024\/","og_locale":"de_DE","og_type":"article","og_title":"Zitate-Hitliste November 2024","og_description":"Zitate-Hitliste - die beliebtesten Zitate im November 2024. Ermutigende, inspirierende, motivierende und zum Nachdenken anregende Zitate.","og_url":"https:\/\/dieter-jenz.de\/lc\/zitate-hitlisten\/zitate-hitliste-november-2024\/","og_site_name":"Dieter Jenz, Begleitung und Coaching","article_publisher":"https:\/\/www.facebook.com\/dieter.jenz.inspiration","article_modified_time":"2025-01-04T11:54:44+00:00","og_image":[{"width":500,"height":500,"url":"https:\/\/dieter-jenz.de\/lc\/wp-content\/uploads\/2020\/08\/Beitragsbild-Hitliste.jpeg","type":"image\/jpeg"}],"twitter_card":"summary_large_image","twitter_site":"@dieterjenz","twitter_misc":{"Gesch\u00e4tzte Lesezeit":"3\u00a0Minuten"},"schema":{"@context":"https:\/\/schema.org","@graph":[{"@type":"WebPage","@id":"https:\/\/dieter-jenz.de\/lc\/zitate-hitlisten\/zitate-hitliste-november-2024\/","url":"https:\/\/dieter-jenz.de\/lc\/zitate-hitlisten\/zitate-hitliste-november-2024\/","name":"Zitate-Hitliste November 2024","isPartOf":{"@id":"https:\/\/dieter-jenz.de\/lc\/#website"},"primaryImageOfPage":{"@id":"https:\/\/dieter-jenz.de\/lc\/zitate-hitlisten\/zitate-hitliste-november-2024\/#primaryimage"},"image":{"@id":"https:\/\/dieter-jenz.de\/lc\/zitate-hitlisten\/zitate-hitliste-november-2024\/#primaryimage"},"thumbnailUrl":"https:\/\/dieter-jenz.de\/lc\/wp-content\/uploads\/2020\/08\/Beitragsbild-Hitliste.jpeg","datePublished":"2024-12-03T14:33:36+00:00","dateModified":"2025-01-04T11:54:44+00:00","description":"Zitate-Hitliste - die beliebtesten Zitate im November 2024. Ermutigende, inspirierende, motivierende und zum Nachdenken anregende Zitate.","breadcrumb":{"@id":"https:\/\/dieter-jenz.de\/lc\/zitate-hitlisten\/zitate-hitliste-november-2024\/#breadcrumb"},"inLanguage":"de","potentialAction":[{"@type":"ReadAction","target":["https:\/\/dieter-jenz.de\/lc\/zitate-hitlisten\/zitate-hitliste-november-2024\/"]}]},{"@type":"ImageObject","inLanguage":"de","@id":"https:\/\/dieter-jenz.de\/lc\/zitate-hitlisten\/zitate-hitliste-november-2024\/#primaryimage","url":"https:\/\/dieter-jenz.de\/lc\/wp-content\/uploads\/2020\/08\/Beitragsbild-Hitliste.jpeg","contentUrl":"https:\/\/dieter-jenz.de\/lc\/wp-content\/uploads\/2020\/08\/Beitragsbild-Hitliste.jpeg","width":500,"height":500,"caption":"Hitliste - Gestaltung: privat"},{"@type":"BreadcrumbList","@id":"https:\/\/dieter-jenz.de\/lc\/zitate-hitlisten\/zitate-hitliste-november-2024\/#breadcrumb","itemListElement":[{"@type":"ListItem","position":1,"name":"Home","item":"https:\/\/dieter-jenz.de\/lc\/"},{"@type":"ListItem","position":2,"name":"Zitate-Hitlisten &#8211; Beliebte Zitate: inspirierend, motivierend, Mut machend","item":"https:\/\/dieter-jenz.de\/lc\/zitate-hitlisten\/"},{"@type":"ListItem","position":3,"name":"Zitate-Hitliste November 2024"}]},{"@type":"WebSite","@id":"https:\/\/dieter-jenz.de\/lc\/#website","url":"https:\/\/dieter-jenz.de\/lc\/","name":"Dieter Jenz, Begleitung und Coaching","description":"Die andere, neue Sichtweise entdecken - auftanken - neue Wege gehen","publisher":{"@id":"https:\/\/dieter-jenz.de\/lc\/#\/schema\/person\/618cfd5c289d0a23930cb258a43679ab"},"potentialAction":[{"@type":"SearchAction","target":{"@type":"EntryPoint","urlTemplate":"https:\/\/dieter-jenz.de\/lc\/?s={search_term_string}"},"query-input":{"@type":"PropertyValueSpecification","valueRequired":true,"valueName":"search_term_string"}}],"inLanguage":"de"},{"@type":["Person","Organization"],"@id":"https:\/\/dieter-jenz.de\/lc\/#\/schema\/person\/618cfd5c289d0a23930cb258a43679ab","name":"Dieter Jenz","image":{"@type":"ImageObject","inLanguage":"de","@id":"https:\/\/dieter-jenz.de\/lc\/#\/schema\/person\/image\/","url":"https:\/\/dieter-jenz.de\/lc\/wp-content\/uploads\/2020\/01\/Logo-Coaching-und-Begleitung.png","contentUrl":"https:\/\/dieter-jenz.de\/lc\/wp-content\/uploads\/2020\/01\/Logo-Coaching-und-Begleitung.png","width":320,"height":240,"caption":"Dieter Jenz"},"logo":{"@id":"https:\/\/dieter-jenz.de\/lc\/#\/schema\/person\/image\/"},"description":"Ich bin Dieter Jenz, Begleiter, Berater und Coach mit Leidenschaft. \u00dcber viele Jahre hinweg habe ich einen reichen Schatz an Kompetenz und Erfahrung erworben. Meine Themen sind die \"4L\": Lebensaufgabe, Lebensplanung, Lebensnavigation und Lebensqualit\u00e4t.","sameAs":["https:\/\/www.facebook.com\/dieter.jenz.inspiration","https:\/\/www.pinterest.de\/dieterjenz\/","https:\/\/x.com\/https:\/\/twitter.com\/dieterjenz"]}]}},"_links":{"self":[{"href":"https:\/\/dieter-jenz.de\/lc\/wp-json\/wp\/v2\/pages\/12439"}],"collection":[{"href":"https:\/\/dieter-jenz.de\/lc\/wp-json\/wp\/v2\/pages"}],"about":[{"href":"https:\/\/dieter-jenz.de\/lc\/wp-json\/wp\/v2\/types\/page"}],"author":[{"embeddable":true,"href":"https:\/\/dieter-jenz.de\/lc\/wp-json\/wp\/v2\/users\/2"}],"replies":[{"embeddable":true,"href":"https:\/\/dieter-jenz.de\/lc\/wp-json\/wp\/v2\/comments?post=12439"}],"version-history":[{"count":7,"href":"https:\/\/dieter-jenz.de\/lc\/wp-json\/wp\/v2\/pages\/12439\/revisions"}],"predecessor-version":[{"id":12556,"href":"https:\/\/dieter-jenz.de\/lc\/wp-json\/wp\/v2\/pages\/12439\/revisions\/12556"}],"up":[{"embeddable":true,"href":"https:\/\/dieter-jenz.de\/lc\/wp-json\/wp\/v2\/pages\/3979"}],"wp:featuredmedia":[{"embeddable":true,"href":"https:\/\/dieter-jenz.de\/lc\/wp-json\/wp\/v2\/media\/4162"}],"wp:attachment":[{"href":"https:\/\/dieter-jenz.de\/lc\/wp-json\/wp\/v2\/media?parent=12439"}],"curies":[{"name":"wp","href":"https:\/\/api.w.org\/{rel}","templated":true}]}}