{"id":12660,"date":"2025-02-03T11:01:07","date_gmt":"2025-02-03T10:01:07","guid":{"rendered":"https:\/\/dieter-jenz.de\/lc\/?page_id=12660"},"modified":"2025-03-03T15:52:26","modified_gmt":"2025-03-03T14:52:26","slug":"zitate-hitliste-januar-2025","status":"publish","type":"page","link":"https:\/\/dieter-jenz.de\/lc\/zitate-hitlisten\/zitate-hitliste-januar-2025\/","title":{"rendered":"Zitate-Hitliste Januar 2025"},"content":{"rendered":"\n<h3 class=\"wp-block-heading\" id=\"zitate-hitliste-februar-2022\">Zitate-Hitliste Januar 2025<\/h3>\n\n\n\n<figure class=\"wp-block-table is-style-stripes\"><table><thead><tr><th class=\"has-text-align-right\" data-align=\"right\">Rang<\/th><th class=\"has-text-align-left\" data-align=\"left\">Zitat<\/th><th class=\"has-text-align-right\" data-align=\"right\">12\/24<\/th><\/tr><\/thead><tbody><tr><td class=\"has-text-align-right\" data-align=\"right\">1<\/td><td class=\"has-text-align-left\" data-align=\"left\">\u201e<a href=\"https:\/\/dieter-jenz.de\/lc\/zwischen-reiz-und-reaktion-liegt-ein-raum-frankl\/\">Zwischen Reiz und Reaktion liegt ein Raum. In diesem Raum liegt unsere Macht zur Wahl unserer Reaktion. In unserer Reaktion liegen unsere Entwicklung und unsere Freiheit.<\/a>\u201c Viktor Frankl<\/td><td class=\"has-text-align-right\" data-align=\"right\">2<\/td><\/tr><tr><td class=\"has-text-align-right\" data-align=\"right\">2<\/td><td class=\"has-text-align-left\" data-align=\"left\">\u201e<a href=\"https:\/\/dieter-jenz.de\/lc\/verstehen-kann-man-das-leben-oft-nur-rueckwaerts-doch-leben-muss-man-kierkegaard\/\">Verstehen kann man das Leben oft nur r\u00fcckw\u00e4rts, doch leben muss man es vorw\u00e4rts.<\/a>\u201c S\u00f8ren Kierkegaard<\/td><td class=\"has-text-align-right\" data-align=\"right\">1<\/td><\/tr><tr><td class=\"has-text-align-right\" data-align=\"right\">3<\/td><td class=\"has-text-align-left\" data-align=\"left\">\u201e<a href=\"https:\/\/dieter-jenz.de\/lc\/das-vergleichen-ist-das-ende-des-gluecks-kierkegaard\/\">Das Vergleichen ist das Ende des Gl\u00fccks und der Anfang der Unzufriedenheit.<\/a>\u201c S\u00f8ren Kierkegaard<\/td><td class=\"has-text-align-right\" data-align=\"right\">3<\/td><\/tr><tr><td class=\"has-text-align-right\" data-align=\"right\">4<\/td><td class=\"has-text-align-left\" data-align=\"left\">\u201e<a href=\"https:\/\/dieter-jenz.de\/lc\/ein-tropfen-liebe-ist-mehr-pascal\/\">Ein Tropfen Liebe ist mehr als ein Ozean Verstand.<\/a>\u201c Blaise Pascal<\/td><td class=\"has-text-align-right\" data-align=\"right\">16<\/td><\/tr><tr><td class=\"has-text-align-right\" data-align=\"right\">5<\/td><td class=\"has-text-align-left\" data-align=\"left\">\u201e<a href=\"https:\/\/dieter-jenz.de\/lc\/was-immer-du-tun-kannst-goethe\/\">Was immer du tun kannst oder tr\u00e4umst, es zu k\u00f6nnen, fang damit an! Mut hat Genie, Kraft und Zauber in sich.<\/a>\u201c Johann Wolfgang von Goethe<\/td><td class=\"has-text-align-right\" data-align=\"right\">4<\/td><\/tr><tr><td class=\"has-text-align-right\" data-align=\"right\">6<\/td><td class=\"has-text-align-left\" data-align=\"left\">\u201e<a href=\"https:\/\/dieter-jenz.de\/lc\/hoffnung-ist-nicht-die-ueberzeugung-havel\/\">Hoffnung ist nicht die \u00dcberzeugung, dass etwas gut ausgeht, sondern die Gewissheit, dass etwas Sinn macht, egal wie es ausgeht.<\/a>\u201c V\u00e1clav Havel<\/td><td class=\"has-text-align-right\" data-align=\"right\">5<\/td><\/tr><tr><td class=\"has-text-align-right\" data-align=\"right\">7<\/td><td class=\"has-text-align-left\" data-align=\"left\">\u201e<a href=\"https:\/\/dieter-jenz.de\/lc\/das-glueck-ist-das-einzige-das-sich-verdoppelt-schweitzer\/\">Das Gl\u00fcck ist das einzige, das sich verdoppelt, wenn man es teilt.<\/a>\u201c Albert Schweitzer<\/td><td class=\"has-text-align-right\" data-align=\"right\">4<\/td><\/tr><tr><td class=\"has-text-align-right\" data-align=\"right\">8<\/td><td class=\"has-text-align-left\" data-align=\"left\">\u201e<a href=\"https:\/\/dieter-jenz.de\/lc\/wenn-der-wind-der-veraenderung-weht\/\">Wenn der Wind der Ver\u00e4nderung weht, bauen die einen Mauern, die anderen Windm\u00fchlen.<\/a>\u201c Sprichwort aus China<\/td><td class=\"has-text-align-right\" data-align=\"right\">8<\/td><\/tr><tr><td class=\"has-text-align-right\" data-align=\"right\">8<\/td><td class=\"has-text-align-left\" data-align=\"left\">\u201e<a href=\"https:\/\/dieter-jenz.de\/lc\/das-schoenste-denkmal-das-ein-mensch-schweitzer\/\">Das sch\u00f6nste Denkmal, das ein Mensch bekommen kann, steht in den Herzen der Mitmenschen.<\/a>\u201c Albert Schweitzer<\/td><td class=\"has-text-align-right\" data-align=\"right\">7<\/td><\/tr><tr><td class=\"has-text-align-right\" data-align=\"right\">9<\/td><td class=\"has-text-align-left\" data-align=\"left\">\u201e<a href=\"https:\/\/dieter-jenz.de\/lc\/das-einzig-wichtige-im-leben-schweitzer\/\">Das einzig Wichtige im Leben sind die Spuren der Liebe, die wir hinterlassen, wenn wir gehen.<\/a>\u201c Albert Schweitzer<\/td><td class=\"has-text-align-right\" data-align=\"right\">6<\/td><\/tr><tr><td class=\"has-text-align-right\" data-align=\"right\">10<\/td><td class=\"has-text-align-left\" data-align=\"left\">\u201e<a href=\"https:\/\/dieter-jenz.de\/lc\/die-einzige-person-der-nicht-geholfen-werden-kann-rogers\/\">Die einzige Person, der nicht geholfen werden kann, ist diejenige, die anderen die Schuld gibt.<\/a>\u201c Carl Rogers<\/td><td class=\"has-text-align-right\" data-align=\"right\">6<\/td><\/tr><tr><td class=\"has-text-align-right\" data-align=\"right\">11<\/td><td class=\"has-text-align-left\" data-align=\"left\">\u201e<a href=\"https:\/\/dieter-jenz.de\/lc\/einsamkeit-kommt-nicht-davon-keine-menschen-jung\/\">Einsamkeit kommt nicht davon, keine Menschen um sich herum zu haben, sondern davon, unf\u00e4hig zu sein, die Dinge zu \u00e4u\u00dfern, die einem wichtig sind oder seine eigenen Standpunkte zu vertreten, die andere als unzul\u00e4ssig finden.<\/a>\u201c Carl Gustav Jung<\/td><td class=\"has-text-align-right\" data-align=\"right\">10<\/td><\/tr><tr><td class=\"has-text-align-right\" data-align=\"right\">12<\/td><td class=\"has-text-align-left\" data-align=\"left\">\u201e<a href=\"https:\/\/dieter-jenz.de\/lc\/der-moderne-mensch-wird-in-einem-taetigkeitstaumel-schweitzer\/\">Der moderne Mensch wird in einem T\u00e4tigkeitstaumel gehalten, damit er nicht zum Nachdenken \u00fcber den Sinn seines Lebens und der Welt kommt.<\/a>\u201c Albert Schweitzer<\/td><td class=\"has-text-align-right\" data-align=\"right\">12<\/td><\/tr><tr><td class=\"has-text-align-right\" data-align=\"right\">13<\/td><td class=\"has-text-align-left\" data-align=\"left\">\u201e<a href=\"https:\/\/dieter-jenz.de\/lc\/depression-ist-die-belohnung-fuers-bravsein-rosenberg\/\">Depression ist die Belohnung f\u00fcrs Bravsein.<\/a>\u201c Marshall B. Rosenberg<\/td><td class=\"has-text-align-right\" data-align=\"right\">11<\/td><\/tr><tr><td class=\"has-text-align-right\" data-align=\"right\">14<\/td><td class=\"has-text-align-left\" data-align=\"left\">\u201e<a href=\"https:\/\/dieter-jenz.de\/lc\/die-wichtigste-stunde-ist-immer-die-gegenwart-eckhart\/\">Die wichtigste Stunde ist immer die Gegenwart, der bedeutendste Mensch immer der, der dir gerade gegen\u00fcbersteht, und das notwendigste Werk ist immer die Liebe.<\/a>\u201c Meister Eckhart<\/td><td class=\"has-text-align-right\" data-align=\"right\">9<\/td><\/tr><tr><td class=\"has-text-align-right\" data-align=\"right\">15<\/td><td class=\"has-text-align-left\" data-align=\"left\">\u201e<a href=\"https:\/\/dieter-jenz.de\/lc\/dankbarkeit-beinhaltet-demut-eine-erkenntnis-dass-wir-emmons\/\">Dankbarkeit beinhaltet Demut \u2013 eine Erkenntnis, dass wir ohne die Unterst\u00fctzung anderer nicht sein k\u00f6nnten, was wir sind oder wo wir im Leben stehen.<\/a>\u201c Robert Emmons<\/td><td class=\"has-text-align-right\" data-align=\"right\">10<\/td><\/tr><tr><td class=\"has-text-align-right\" data-align=\"right\">16<\/td><td class=\"has-text-align-left\" data-align=\"left\">\u201e<a href=\"https:\/\/dieter-jenz.de\/lc\/ich-bin-nicht-das-was-mir-passiert-ist-jung\/\">Ich bin nicht das, was mir passiert ist, ich bin, was ich beschlie\u00dfe zu werden.<\/a>\u201c Carl Gustav Jung<\/td><td class=\"has-text-align-right\" data-align=\"right\">&#8211;<\/td><\/tr><tr><td class=\"has-text-align-right\" data-align=\"right\">16<\/td><td class=\"has-text-align-left\" data-align=\"left\">\u201e<a href=\"https:\/\/dieter-jenz.de\/lc\/krise-kann-ein-produktiver-zustand-sein-man-muss-ihr-frisch\/\">Krise kann ein produktiver Zustand sein. Man muss ihr nur den Beigeschmack der Katastrophe nehmen.<\/a>\u201c Max Frisch<\/td><td class=\"has-text-align-right\" data-align=\"right\">&#8211;<\/td><\/tr><tr><td class=\"has-text-align-right\" data-align=\"right\">17<\/td><td class=\"has-text-align-left\" data-align=\"left\">\u201e<a href=\"https:\/\/dieter-jenz.de\/lc\/wer-zu-sich-selbst-finden-will-darf-watzlawick\/\">Wer zu sich selbst finden will, darf andere nicht nach dem Weg fragen.<\/a>\u201c Paul Watzlawick<\/td><td class=\"has-text-align-right\" data-align=\"right\">13<\/td><\/tr><tr><td class=\"has-text-align-right\" data-align=\"right\">17<\/td><td class=\"has-text-align-left\" data-align=\"left\">\u201e<a href=\"https:\/\/dieter-jenz.de\/lc\/wenn-wir-die-menschen-nehmen-wie-sie-sind-goethe\/\">Wenn wir die Menschen nehmen, wie sie sind, so machen wir sie schlechter. Wenn wir sie behandeln, als w\u00e4ren sie, was sie sein sollten, so bringen wir sie dahin, wohin sie zu bringen sind.<\/a>\u201c Johann Wolfgang von Goethe<\/td><td class=\"has-text-align-right\" data-align=\"right\">15<\/td><\/tr><tr><td class=\"has-text-align-right\" data-align=\"right\">18<\/td><td class=\"has-text-align-left\" data-align=\"left\">\u201e<a href=\"https:\/\/dieter-jenz.de\/lc\/erfolg-ist-nicht-der-schluessel-zum-glueck-schweitzer\/\">Erfolg ist nicht der Schl\u00fcssel zum Gl\u00fcck. Gl\u00fcck ist der Schl\u00fcssel zum Erfolg. Wenn du liebst, was du tust, wirst du erfolgreich sein.<\/a>\u201c Albert Schweitzer<\/td><td class=\"has-text-align-right\" data-align=\"right\">&#8211;<\/td><\/tr><tr><td class=\"has-text-align-right\" data-align=\"right\">19<\/td><td class=\"has-text-align-left\" data-align=\"left\">\u201e<a href=\"https:\/\/dieter-jenz.de\/lc\/du-selbst-zu-sein-emerson\/\">Du selbst zu sein, in einer Welt die dich st\u00e4ndig anders haben will, ist die gr\u00f6\u00dfte Errungenschaft.<\/a>\u201c Ralph Waldo Emerson<\/td><td class=\"has-text-align-right\" data-align=\"right\">&#8211;<\/td><\/tr><tr><td class=\"has-text-align-right\" data-align=\"right\">20<\/td><td class=\"has-text-align-left\" data-align=\"left\">\u201e<a href=\"https:\/\/dieter-jenz.de\/lc\/das-glueck-der-menschen-liegt-nicht-in-geld-und-gut-sondern-es-liegt-kolping\/\">Das Gl\u00fcck der Menschen liegt nicht in Geld und Gut, sondern es liegt in einem Herzen, das eine wahrhafte Liebe und Zufriedenheit hat.<\/a>\u201c Adolph Kolping<\/td><td class=\"has-text-align-right\" data-align=\"right\">20<\/td><\/tr><\/tbody><\/table><figcaption class=\"wp-element-caption\">Zitate-Hitliste Januar 2025<\/figcaption><\/figure>\n\n\n\n<div class=\"wp-block-buttons is-layout-flex wp-block-buttons-is-layout-flex\">\n<div class=\"wp-block-button\"><a class=\"wp-block-button__link wp-element-button\" href=\"https:\/\/dieter-jenz.de\/lc\/zitate-hitlisten\/zitate-hitliste-dezember-2024\/\">Hitliste Dezember 2024<\/a><\/div>\n\n\n\n<div class=\"wp-block-button\"><a class=\"wp-block-button__link wp-element-button\" href=\"https:\/\/dieter-jenz.de\/lc\/zitate-hitlisten\/zitate-hitliste-februar-2025\/\">Hitliste Februar 2025<\/a><\/div>\n<\/div>\n","protected":false},"excerpt":{"rendered":"<p>Zitate-Hitliste Januar 2025 Rang Zitat 12\/24 1 \u201eZwischen Reiz und Reaktion liegt ein Raum. In diesem Raum liegt unsere Macht zur Wahl unserer Reaktion. In unserer Reaktion liegen&hellip;<\/p>\n","protected":false},"author":2,"featured_media":4162,"parent":3979,"menu_order":55,"comment_status":"closed","ping_status":"closed","template":"template-full-width-only-content.php","meta":{"footnotes":""},"yoast_head":"<!-- This site is optimized with the Yoast SEO plugin v24.5 - https:\/\/yoast.com\/wordpress\/plugins\/seo\/ -->\n<title>Zitate-Hitliste Januar 2025<\/title>\n<meta name=\"description\" content=\"Zitate-Hitliste - die beliebtesten Zitate im Januar 2025. Ermutigende, inspirierende, motivierende und zum Nachdenken anregende Zitate.\" \/>\n<meta name=\"robots\" content=\"index, follow, max-snippet:-1, max-image-preview:large, max-video-preview:-1\" \/>\n<link rel=\"canonical\" href=\"https:\/\/dieter-jenz.de\/lc\/zitate-hitlisten\/zitate-hitliste-januar-2025\/\" \/>\n<meta property=\"og:locale\" content=\"de_DE\" \/>\n<meta property=\"og:type\" content=\"article\" \/>\n<meta property=\"og:title\" content=\"Zitate-Hitliste Januar 2025\" \/>\n<meta property=\"og:description\" content=\"Zitate-Hitliste - die beliebtesten Zitate im Januar 2025. Ermutigende, inspirierende, motivierende und zum Nachdenken anregende Zitate.\" \/>\n<meta property=\"og:url\" content=\"https:\/\/dieter-jenz.de\/lc\/zitate-hitlisten\/zitate-hitliste-januar-2025\/\" \/>\n<meta property=\"og:site_name\" content=\"Dieter Jenz, Begleitung und Coaching\" \/>\n<meta property=\"article:publisher\" content=\"https:\/\/www.facebook.com\/dieter.jenz.inspiration\" \/>\n<meta property=\"article:modified_time\" content=\"2025-03-03T14:52:26+00:00\" \/>\n<meta property=\"og:image\" content=\"https:\/\/dieter-jenz.de\/lc\/wp-content\/uploads\/2020\/08\/Beitragsbild-Hitliste.jpeg\" \/>\n\t<meta property=\"og:image:width\" content=\"500\" \/>\n\t<meta property=\"og:image:height\" content=\"500\" \/>\n\t<meta property=\"og:image:type\" content=\"image\/jpeg\" \/>\n<meta name=\"twitter:card\" content=\"summary_large_image\" \/>\n<meta name=\"twitter:site\" content=\"@dieterjenz\" \/>\n<meta name=\"twitter:label1\" content=\"Gesch\u00e4tzte Lesezeit\" \/>\n\t<meta name=\"twitter:data1\" content=\"4\u00a0Minuten\" \/>\n<script type=\"application\/ld+json\" class=\"yoast-schema-graph\">{\"@context\":\"https:\/\/schema.org\",\"@graph\":[{\"@type\":\"WebPage\",\"@id\":\"https:\/\/dieter-jenz.de\/lc\/zitate-hitlisten\/zitate-hitliste-januar-2025\/\",\"url\":\"https:\/\/dieter-jenz.de\/lc\/zitate-hitlisten\/zitate-hitliste-januar-2025\/\",\"name\":\"Zitate-Hitliste Januar 2025\",\"isPartOf\":{\"@id\":\"https:\/\/dieter-jenz.de\/lc\/#website\"},\"primaryImageOfPage\":{\"@id\":\"https:\/\/dieter-jenz.de\/lc\/zitate-hitlisten\/zitate-hitliste-januar-2025\/#primaryimage\"},\"image\":{\"@id\":\"https:\/\/dieter-jenz.de\/lc\/zitate-hitlisten\/zitate-hitliste-januar-2025\/#primaryimage\"},\"thumbnailUrl\":\"https:\/\/dieter-jenz.de\/lc\/wp-content\/uploads\/2020\/08\/Beitragsbild-Hitliste.jpeg\",\"datePublished\":\"2025-02-03T10:01:07+00:00\",\"dateModified\":\"2025-03-03T14:52:26+00:00\",\"description\":\"Zitate-Hitliste - die beliebtesten Zitate im Januar 2025. Ermutigende, inspirierende, motivierende und zum Nachdenken anregende Zitate.\",\"breadcrumb\":{\"@id\":\"https:\/\/dieter-jenz.de\/lc\/zitate-hitlisten\/zitate-hitliste-januar-2025\/#breadcrumb\"},\"inLanguage\":\"de\",\"potentialAction\":[{\"@type\":\"ReadAction\",\"target\":[\"https:\/\/dieter-jenz.de\/lc\/zitate-hitlisten\/zitate-hitliste-januar-2025\/\"]}]},{\"@type\":\"ImageObject\",\"inLanguage\":\"de\",\"@id\":\"https:\/\/dieter-jenz.de\/lc\/zitate-hitlisten\/zitate-hitliste-januar-2025\/#primaryimage\",\"url\":\"https:\/\/dieter-jenz.de\/lc\/wp-content\/uploads\/2020\/08\/Beitragsbild-Hitliste.jpeg\",\"contentUrl\":\"https:\/\/dieter-jenz.de\/lc\/wp-content\/uploads\/2020\/08\/Beitragsbild-Hitliste.jpeg\",\"width\":500,\"height\":500,\"caption\":\"Hitliste - Gestaltung: privat\"},{\"@type\":\"BreadcrumbList\",\"@id\":\"https:\/\/dieter-jenz.de\/lc\/zitate-hitlisten\/zitate-hitliste-januar-2025\/#breadcrumb\",\"itemListElement\":[{\"@type\":\"ListItem\",\"position\":1,\"name\":\"Home\",\"item\":\"https:\/\/dieter-jenz.de\/lc\/\"},{\"@type\":\"ListItem\",\"position\":2,\"name\":\"Zitate-Hitlisten &#8211; Beliebte Zitate: inspirierend, motivierend, Mut machend\",\"item\":\"https:\/\/dieter-jenz.de\/lc\/zitate-hitlisten\/\"},{\"@type\":\"ListItem\",\"position\":3,\"name\":\"Zitate-Hitliste Januar 2025\"}]},{\"@type\":\"WebSite\",\"@id\":\"https:\/\/dieter-jenz.de\/lc\/#website\",\"url\":\"https:\/\/dieter-jenz.de\/lc\/\",\"name\":\"Dieter Jenz, Begleitung und Coaching\",\"description\":\"Die andere, neue Sichtweise entdecken - auftanken - neue Wege gehen\",\"publisher\":{\"@id\":\"https:\/\/dieter-jenz.de\/lc\/#\/schema\/person\/618cfd5c289d0a23930cb258a43679ab\"},\"potentialAction\":[{\"@type\":\"SearchAction\",\"target\":{\"@type\":\"EntryPoint\",\"urlTemplate\":\"https:\/\/dieter-jenz.de\/lc\/?s={search_term_string}\"},\"query-input\":{\"@type\":\"PropertyValueSpecification\",\"valueRequired\":true,\"valueName\":\"search_term_string\"}}],\"inLanguage\":\"de\"},{\"@type\":[\"Person\",\"Organization\"],\"@id\":\"https:\/\/dieter-jenz.de\/lc\/#\/schema\/person\/618cfd5c289d0a23930cb258a43679ab\",\"name\":\"Dieter Jenz\",\"image\":{\"@type\":\"ImageObject\",\"inLanguage\":\"de\",\"@id\":\"https:\/\/dieter-jenz.de\/lc\/#\/schema\/person\/image\/\",\"url\":\"https:\/\/dieter-jenz.de\/lc\/wp-content\/uploads\/2020\/01\/Logo-Coaching-und-Begleitung.png\",\"contentUrl\":\"https:\/\/dieter-jenz.de\/lc\/wp-content\/uploads\/2020\/01\/Logo-Coaching-und-Begleitung.png\",\"width\":320,\"height\":240,\"caption\":\"Dieter Jenz\"},\"logo\":{\"@id\":\"https:\/\/dieter-jenz.de\/lc\/#\/schema\/person\/image\/\"},\"description\":\"Ich bin Dieter Jenz, Begleiter, Berater und Coach mit Leidenschaft. \u00dcber viele Jahre hinweg habe ich einen reichen Schatz an Kompetenz und Erfahrung erworben. Meine Themen sind die \\\"4L\\\": Lebensaufgabe, Lebensplanung, Lebensnavigation und Lebensqualit\u00e4t.\",\"sameAs\":[\"https:\/\/www.facebook.com\/dieter.jenz.inspiration\",\"https:\/\/www.pinterest.de\/dieterjenz\/\",\"https:\/\/x.com\/https:\/\/twitter.com\/dieterjenz\"]}]}<\/script>\n<!-- \/ Yoast SEO plugin. -->","yoast_head_json":{"title":"Zitate-Hitliste Januar 2025","description":"Zitate-Hitliste - die beliebtesten Zitate im Januar 2025. Ermutigende, inspirierende, motivierende und zum Nachdenken anregende Zitate.","robots":{"index":"index","follow":"follow","max-snippet":"max-snippet:-1","max-image-preview":"max-image-preview:large","max-video-preview":"max-video-preview:-1"},"canonical":"https:\/\/dieter-jenz.de\/lc\/zitate-hitlisten\/zitate-hitliste-januar-2025\/","og_locale":"de_DE","og_type":"article","og_title":"Zitate-Hitliste Januar 2025","og_description":"Zitate-Hitliste - die beliebtesten Zitate im Januar 2025. Ermutigende, inspirierende, motivierende und zum Nachdenken anregende Zitate.","og_url":"https:\/\/dieter-jenz.de\/lc\/zitate-hitlisten\/zitate-hitliste-januar-2025\/","og_site_name":"Dieter Jenz, Begleitung und Coaching","article_publisher":"https:\/\/www.facebook.com\/dieter.jenz.inspiration","article_modified_time":"2025-03-03T14:52:26+00:00","og_image":[{"width":500,"height":500,"url":"https:\/\/dieter-jenz.de\/lc\/wp-content\/uploads\/2020\/08\/Beitragsbild-Hitliste.jpeg","type":"image\/jpeg"}],"twitter_card":"summary_large_image","twitter_site":"@dieterjenz","twitter_misc":{"Gesch\u00e4tzte Lesezeit":"4\u00a0Minuten"},"schema":{"@context":"https:\/\/schema.org","@graph":[{"@type":"WebPage","@id":"https:\/\/dieter-jenz.de\/lc\/zitate-hitlisten\/zitate-hitliste-januar-2025\/","url":"https:\/\/dieter-jenz.de\/lc\/zitate-hitlisten\/zitate-hitliste-januar-2025\/","name":"Zitate-Hitliste Januar 2025","isPartOf":{"@id":"https:\/\/dieter-jenz.de\/lc\/#website"},"primaryImageOfPage":{"@id":"https:\/\/dieter-jenz.de\/lc\/zitate-hitlisten\/zitate-hitliste-januar-2025\/#primaryimage"},"image":{"@id":"https:\/\/dieter-jenz.de\/lc\/zitate-hitlisten\/zitate-hitliste-januar-2025\/#primaryimage"},"thumbnailUrl":"https:\/\/dieter-jenz.de\/lc\/wp-content\/uploads\/2020\/08\/Beitragsbild-Hitliste.jpeg","datePublished":"2025-02-03T10:01:07+00:00","dateModified":"2025-03-03T14:52:26+00:00","description":"Zitate-Hitliste - die beliebtesten Zitate im Januar 2025. Ermutigende, inspirierende, motivierende und zum Nachdenken anregende Zitate.","breadcrumb":{"@id":"https:\/\/dieter-jenz.de\/lc\/zitate-hitlisten\/zitate-hitliste-januar-2025\/#breadcrumb"},"inLanguage":"de","potentialAction":[{"@type":"ReadAction","target":["https:\/\/dieter-jenz.de\/lc\/zitate-hitlisten\/zitate-hitliste-januar-2025\/"]}]},{"@type":"ImageObject","inLanguage":"de","@id":"https:\/\/dieter-jenz.de\/lc\/zitate-hitlisten\/zitate-hitliste-januar-2025\/#primaryimage","url":"https:\/\/dieter-jenz.de\/lc\/wp-content\/uploads\/2020\/08\/Beitragsbild-Hitliste.jpeg","contentUrl":"https:\/\/dieter-jenz.de\/lc\/wp-content\/uploads\/2020\/08\/Beitragsbild-Hitliste.jpeg","width":500,"height":500,"caption":"Hitliste - Gestaltung: privat"},{"@type":"BreadcrumbList","@id":"https:\/\/dieter-jenz.de\/lc\/zitate-hitlisten\/zitate-hitliste-januar-2025\/#breadcrumb","itemListElement":[{"@type":"ListItem","position":1,"name":"Home","item":"https:\/\/dieter-jenz.de\/lc\/"},{"@type":"ListItem","position":2,"name":"Zitate-Hitlisten &#8211; Beliebte Zitate: inspirierend, motivierend, Mut machend","item":"https:\/\/dieter-jenz.de\/lc\/zitate-hitlisten\/"},{"@type":"ListItem","position":3,"name":"Zitate-Hitliste Januar 2025"}]},{"@type":"WebSite","@id":"https:\/\/dieter-jenz.de\/lc\/#website","url":"https:\/\/dieter-jenz.de\/lc\/","name":"Dieter Jenz, Begleitung und Coaching","description":"Die andere, neue Sichtweise entdecken - auftanken - neue Wege gehen","publisher":{"@id":"https:\/\/dieter-jenz.de\/lc\/#\/schema\/person\/618cfd5c289d0a23930cb258a43679ab"},"potentialAction":[{"@type":"SearchAction","target":{"@type":"EntryPoint","urlTemplate":"https:\/\/dieter-jenz.de\/lc\/?s={search_term_string}"},"query-input":{"@type":"PropertyValueSpecification","valueRequired":true,"valueName":"search_term_string"}}],"inLanguage":"de"},{"@type":["Person","Organization"],"@id":"https:\/\/dieter-jenz.de\/lc\/#\/schema\/person\/618cfd5c289d0a23930cb258a43679ab","name":"Dieter Jenz","image":{"@type":"ImageObject","inLanguage":"de","@id":"https:\/\/dieter-jenz.de\/lc\/#\/schema\/person\/image\/","url":"https:\/\/dieter-jenz.de\/lc\/wp-content\/uploads\/2020\/01\/Logo-Coaching-und-Begleitung.png","contentUrl":"https:\/\/dieter-jenz.de\/lc\/wp-content\/uploads\/2020\/01\/Logo-Coaching-und-Begleitung.png","width":320,"height":240,"caption":"Dieter Jenz"},"logo":{"@id":"https:\/\/dieter-jenz.de\/lc\/#\/schema\/person\/image\/"},"description":"Ich bin Dieter Jenz, Begleiter, Berater und Coach mit Leidenschaft. \u00dcber viele Jahre hinweg habe ich einen reichen Schatz an Kompetenz und Erfahrung erworben. Meine Themen sind die \"4L\": Lebensaufgabe, Lebensplanung, Lebensnavigation und Lebensqualit\u00e4t.","sameAs":["https:\/\/www.facebook.com\/dieter.jenz.inspiration","https:\/\/www.pinterest.de\/dieterjenz\/","https:\/\/x.com\/https:\/\/twitter.com\/dieterjenz"]}]}},"_links":{"self":[{"href":"https:\/\/dieter-jenz.de\/lc\/wp-json\/wp\/v2\/pages\/12660"}],"collection":[{"href":"https:\/\/dieter-jenz.de\/lc\/wp-json\/wp\/v2\/pages"}],"about":[{"href":"https:\/\/dieter-jenz.de\/lc\/wp-json\/wp\/v2\/types\/page"}],"author":[{"embeddable":true,"href":"https:\/\/dieter-jenz.de\/lc\/wp-json\/wp\/v2\/users\/2"}],"replies":[{"embeddable":true,"href":"https:\/\/dieter-jenz.de\/lc\/wp-json\/wp\/v2\/comments?post=12660"}],"version-history":[{"count":4,"href":"https:\/\/dieter-jenz.de\/lc\/wp-json\/wp\/v2\/pages\/12660\/revisions"}],"predecessor-version":[{"id":12820,"href":"https:\/\/dieter-jenz.de\/lc\/wp-json\/wp\/v2\/pages\/12660\/revisions\/12820"}],"up":[{"embeddable":true,"href":"https:\/\/dieter-jenz.de\/lc\/wp-json\/wp\/v2\/pages\/3979"}],"wp:featuredmedia":[{"embeddable":true,"href":"https:\/\/dieter-jenz.de\/lc\/wp-json\/wp\/v2\/media\/4162"}],"wp:attachment":[{"href":"https:\/\/dieter-jenz.de\/lc\/wp-json\/wp\/v2\/media?parent=12660"}],"curies":[{"name":"wp","href":"https:\/\/api.w.org\/{rel}","templated":true}]}}