{"id":213,"date":"2014-02-25T12:05:53","date_gmt":"2014-02-25T11:05:53","guid":{"rendered":"http:\/\/dieter-jenz.de\/lc\/?page_id=213"},"modified":"2023-07-21T15:34:42","modified_gmt":"2023-07-21T13:34:42","slug":"meine-biografie","status":"publish","type":"page","link":"https:\/\/dieter-jenz.de\/lc\/meine-biografie\/","title":{"rendered":"Meine Biografie"},"content":{"rendered":"\n<p>Meine Biografie fasst meine berufliche wie private Entwicklung kurz zusammen.<\/p>\n\n\n\n<p>Aufgewachsen bin ich in S\u00fcddeutschland, genauer gesagt, im Gro\u00dfraum Stuttgart am Rand der Schw\u00e4bischen Alb. Meine Kindheit und Jugend spielte sich in einem Drei-Generationen-Haus ab.<\/p>\n\n\n\n<p>Meinen beruflichen Weg startete ich mit einer kaufm\u00e4nnischen Ausbildung. Daran schloss sich ein Studium der Betriebswirtschaft an. Nach Stationen in Angestelltenverh\u00e4ltnissen, teilweise in leitender Position, beschritt ich den Weg in die berufliche Selbst\u00e4ndigkeit. Mein Beratungsunternehmen f\u00fchrte ich etwa 25 Jahre lang. Das Beratungsspektrum erstreckte sich von mehr fachlich orientierter Beratung bis hin zur allgemeinen Managementberatung. Ich war f\u00fcr mittelst\u00e4ndische und Gro\u00dfunternehmen aus unterschiedlichen Branchen wie auch f\u00fcr die \u00d6ffentliche Verwaltung t\u00e4tig.<\/p>\n\n\n\n<p>Zu meiner Biografie geh\u00f6ren auch Krisen, leichtere und schwerere, private und berufliche, selbst erlebte und miterlebte. Diese Krisen haben mich vieles gelehrt, vor allem, dass eine Krise nicht das Ende ist.<\/p>\n\n\n\n<p>Gegen Ende meiner beruflichen Laufbahn wurde es mir immer mehr zum Anliegen, meine reichhaltigen beruflichen Erfahrungen in den Bereichen der allgemeinen Beratung, Analyse und Konzeption, Qualit\u00e4tssicherung, Konfliktl\u00f6sung usw. in die Beratung und Begleitung von Privatpersonen einzubringen.<\/p>\n\n\n\n<p>Von 2008-2009 absolvierte ich eine fundierte Ausbildung in Gespr\u00e4chsf\u00fchrung und Beratung, deren theoretische Grundlagen auf Konzepten der Transaktionsanalyse, der Gespr\u00e4chspsychotherapie und der Kommunikationspsychologie basieren. 2013 folgte eine intensive Ausbildung zum Krisen-, Sterbe- und Trauerbegleiter.<\/p>\n\n\n\n<p>Ich besch\u00e4ftige mich intensiv mit Verhaltenstherapie, insbesondere mit der Selbstmanagement-Therapie, begr\u00fcndet von Frederick Kanfer, Hans Reinecker und Dieter Schmelzer. Dies ist aufgrund des ingenieurwissenschaftlichen Hintergrunds von Kanfer nicht weiter verwunderlich. Das systematische, strukturierte Vorgehen kommt mir sehr entgegen, da ich es auch aus meiner langj\u00e4hrigen beruflichen Praxis so kenne. Lange bew\u00e4hrte Managementprinzipien lassen sich mit gro\u00dfem Gewinn auch von und f\u00fcr Privatpersonen nutzen.<\/p>\n\n\n\n<p><span style=\"font-size: small;\">Nebenbemerkung: In der Meta-Analyse zur Wirksamkeit von Psychotherapien von Grawe wird die Selbstmanagement-Therapie den Probleml\u00f6se-Therapien zugeordnet. Diesen wiederum bescheinigte die Forschergruppe um Grawe ein ganz au\u00dferordentlich g\u00fcnstiges Wirkungsprofil. Siehe Grawe, K., Donati, R. und Bernauer, F. (1994, 1995, 2001): <\/span><span style=\"font-size: small;\"><i>Psychotherapie im Wandel. Von der Konfession zur Profession<\/i><\/span><span style=\"font-size: small;\">. G\u00f6ttingen: Hogrefe. <\/span><\/p>\n\n\n\n<p>Seit 2009 habe ich meine Kenntnisse und F\u00e4higkeiten intensiv in der Praxis angewandt und sehr viel Erfahrung in der Begleitung, der Beratung und dem Coaching von Privatpersonen gewonnen.<\/p>\n\n\n\n<p>Kenntnisse, F\u00e4higkeiten und Erfahrungen bringe ich seit 2009 auch in ehrenamtlichen T\u00e4tigkeiten ein.<\/p>\n","protected":false},"excerpt":{"rendered":"<p>Meine Biografie fasst meine berufliche wie private Entwicklung kurz zusammen. Aufgewachsen bin ich in S\u00fcddeutschland, genauer gesagt, im Gro\u00dfraum Stuttgart am Rand der Schw\u00e4bischen Alb. Meine Kindheit und&hellip;<\/p>\n","protected":false},"author":2,"featured_media":0,"parent":0,"menu_order":52,"comment_status":"closed","ping_status":"closed","template":"","meta":{"footnotes":""},"yoast_head":"<!-- This site is optimized with the Yoast SEO plugin v24.5 - https:\/\/yoast.com\/wordpress\/plugins\/seo\/ -->\n<title>Meine Biografie<\/title>\n<meta name=\"description\" content=\"Dieter Jenz - Ihr kompetenter Begleiter, Berater und Coach - Meine Biografie\" \/>\n<meta name=\"robots\" content=\"index, follow, max-snippet:-1, max-image-preview:large, max-video-preview:-1\" \/>\n<link rel=\"canonical\" href=\"https:\/\/dieter-jenz.de\/lc\/meine-biografie\/\" \/>\n<meta property=\"og:locale\" content=\"de_DE\" \/>\n<meta property=\"og:type\" content=\"article\" \/>\n<meta property=\"og:title\" content=\"Meine Biografie\" \/>\n<meta property=\"og:description\" content=\"Dieter Jenz - Ihr kompetenter Begleiter, Berater und Coach - Meine Biografie\" \/>\n<meta property=\"og:url\" content=\"https:\/\/dieter-jenz.de\/lc\/meine-biografie\/\" \/>\n<meta property=\"og:site_name\" content=\"Dieter Jenz, Begleitung und Coaching\" \/>\n<meta property=\"article:publisher\" content=\"https:\/\/www.facebook.com\/dieter.jenz.inspiration\" \/>\n<meta property=\"article:modified_time\" content=\"2023-07-21T13:34:42+00:00\" \/>\n<meta name=\"twitter:card\" content=\"summary_large_image\" \/>\n<meta name=\"twitter:site\" content=\"@dieterjenz\" \/>\n<meta name=\"twitter:label1\" content=\"Gesch\u00e4tzte Lesezeit\" \/>\n\t<meta name=\"twitter:data1\" content=\"3\u00a0Minuten\" \/>\n<script type=\"application\/ld+json\" class=\"yoast-schema-graph\">{\"@context\":\"https:\/\/schema.org\",\"@graph\":[{\"@type\":\"WebPage\",\"@id\":\"https:\/\/dieter-jenz.de\/lc\/meine-biografie\/\",\"url\":\"https:\/\/dieter-jenz.de\/lc\/meine-biografie\/\",\"name\":\"Meine Biografie\",\"isPartOf\":{\"@id\":\"https:\/\/dieter-jenz.de\/lc\/#website\"},\"datePublished\":\"2014-02-25T11:05:53+00:00\",\"dateModified\":\"2023-07-21T13:34:42+00:00\",\"description\":\"Dieter Jenz - Ihr kompetenter Begleiter, Berater und Coach - Meine Biografie\",\"breadcrumb\":{\"@id\":\"https:\/\/dieter-jenz.de\/lc\/meine-biografie\/#breadcrumb\"},\"inLanguage\":\"de\",\"potentialAction\":[{\"@type\":\"ReadAction\",\"target\":[\"https:\/\/dieter-jenz.de\/lc\/meine-biografie\/\"]}]},{\"@type\":\"BreadcrumbList\",\"@id\":\"https:\/\/dieter-jenz.de\/lc\/meine-biografie\/#breadcrumb\",\"itemListElement\":[{\"@type\":\"ListItem\",\"position\":1,\"name\":\"Home\",\"item\":\"https:\/\/dieter-jenz.de\/lc\/\"},{\"@type\":\"ListItem\",\"position\":2,\"name\":\"Meine Biografie\"}]},{\"@type\":\"WebSite\",\"@id\":\"https:\/\/dieter-jenz.de\/lc\/#website\",\"url\":\"https:\/\/dieter-jenz.de\/lc\/\",\"name\":\"Dieter Jenz, Begleitung und Coaching\",\"description\":\"Die andere, neue Sichtweise entdecken - auftanken - neue Wege gehen\",\"publisher\":{\"@id\":\"https:\/\/dieter-jenz.de\/lc\/#\/schema\/person\/618cfd5c289d0a23930cb258a43679ab\"},\"potentialAction\":[{\"@type\":\"SearchAction\",\"target\":{\"@type\":\"EntryPoint\",\"urlTemplate\":\"https:\/\/dieter-jenz.de\/lc\/?s={search_term_string}\"},\"query-input\":{\"@type\":\"PropertyValueSpecification\",\"valueRequired\":true,\"valueName\":\"search_term_string\"}}],\"inLanguage\":\"de\"},{\"@type\":[\"Person\",\"Organization\"],\"@id\":\"https:\/\/dieter-jenz.de\/lc\/#\/schema\/person\/618cfd5c289d0a23930cb258a43679ab\",\"name\":\"Dieter Jenz\",\"image\":{\"@type\":\"ImageObject\",\"inLanguage\":\"de\",\"@id\":\"https:\/\/dieter-jenz.de\/lc\/#\/schema\/person\/image\/\",\"url\":\"https:\/\/dieter-jenz.de\/lc\/wp-content\/uploads\/2020\/01\/Logo-Coaching-und-Begleitung.png\",\"contentUrl\":\"https:\/\/dieter-jenz.de\/lc\/wp-content\/uploads\/2020\/01\/Logo-Coaching-und-Begleitung.png\",\"width\":320,\"height\":240,\"caption\":\"Dieter Jenz\"},\"logo\":{\"@id\":\"https:\/\/dieter-jenz.de\/lc\/#\/schema\/person\/image\/\"},\"description\":\"Ich bin Dieter Jenz, Begleiter, Berater und Coach mit Leidenschaft. \u00dcber viele Jahre hinweg habe ich einen reichen Schatz an Kompetenz und Erfahrung erworben. Meine Themen sind die \\\"4L\\\": Lebensaufgabe, Lebensplanung, Lebensnavigation und Lebensqualit\u00e4t.\",\"sameAs\":[\"https:\/\/www.facebook.com\/dieter.jenz.inspiration\",\"https:\/\/www.pinterest.de\/dieterjenz\/\",\"https:\/\/x.com\/https:\/\/twitter.com\/dieterjenz\"]}]}<\/script>\n<!-- \/ Yoast SEO plugin. -->","yoast_head_json":{"title":"Meine Biografie","description":"Dieter Jenz - Ihr kompetenter Begleiter, Berater und Coach - Meine Biografie","robots":{"index":"index","follow":"follow","max-snippet":"max-snippet:-1","max-image-preview":"max-image-preview:large","max-video-preview":"max-video-preview:-1"},"canonical":"https:\/\/dieter-jenz.de\/lc\/meine-biografie\/","og_locale":"de_DE","og_type":"article","og_title":"Meine Biografie","og_description":"Dieter Jenz - Ihr kompetenter Begleiter, Berater und Coach - Meine Biografie","og_url":"https:\/\/dieter-jenz.de\/lc\/meine-biografie\/","og_site_name":"Dieter Jenz, Begleitung und Coaching","article_publisher":"https:\/\/www.facebook.com\/dieter.jenz.inspiration","article_modified_time":"2023-07-21T13:34:42+00:00","twitter_card":"summary_large_image","twitter_site":"@dieterjenz","twitter_misc":{"Gesch\u00e4tzte Lesezeit":"3\u00a0Minuten"},"schema":{"@context":"https:\/\/schema.org","@graph":[{"@type":"WebPage","@id":"https:\/\/dieter-jenz.de\/lc\/meine-biografie\/","url":"https:\/\/dieter-jenz.de\/lc\/meine-biografie\/","name":"Meine Biografie","isPartOf":{"@id":"https:\/\/dieter-jenz.de\/lc\/#website"},"datePublished":"2014-02-25T11:05:53+00:00","dateModified":"2023-07-21T13:34:42+00:00","description":"Dieter Jenz - Ihr kompetenter Begleiter, Berater und Coach - Meine Biografie","breadcrumb":{"@id":"https:\/\/dieter-jenz.de\/lc\/meine-biografie\/#breadcrumb"},"inLanguage":"de","potentialAction":[{"@type":"ReadAction","target":["https:\/\/dieter-jenz.de\/lc\/meine-biografie\/"]}]},{"@type":"BreadcrumbList","@id":"https:\/\/dieter-jenz.de\/lc\/meine-biografie\/#breadcrumb","itemListElement":[{"@type":"ListItem","position":1,"name":"Home","item":"https:\/\/dieter-jenz.de\/lc\/"},{"@type":"ListItem","position":2,"name":"Meine Biografie"}]},{"@type":"WebSite","@id":"https:\/\/dieter-jenz.de\/lc\/#website","url":"https:\/\/dieter-jenz.de\/lc\/","name":"Dieter Jenz, Begleitung und Coaching","description":"Die andere, neue Sichtweise entdecken - auftanken - neue Wege gehen","publisher":{"@id":"https:\/\/dieter-jenz.de\/lc\/#\/schema\/person\/618cfd5c289d0a23930cb258a43679ab"},"potentialAction":[{"@type":"SearchAction","target":{"@type":"EntryPoint","urlTemplate":"https:\/\/dieter-jenz.de\/lc\/?s={search_term_string}"},"query-input":{"@type":"PropertyValueSpecification","valueRequired":true,"valueName":"search_term_string"}}],"inLanguage":"de"},{"@type":["Person","Organization"],"@id":"https:\/\/dieter-jenz.de\/lc\/#\/schema\/person\/618cfd5c289d0a23930cb258a43679ab","name":"Dieter Jenz","image":{"@type":"ImageObject","inLanguage":"de","@id":"https:\/\/dieter-jenz.de\/lc\/#\/schema\/person\/image\/","url":"https:\/\/dieter-jenz.de\/lc\/wp-content\/uploads\/2020\/01\/Logo-Coaching-und-Begleitung.png","contentUrl":"https:\/\/dieter-jenz.de\/lc\/wp-content\/uploads\/2020\/01\/Logo-Coaching-und-Begleitung.png","width":320,"height":240,"caption":"Dieter Jenz"},"logo":{"@id":"https:\/\/dieter-jenz.de\/lc\/#\/schema\/person\/image\/"},"description":"Ich bin Dieter Jenz, Begleiter, Berater und Coach mit Leidenschaft. \u00dcber viele Jahre hinweg habe ich einen reichen Schatz an Kompetenz und Erfahrung erworben. Meine Themen sind die \"4L\": Lebensaufgabe, Lebensplanung, Lebensnavigation und Lebensqualit\u00e4t.","sameAs":["https:\/\/www.facebook.com\/dieter.jenz.inspiration","https:\/\/www.pinterest.de\/dieterjenz\/","https:\/\/x.com\/https:\/\/twitter.com\/dieterjenz"]}]}},"_links":{"self":[{"href":"https:\/\/dieter-jenz.de\/lc\/wp-json\/wp\/v2\/pages\/213"}],"collection":[{"href":"https:\/\/dieter-jenz.de\/lc\/wp-json\/wp\/v2\/pages"}],"about":[{"href":"https:\/\/dieter-jenz.de\/lc\/wp-json\/wp\/v2\/types\/page"}],"author":[{"embeddable":true,"href":"https:\/\/dieter-jenz.de\/lc\/wp-json\/wp\/v2\/users\/2"}],"replies":[{"embeddable":true,"href":"https:\/\/dieter-jenz.de\/lc\/wp-json\/wp\/v2\/comments?post=213"}],"version-history":[{"count":2,"href":"https:\/\/dieter-jenz.de\/lc\/wp-json\/wp\/v2\/pages\/213\/revisions"}],"predecessor-version":[{"id":8910,"href":"https:\/\/dieter-jenz.de\/lc\/wp-json\/wp\/v2\/pages\/213\/revisions\/8910"}],"wp:attachment":[{"href":"https:\/\/dieter-jenz.de\/lc\/wp-json\/wp\/v2\/media?parent=213"}],"curies":[{"name":"wp","href":"https:\/\/api.w.org\/{rel}","templated":true}]}}