{"id":35,"date":"2014-02-13T09:31:12","date_gmt":"2014-02-13T08:31:12","guid":{"rendered":"http:\/\/dieter-jenz.de\/lc\/?page_id=35"},"modified":"2014-02-18T10:46:36","modified_gmt":"2014-02-18T09:46:36","slug":"zuhoeren-begleiten","status":"publish","type":"page","link":"https:\/\/dieter-jenz.de\/lc\/begleitung-und-coaching\/zuhoeren-begleiten\/","title":{"rendered":"Zuh\u00f6ren, Begleiten"},"content":{"rendered":"<p>Manchmal ist es wohltuend und entlastend, sich etwas von der Seele zu reden. Sie m\u00f6chten aber nicht gleich einen Psychiater oder Psychologen aufsuchen. Sie suchen einen verschwiegenen Zuh\u00f6rer, der Sie begleitet, der sich Ihnen konzentriert, aufmerksam und exklusiv widmet.<\/p>\n<p>Vielleicht m\u00f6chten Sie sich \u00fcber etwas austauschen, ein Ereignis in Ihrem Leben, eine Konfliktsituation, eine Grenz\u00fcberschreitung oder was immer es auch sei. Sie wollen besser verstehen k\u00f6nnen.<\/p>\n<p>Ich kann Ihr Zuh\u00f6rer sein. Ob ich Ihnen ausschlie\u00dflich zuh\u00f6ren soll oder ob Sie auch einen Rat von mir m\u00f6chten, bestimmen Sie.<\/p>\n<p>Ich komme nach Vereinbarung gerne zu Ihnen nach Hause und begleite Sie auch auf Gesch\u00e4ftsreisen.<\/p>\n","protected":false},"excerpt":{"rendered":"<p>Manchmal ist es wohltuend und entlastend, sich etwas von der Seele zu reden. Sie m\u00f6chten aber nicht gleich einen Psychiater oder Psychologen aufsuchen. Sie suchen einen verschwiegenen Zuh\u00f6rer,&hellip;<\/p>\n","protected":false},"author":2,"featured_media":0,"parent":38,"menu_order":62,"comment_status":"closed","ping_status":"closed","template":"","meta":{"footnotes":""},"yoast_head":"<!-- This site is optimized with the Yoast SEO plugin v24.5 - https:\/\/yoast.com\/wordpress\/plugins\/seo\/ -->\n<title>Zuh\u00f6ren, Begleiten<\/title>\n<meta name=\"description\" content=\"Suchen Sie einen einf\u00fchlsamen und verschwiegenen Zuh\u00f6rer? Ich widme mich Ihnen konzentriert, aufmerksam und exklusiv.\" \/>\n<meta name=\"robots\" content=\"index, follow, max-snippet:-1, max-image-preview:large, max-video-preview:-1\" \/>\n<link rel=\"canonical\" href=\"https:\/\/dieter-jenz.de\/lc\/begleitung-und-coaching\/zuhoeren-begleiten\/\" \/>\n<meta property=\"og:locale\" content=\"de_DE\" \/>\n<meta property=\"og:type\" content=\"article\" \/>\n<meta property=\"og:title\" content=\"Zuh\u00f6ren, Begleiten\" \/>\n<meta property=\"og:description\" content=\"Suchen Sie einen einf\u00fchlsamen und verschwiegenen Zuh\u00f6rer? Ich widme mich Ihnen konzentriert, aufmerksam und exklusiv.\" \/>\n<meta property=\"og:url\" content=\"https:\/\/dieter-jenz.de\/lc\/begleitung-und-coaching\/zuhoeren-begleiten\/\" \/>\n<meta property=\"og:site_name\" content=\"Dieter Jenz, Begleitung und Coaching\" \/>\n<meta property=\"article:publisher\" content=\"https:\/\/www.facebook.com\/dieter.jenz.inspiration\" \/>\n<meta property=\"article:modified_time\" content=\"2014-02-18T09:46:36+00:00\" \/>\n<meta name=\"twitter:card\" content=\"summary_large_image\" \/>\n<meta name=\"twitter:site\" content=\"@dieterjenz\" \/>\n<meta name=\"twitter:label1\" content=\"Gesch\u00e4tzte Lesezeit\" \/>\n\t<meta name=\"twitter:data1\" content=\"1\u00a0Minute\" \/>\n<script type=\"application\/ld+json\" class=\"yoast-schema-graph\">{\"@context\":\"https:\/\/schema.org\",\"@graph\":[{\"@type\":\"WebPage\",\"@id\":\"https:\/\/dieter-jenz.de\/lc\/begleitung-und-coaching\/zuhoeren-begleiten\/\",\"url\":\"https:\/\/dieter-jenz.de\/lc\/begleitung-und-coaching\/zuhoeren-begleiten\/\",\"name\":\"Zuh\u00f6ren, Begleiten\",\"isPartOf\":{\"@id\":\"https:\/\/dieter-jenz.de\/lc\/#website\"},\"datePublished\":\"2014-02-13T08:31:12+00:00\",\"dateModified\":\"2014-02-18T09:46:36+00:00\",\"description\":\"Suchen Sie einen einf\u00fchlsamen und verschwiegenen Zuh\u00f6rer? Ich widme mich Ihnen konzentriert, aufmerksam und exklusiv.\",\"breadcrumb\":{\"@id\":\"https:\/\/dieter-jenz.de\/lc\/begleitung-und-coaching\/zuhoeren-begleiten\/#breadcrumb\"},\"inLanguage\":\"de\",\"potentialAction\":[{\"@type\":\"ReadAction\",\"target\":[\"https:\/\/dieter-jenz.de\/lc\/begleitung-und-coaching\/zuhoeren-begleiten\/\"]}]},{\"@type\":\"BreadcrumbList\",\"@id\":\"https:\/\/dieter-jenz.de\/lc\/begleitung-und-coaching\/zuhoeren-begleiten\/#breadcrumb\",\"itemListElement\":[{\"@type\":\"ListItem\",\"position\":1,\"name\":\"Home\",\"item\":\"https:\/\/dieter-jenz.de\/lc\/\"},{\"@type\":\"ListItem\",\"position\":2,\"name\":\"Suchen, finden, gehen\",\"item\":\"https:\/\/dieter-jenz.de\/lc\/begleitung-und-coaching\/\"},{\"@type\":\"ListItem\",\"position\":3,\"name\":\"Zuh\u00f6ren, Begleiten\"}]},{\"@type\":\"WebSite\",\"@id\":\"https:\/\/dieter-jenz.de\/lc\/#website\",\"url\":\"https:\/\/dieter-jenz.de\/lc\/\",\"name\":\"Dieter Jenz, Begleitung und Coaching\",\"description\":\"Die andere, neue Sichtweise entdecken - auftanken - neue Wege gehen\",\"publisher\":{\"@id\":\"https:\/\/dieter-jenz.de\/lc\/#\/schema\/person\/618cfd5c289d0a23930cb258a43679ab\"},\"potentialAction\":[{\"@type\":\"SearchAction\",\"target\":{\"@type\":\"EntryPoint\",\"urlTemplate\":\"https:\/\/dieter-jenz.de\/lc\/?s={search_term_string}\"},\"query-input\":{\"@type\":\"PropertyValueSpecification\",\"valueRequired\":true,\"valueName\":\"search_term_string\"}}],\"inLanguage\":\"de\"},{\"@type\":[\"Person\",\"Organization\"],\"@id\":\"https:\/\/dieter-jenz.de\/lc\/#\/schema\/person\/618cfd5c289d0a23930cb258a43679ab\",\"name\":\"Dieter Jenz\",\"image\":{\"@type\":\"ImageObject\",\"inLanguage\":\"de\",\"@id\":\"https:\/\/dieter-jenz.de\/lc\/#\/schema\/person\/image\/\",\"url\":\"https:\/\/dieter-jenz.de\/lc\/wp-content\/uploads\/2020\/01\/Logo-Coaching-und-Begleitung.png\",\"contentUrl\":\"https:\/\/dieter-jenz.de\/lc\/wp-content\/uploads\/2020\/01\/Logo-Coaching-und-Begleitung.png\",\"width\":320,\"height\":240,\"caption\":\"Dieter Jenz\"},\"logo\":{\"@id\":\"https:\/\/dieter-jenz.de\/lc\/#\/schema\/person\/image\/\"},\"description\":\"Ich bin Dieter Jenz, Begleiter, Berater und Coach mit Leidenschaft. \u00dcber viele Jahre hinweg habe ich einen reichen Schatz an Kompetenz und Erfahrung erworben. Meine Themen sind die \\\"4L\\\": Lebensaufgabe, Lebensplanung, Lebensnavigation und Lebensqualit\u00e4t.\",\"sameAs\":[\"https:\/\/www.facebook.com\/dieter.jenz.inspiration\",\"https:\/\/www.pinterest.de\/dieterjenz\/\",\"https:\/\/x.com\/https:\/\/twitter.com\/dieterjenz\"]}]}<\/script>\n<!-- \/ Yoast SEO plugin. -->","yoast_head_json":{"title":"Zuh\u00f6ren, Begleiten","description":"Suchen Sie einen einf\u00fchlsamen und verschwiegenen Zuh\u00f6rer? Ich widme mich Ihnen konzentriert, aufmerksam und exklusiv.","robots":{"index":"index","follow":"follow","max-snippet":"max-snippet:-1","max-image-preview":"max-image-preview:large","max-video-preview":"max-video-preview:-1"},"canonical":"https:\/\/dieter-jenz.de\/lc\/begleitung-und-coaching\/zuhoeren-begleiten\/","og_locale":"de_DE","og_type":"article","og_title":"Zuh\u00f6ren, Begleiten","og_description":"Suchen Sie einen einf\u00fchlsamen und verschwiegenen Zuh\u00f6rer? Ich widme mich Ihnen konzentriert, aufmerksam und exklusiv.","og_url":"https:\/\/dieter-jenz.de\/lc\/begleitung-und-coaching\/zuhoeren-begleiten\/","og_site_name":"Dieter Jenz, Begleitung und Coaching","article_publisher":"https:\/\/www.facebook.com\/dieter.jenz.inspiration","article_modified_time":"2014-02-18T09:46:36+00:00","twitter_card":"summary_large_image","twitter_site":"@dieterjenz","twitter_misc":{"Gesch\u00e4tzte Lesezeit":"1\u00a0Minute"},"schema":{"@context":"https:\/\/schema.org","@graph":[{"@type":"WebPage","@id":"https:\/\/dieter-jenz.de\/lc\/begleitung-und-coaching\/zuhoeren-begleiten\/","url":"https:\/\/dieter-jenz.de\/lc\/begleitung-und-coaching\/zuhoeren-begleiten\/","name":"Zuh\u00f6ren, Begleiten","isPartOf":{"@id":"https:\/\/dieter-jenz.de\/lc\/#website"},"datePublished":"2014-02-13T08:31:12+00:00","dateModified":"2014-02-18T09:46:36+00:00","description":"Suchen Sie einen einf\u00fchlsamen und verschwiegenen Zuh\u00f6rer? Ich widme mich Ihnen konzentriert, aufmerksam und exklusiv.","breadcrumb":{"@id":"https:\/\/dieter-jenz.de\/lc\/begleitung-und-coaching\/zuhoeren-begleiten\/#breadcrumb"},"inLanguage":"de","potentialAction":[{"@type":"ReadAction","target":["https:\/\/dieter-jenz.de\/lc\/begleitung-und-coaching\/zuhoeren-begleiten\/"]}]},{"@type":"BreadcrumbList","@id":"https:\/\/dieter-jenz.de\/lc\/begleitung-und-coaching\/zuhoeren-begleiten\/#breadcrumb","itemListElement":[{"@type":"ListItem","position":1,"name":"Home","item":"https:\/\/dieter-jenz.de\/lc\/"},{"@type":"ListItem","position":2,"name":"Suchen, finden, gehen","item":"https:\/\/dieter-jenz.de\/lc\/begleitung-und-coaching\/"},{"@type":"ListItem","position":3,"name":"Zuh\u00f6ren, Begleiten"}]},{"@type":"WebSite","@id":"https:\/\/dieter-jenz.de\/lc\/#website","url":"https:\/\/dieter-jenz.de\/lc\/","name":"Dieter Jenz, Begleitung und Coaching","description":"Die andere, neue Sichtweise entdecken - auftanken - neue Wege gehen","publisher":{"@id":"https:\/\/dieter-jenz.de\/lc\/#\/schema\/person\/618cfd5c289d0a23930cb258a43679ab"},"potentialAction":[{"@type":"SearchAction","target":{"@type":"EntryPoint","urlTemplate":"https:\/\/dieter-jenz.de\/lc\/?s={search_term_string}"},"query-input":{"@type":"PropertyValueSpecification","valueRequired":true,"valueName":"search_term_string"}}],"inLanguage":"de"},{"@type":["Person","Organization"],"@id":"https:\/\/dieter-jenz.de\/lc\/#\/schema\/person\/618cfd5c289d0a23930cb258a43679ab","name":"Dieter Jenz","image":{"@type":"ImageObject","inLanguage":"de","@id":"https:\/\/dieter-jenz.de\/lc\/#\/schema\/person\/image\/","url":"https:\/\/dieter-jenz.de\/lc\/wp-content\/uploads\/2020\/01\/Logo-Coaching-und-Begleitung.png","contentUrl":"https:\/\/dieter-jenz.de\/lc\/wp-content\/uploads\/2020\/01\/Logo-Coaching-und-Begleitung.png","width":320,"height":240,"caption":"Dieter Jenz"},"logo":{"@id":"https:\/\/dieter-jenz.de\/lc\/#\/schema\/person\/image\/"},"description":"Ich bin Dieter Jenz, Begleiter, Berater und Coach mit Leidenschaft. \u00dcber viele Jahre hinweg habe ich einen reichen Schatz an Kompetenz und Erfahrung erworben. Meine Themen sind die \"4L\": Lebensaufgabe, Lebensplanung, Lebensnavigation und Lebensqualit\u00e4t.","sameAs":["https:\/\/www.facebook.com\/dieter.jenz.inspiration","https:\/\/www.pinterest.de\/dieterjenz\/","https:\/\/x.com\/https:\/\/twitter.com\/dieterjenz"]}]}},"_links":{"self":[{"href":"https:\/\/dieter-jenz.de\/lc\/wp-json\/wp\/v2\/pages\/35"}],"collection":[{"href":"https:\/\/dieter-jenz.de\/lc\/wp-json\/wp\/v2\/pages"}],"about":[{"href":"https:\/\/dieter-jenz.de\/lc\/wp-json\/wp\/v2\/types\/page"}],"author":[{"embeddable":true,"href":"https:\/\/dieter-jenz.de\/lc\/wp-json\/wp\/v2\/users\/2"}],"replies":[{"embeddable":true,"href":"https:\/\/dieter-jenz.de\/lc\/wp-json\/wp\/v2\/comments?post=35"}],"version-history":[{"count":1,"href":"https:\/\/dieter-jenz.de\/lc\/wp-json\/wp\/v2\/pages\/35\/revisions"}],"predecessor-version":[{"id":36,"href":"https:\/\/dieter-jenz.de\/lc\/wp-json\/wp\/v2\/pages\/35\/revisions\/36"}],"up":[{"embeddable":true,"href":"https:\/\/dieter-jenz.de\/lc\/wp-json\/wp\/v2\/pages\/38"}],"wp:attachment":[{"href":"https:\/\/dieter-jenz.de\/lc\/wp-json\/wp\/v2\/media?parent=35"}],"curies":[{"name":"wp","href":"https:\/\/api.w.org\/{rel}","templated":true}]}}