{"id":38,"date":"2014-02-13T09:33:46","date_gmt":"2014-02-13T08:33:46","guid":{"rendered":"http:\/\/dieter-jenz.de\/lc\/?page_id=38"},"modified":"2014-02-18T10:37:33","modified_gmt":"2014-02-18T09:37:33","slug":"begleitung-und-coaching","status":"publish","type":"page","link":"https:\/\/dieter-jenz.de\/lc\/begleitung-und-coaching\/","title":{"rendered":"Suchen, finden, gehen"},"content":{"rendered":"<p>Wollen Sie einen neuen Weg f\u00fcr sich suchen, finden und gehen?<\/p>\n<p>In manchen Situationen hilft schon ein kleiner Denkansto\u00df um einen neuen Weg zu finden. Meine Begleitung und Coaching unterst\u00fctzt Sie, L\u00f6sungen zu finden und den neuen Weg zu gehen.<\/p>\n<h2>Begleitung<\/h2>\n<p>Wandel und Ver\u00e4nderung im Leben gehen oft mit Verunsicherung, \u00c4ngsten und Verlusten einher. Rechtzeitig Hilfe zu suchen und in Anspruch zu nehmen, ist ein Zeichen von innerer St\u00e4rke und Mut.<\/p>\n<p>Ich begleite Sie und reflektiere mit Ihnen gemeinsam Ihre aktuelle Situation. Ich h\u00f6re Ihnen zu und stelle Fragen. Diese helfen Ihnen, f\u00fcr sich selbst eine stimmige L\u00f6sung zu finden. Wenn Sie m\u00f6chten und ich fachliches Know-how im jeweiligen Sachgebiet mit einbringen kann, unterst\u00fctze ich Sie beratend im Sinne einer fachlichen Beratung.<\/p>\n<h2>Coaching<\/h2>\n<p>Coaching verstehe ich prim\u00e4r als Prozessberatung. W\u00e4hrend ein Fachberater das Problem seines Klienten l\u00f6st bzw. zumindest sein Bestes zu einer L\u00f6sung beitr\u00e4gt, erarbeitet der Coach zusammen mit dem Klienten eine L\u00f6sung. Die gefundene L\u00f6sung passt dann individuell zum Klienten.<\/p>\n<p>Hilfe zur Selbsthilfe ist das Ziel. Im beziehungsorientierten Prozess nutzt der Coach psychotherapeutische Methoden und Interventionen. Dies setzt nat\u00fcrlich voraus, dass der Coach als Prozessberater qualifiziert ist und aus einer Vielfalt von Methoden die geeigneten ausw\u00e4hlen und einsetzen kann. Diese entscheidende Voraussetzung erf\u00fclle ich.<\/p>\n","protected":false},"excerpt":{"rendered":"<p>Wollen Sie einen neuen Weg f\u00fcr sich suchen, finden und gehen? In manchen Situationen hilft schon ein kleiner Denkansto\u00df um einen neuen Weg zu finden. Meine Begleitung und&hellip;<\/p>\n","protected":false},"author":2,"featured_media":0,"parent":0,"menu_order":61,"comment_status":"closed","ping_status":"closed","template":"","meta":{"footnotes":""},"yoast_head":"<!-- This site is optimized with the Yoast SEO plugin v24.5 - https:\/\/yoast.com\/wordpress\/plugins\/seo\/ -->\n<title>Suchen, finden, gehen<\/title>\n<meta name=\"description\" content=\"Wollen Sie einen neuen Weg f\u00fcr sich finden und gehen? Meine Begleitung und Coaching unterst\u00fctzt Sie, L\u00f6sungen zu finden und den neuen Weg zu gehen.\" \/>\n<meta name=\"robots\" content=\"index, follow, max-snippet:-1, max-image-preview:large, max-video-preview:-1\" \/>\n<link rel=\"canonical\" href=\"https:\/\/dieter-jenz.de\/lc\/begleitung-und-coaching\/\" \/>\n<meta property=\"og:locale\" content=\"de_DE\" \/>\n<meta property=\"og:type\" content=\"article\" \/>\n<meta property=\"og:title\" content=\"Suchen, finden, gehen\" \/>\n<meta property=\"og:description\" content=\"Wollen Sie einen neuen Weg f\u00fcr sich finden und gehen? Meine Begleitung und Coaching unterst\u00fctzt Sie, L\u00f6sungen zu finden und den neuen Weg zu gehen.\" \/>\n<meta property=\"og:url\" content=\"https:\/\/dieter-jenz.de\/lc\/begleitung-und-coaching\/\" \/>\n<meta property=\"og:site_name\" content=\"Dieter Jenz, Begleitung und Coaching\" \/>\n<meta property=\"article:publisher\" content=\"https:\/\/www.facebook.com\/dieter.jenz.inspiration\" \/>\n<meta property=\"article:modified_time\" content=\"2014-02-18T09:37:33+00:00\" \/>\n<meta name=\"twitter:card\" content=\"summary_large_image\" \/>\n<meta name=\"twitter:site\" content=\"@dieterjenz\" \/>\n<meta name=\"twitter:label1\" content=\"Gesch\u00e4tzte Lesezeit\" \/>\n\t<meta name=\"twitter:data1\" content=\"1\u00a0Minute\" \/>\n<script type=\"application\/ld+json\" class=\"yoast-schema-graph\">{\"@context\":\"https:\/\/schema.org\",\"@graph\":[{\"@type\":\"WebPage\",\"@id\":\"https:\/\/dieter-jenz.de\/lc\/begleitung-und-coaching\/\",\"url\":\"https:\/\/dieter-jenz.de\/lc\/begleitung-und-coaching\/\",\"name\":\"Suchen, finden, gehen\",\"isPartOf\":{\"@id\":\"https:\/\/dieter-jenz.de\/lc\/#website\"},\"datePublished\":\"2014-02-13T08:33:46+00:00\",\"dateModified\":\"2014-02-18T09:37:33+00:00\",\"description\":\"Wollen Sie einen neuen Weg f\u00fcr sich finden und gehen? Meine Begleitung und Coaching unterst\u00fctzt Sie, L\u00f6sungen zu finden und den neuen Weg zu gehen.\",\"breadcrumb\":{\"@id\":\"https:\/\/dieter-jenz.de\/lc\/begleitung-und-coaching\/#breadcrumb\"},\"inLanguage\":\"de\",\"potentialAction\":[{\"@type\":\"ReadAction\",\"target\":[\"https:\/\/dieter-jenz.de\/lc\/begleitung-und-coaching\/\"]}]},{\"@type\":\"BreadcrumbList\",\"@id\":\"https:\/\/dieter-jenz.de\/lc\/begleitung-und-coaching\/#breadcrumb\",\"itemListElement\":[{\"@type\":\"ListItem\",\"position\":1,\"name\":\"Home\",\"item\":\"https:\/\/dieter-jenz.de\/lc\/\"},{\"@type\":\"ListItem\",\"position\":2,\"name\":\"Suchen, finden, gehen\"}]},{\"@type\":\"WebSite\",\"@id\":\"https:\/\/dieter-jenz.de\/lc\/#website\",\"url\":\"https:\/\/dieter-jenz.de\/lc\/\",\"name\":\"Dieter Jenz, Begleitung und Coaching\",\"description\":\"Die andere, neue Sichtweise entdecken - auftanken - neue Wege gehen\",\"publisher\":{\"@id\":\"https:\/\/dieter-jenz.de\/lc\/#\/schema\/person\/618cfd5c289d0a23930cb258a43679ab\"},\"potentialAction\":[{\"@type\":\"SearchAction\",\"target\":{\"@type\":\"EntryPoint\",\"urlTemplate\":\"https:\/\/dieter-jenz.de\/lc\/?s={search_term_string}\"},\"query-input\":{\"@type\":\"PropertyValueSpecification\",\"valueRequired\":true,\"valueName\":\"search_term_string\"}}],\"inLanguage\":\"de\"},{\"@type\":[\"Person\",\"Organization\"],\"@id\":\"https:\/\/dieter-jenz.de\/lc\/#\/schema\/person\/618cfd5c289d0a23930cb258a43679ab\",\"name\":\"Dieter Jenz\",\"image\":{\"@type\":\"ImageObject\",\"inLanguage\":\"de\",\"@id\":\"https:\/\/dieter-jenz.de\/lc\/#\/schema\/person\/image\/\",\"url\":\"https:\/\/dieter-jenz.de\/lc\/wp-content\/uploads\/2020\/01\/Logo-Coaching-und-Begleitung.png\",\"contentUrl\":\"https:\/\/dieter-jenz.de\/lc\/wp-content\/uploads\/2020\/01\/Logo-Coaching-und-Begleitung.png\",\"width\":320,\"height\":240,\"caption\":\"Dieter Jenz\"},\"logo\":{\"@id\":\"https:\/\/dieter-jenz.de\/lc\/#\/schema\/person\/image\/\"},\"description\":\"Ich bin Dieter Jenz, Begleiter, Berater und Coach mit Leidenschaft. \u00dcber viele Jahre hinweg habe ich einen reichen Schatz an Kompetenz und Erfahrung erworben. Meine Themen sind die \\\"4L\\\": Lebensaufgabe, Lebensplanung, Lebensnavigation und Lebensqualit\u00e4t.\",\"sameAs\":[\"https:\/\/www.facebook.com\/dieter.jenz.inspiration\",\"https:\/\/www.pinterest.de\/dieterjenz\/\",\"https:\/\/x.com\/https:\/\/twitter.com\/dieterjenz\"]}]}<\/script>\n<!-- \/ Yoast SEO plugin. -->","yoast_head_json":{"title":"Suchen, finden, gehen","description":"Wollen Sie einen neuen Weg f\u00fcr sich finden und gehen? Meine Begleitung und Coaching unterst\u00fctzt Sie, L\u00f6sungen zu finden und den neuen Weg zu gehen.","robots":{"index":"index","follow":"follow","max-snippet":"max-snippet:-1","max-image-preview":"max-image-preview:large","max-video-preview":"max-video-preview:-1"},"canonical":"https:\/\/dieter-jenz.de\/lc\/begleitung-und-coaching\/","og_locale":"de_DE","og_type":"article","og_title":"Suchen, finden, gehen","og_description":"Wollen Sie einen neuen Weg f\u00fcr sich finden und gehen? Meine Begleitung und Coaching unterst\u00fctzt Sie, L\u00f6sungen zu finden und den neuen Weg zu gehen.","og_url":"https:\/\/dieter-jenz.de\/lc\/begleitung-und-coaching\/","og_site_name":"Dieter Jenz, Begleitung und Coaching","article_publisher":"https:\/\/www.facebook.com\/dieter.jenz.inspiration","article_modified_time":"2014-02-18T09:37:33+00:00","twitter_card":"summary_large_image","twitter_site":"@dieterjenz","twitter_misc":{"Gesch\u00e4tzte Lesezeit":"1\u00a0Minute"},"schema":{"@context":"https:\/\/schema.org","@graph":[{"@type":"WebPage","@id":"https:\/\/dieter-jenz.de\/lc\/begleitung-und-coaching\/","url":"https:\/\/dieter-jenz.de\/lc\/begleitung-und-coaching\/","name":"Suchen, finden, gehen","isPartOf":{"@id":"https:\/\/dieter-jenz.de\/lc\/#website"},"datePublished":"2014-02-13T08:33:46+00:00","dateModified":"2014-02-18T09:37:33+00:00","description":"Wollen Sie einen neuen Weg f\u00fcr sich finden und gehen? Meine Begleitung und Coaching unterst\u00fctzt Sie, L\u00f6sungen zu finden und den neuen Weg zu gehen.","breadcrumb":{"@id":"https:\/\/dieter-jenz.de\/lc\/begleitung-und-coaching\/#breadcrumb"},"inLanguage":"de","potentialAction":[{"@type":"ReadAction","target":["https:\/\/dieter-jenz.de\/lc\/begleitung-und-coaching\/"]}]},{"@type":"BreadcrumbList","@id":"https:\/\/dieter-jenz.de\/lc\/begleitung-und-coaching\/#breadcrumb","itemListElement":[{"@type":"ListItem","position":1,"name":"Home","item":"https:\/\/dieter-jenz.de\/lc\/"},{"@type":"ListItem","position":2,"name":"Suchen, finden, gehen"}]},{"@type":"WebSite","@id":"https:\/\/dieter-jenz.de\/lc\/#website","url":"https:\/\/dieter-jenz.de\/lc\/","name":"Dieter Jenz, Begleitung und Coaching","description":"Die andere, neue Sichtweise entdecken - auftanken - neue Wege gehen","publisher":{"@id":"https:\/\/dieter-jenz.de\/lc\/#\/schema\/person\/618cfd5c289d0a23930cb258a43679ab"},"potentialAction":[{"@type":"SearchAction","target":{"@type":"EntryPoint","urlTemplate":"https:\/\/dieter-jenz.de\/lc\/?s={search_term_string}"},"query-input":{"@type":"PropertyValueSpecification","valueRequired":true,"valueName":"search_term_string"}}],"inLanguage":"de"},{"@type":["Person","Organization"],"@id":"https:\/\/dieter-jenz.de\/lc\/#\/schema\/person\/618cfd5c289d0a23930cb258a43679ab","name":"Dieter Jenz","image":{"@type":"ImageObject","inLanguage":"de","@id":"https:\/\/dieter-jenz.de\/lc\/#\/schema\/person\/image\/","url":"https:\/\/dieter-jenz.de\/lc\/wp-content\/uploads\/2020\/01\/Logo-Coaching-und-Begleitung.png","contentUrl":"https:\/\/dieter-jenz.de\/lc\/wp-content\/uploads\/2020\/01\/Logo-Coaching-und-Begleitung.png","width":320,"height":240,"caption":"Dieter Jenz"},"logo":{"@id":"https:\/\/dieter-jenz.de\/lc\/#\/schema\/person\/image\/"},"description":"Ich bin Dieter Jenz, Begleiter, Berater und Coach mit Leidenschaft. \u00dcber viele Jahre hinweg habe ich einen reichen Schatz an Kompetenz und Erfahrung erworben. Meine Themen sind die \"4L\": Lebensaufgabe, Lebensplanung, Lebensnavigation und Lebensqualit\u00e4t.","sameAs":["https:\/\/www.facebook.com\/dieter.jenz.inspiration","https:\/\/www.pinterest.de\/dieterjenz\/","https:\/\/x.com\/https:\/\/twitter.com\/dieterjenz"]}]}},"_links":{"self":[{"href":"https:\/\/dieter-jenz.de\/lc\/wp-json\/wp\/v2\/pages\/38"}],"collection":[{"href":"https:\/\/dieter-jenz.de\/lc\/wp-json\/wp\/v2\/pages"}],"about":[{"href":"https:\/\/dieter-jenz.de\/lc\/wp-json\/wp\/v2\/types\/page"}],"author":[{"embeddable":true,"href":"https:\/\/dieter-jenz.de\/lc\/wp-json\/wp\/v2\/users\/2"}],"replies":[{"embeddable":true,"href":"https:\/\/dieter-jenz.de\/lc\/wp-json\/wp\/v2\/comments?post=38"}],"version-history":[{"count":1,"href":"https:\/\/dieter-jenz.de\/lc\/wp-json\/wp\/v2\/pages\/38\/revisions"}],"predecessor-version":[{"id":143,"href":"https:\/\/dieter-jenz.de\/lc\/wp-json\/wp\/v2\/pages\/38\/revisions\/143"}],"wp:attachment":[{"href":"https:\/\/dieter-jenz.de\/lc\/wp-json\/wp\/v2\/media?parent=38"}],"curies":[{"name":"wp","href":"https:\/\/api.w.org\/{rel}","templated":true}]}}