{"id":3979,"date":"2020-07-29T15:31:18","date_gmt":"2020-07-29T13:31:18","guid":{"rendered":"https:\/\/dieter-jenz.de\/lc\/?page_id=3979"},"modified":"2025-10-06T13:54:20","modified_gmt":"2025-10-06T11:54:20","slug":"zitate-hitlisten","status":"publish","type":"page","link":"https:\/\/dieter-jenz.de\/lc\/zitate-hitlisten\/","title":{"rendered":"Zitate-Hitlisten &#8211; Beliebte Zitate: inspirierend, motivierend, Mut machend"},"content":{"rendered":"\n<p>Welche Zitate sind besonders beliebt? Diese Frage beantworten Zitate-Hitlisten, die jeden Monat erscheinen. Jede Hitliste gibt die 20 w\u00e4hrend eines Monats am h\u00e4ufigsten gelesenen Beitr\u00e4ge in ihrer Rangfolge wieder.<\/p>\n\n\n\n<h2 class=\"wp-block-heading\">2025<\/h2>\n\n\n\n<ul>\n<li><a href=\"https:\/\/dieter-jenz.de\/lc\/zitate-hitlisten\/zitate-hitliste-januar-2025\/\">Januar 2025<\/a><\/li>\n\n\n\n<li><a href=\"https:\/\/dieter-jenz.de\/lc\/zitate-hitlisten\/zitate-hitliste-februar-2025\/\">Februar 2025<\/a><\/li>\n\n\n\n<li><a href=\"https:\/\/dieter-jenz.de\/lc\/zitate-hitlisten\/zitate-hitliste-maerz-2025\/\">M\u00e4rz 2025<\/a><\/li>\n\n\n\n<li><a href=\"https:\/\/dieter-jenz.de\/lc\/zitate-hitlisten\/zitate-hitliste-april-2025\/\">April 2025<\/a><\/li>\n\n\n\n<li><a href=\"https:\/\/dieter-jenz.de\/lc\/zitate-hitlisten\/zitate-hitliste-mai-2025\/\">Mai 2025<\/a><\/li>\n\n\n\n<li><a href=\"https:\/\/dieter-jenz.de\/lc\/zitate-hitlisten\/zitate-hitliste-juni-2025\/\">Juni 2025<\/a><\/li>\n\n\n\n<li><a href=\"https:\/\/dieter-jenz.de\/lc\/zitate-hitlisten\/zitate-hitliste-juli-2025\/\">Juli 2025<\/a><\/li>\n\n\n\n<li><a href=\"https:\/\/dieter-jenz.de\/lc\/zitate-hitlisten\/zitate-hitliste-august-2025\/\">August 2025<\/a><\/li>\n\n\n\n<li><a href=\"https:\/\/dieter-jenz.de\/lc\/zitate-hitlisten\/zitate-hitliste-september-2025\/\">September 2025<\/a><\/li>\n<\/ul>\n\n\n\n<h2 class=\"wp-block-heading\">2024<\/h2>\n\n\n\n<p>Die <a href=\"http:\/\/dieter-jenz.de\/lc\/top-100-zitate-jahr-2024\/\">Top 100-Zitate des Jahres 2024<\/a><\/p>\n\n\n\n<p>Zitate-Hitlisten nach Monaten<\/p>\n\n\n\n<ul>\n<li><a href=\"https:\/\/dieter-jenz.de\/lc\/zitate-hitlisten\/zitate-hitliste-januar-2024\/\">Januar 2024<\/a><\/li>\n\n\n\n<li><a href=\"https:\/\/dieter-jenz.de\/lc\/zitate-hitlisten\/zitate-hitliste-februar-2024\/\">Februar<\/a><a href=\"https:\/\/dieter-jenz.de\/lc\/zitate-hitlisten\/zitate-hitliste-januar-2024\/\"> 2024<\/a><\/li>\n\n\n\n<li><a href=\"https:\/\/dieter-jenz.de\/lc\/zitate-hitlisten\/zitate-hitliste-maerz-2024\/\">M\u00e4rz 2024<\/a><\/li>\n\n\n\n<li><a href=\"https:\/\/dieter-jenz.de\/lc\/zitate-hitlisten\/zitate-hitliste-april-2024\/\">April 2024<\/a><\/li>\n\n\n\n<li><a href=\"https:\/\/dieter-jenz.de\/lc\/zitate-hitlisten\/zitate-hitliste-mai-2024\/\">Mai 2024<\/a><\/li>\n\n\n\n<li><a href=\"https:\/\/dieter-jenz.de\/lc\/zitate-hitlisten\/zitate-hitliste-juni-2024\/\">Juni 2024<\/a><\/li>\n\n\n\n<li><a href=\"https:\/\/dieter-jenz.de\/lc\/zitate-hitlisten\/zitate-hitliste-juli-2024\/\">Juli 2024<\/a><\/li>\n\n\n\n<li><a href=\"https:\/\/dieter-jenz.de\/lc\/zitate-hitlisten\/zitate-hitliste-august-2024\/\">August 2024<\/a><\/li>\n\n\n\n<li><a href=\"https:\/\/dieter-jenz.de\/lc\/zitate-hitlisten\/zitate-hitliste-september-2024\/\">September 2024<\/a><\/li>\n\n\n\n<li><a href=\"https:\/\/dieter-jenz.de\/lc\/zitate-hitlisten\/zitate-hitliste-oktober-2024\/\">Oktober 2024<\/a><\/li>\n\n\n\n<li><a href=\"https:\/\/dieter-jenz.de\/lc\/zitate-hitlisten\/zitate-hitliste-november-2024\/\">November 2024<\/a><\/li>\n\n\n\n<li><a href=\"https:\/\/dieter-jenz.de\/lc\/zitate-hitlisten\/zitate-hitliste-dezember-2024\/\">Dezember 2024<\/a><\/li>\n<\/ul>\n","protected":false},"excerpt":{"rendered":"<p>Welche Zitate sind besonders beliebt? Diese Frage beantworten Zitate-Hitlisten, die jeden Monat erscheinen. Jede Hitliste gibt die 20 w\u00e4hrend eines Monats am h\u00e4ufigsten gelesenen Beitr\u00e4ge in ihrer Rangfolge&hellip;<\/p>\n","protected":false},"author":2,"featured_media":4162,"parent":0,"menu_order":0,"comment_status":"closed","ping_status":"closed","template":"template-full-width-only-content.php","meta":{"footnotes":""},"yoast_head":"<!-- This site is optimized with the Yoast SEO plugin v24.5 - https:\/\/yoast.com\/wordpress\/plugins\/seo\/ -->\n<title>Zitate-Hitlisten - Beliebte Zitate: inspirierend, motivierend, Mut machend<\/title>\n<meta name=\"description\" content=\"Inspiration, Motivation, Ermutigung - Welche Zitate sind besonders beliebt? Erfahren Sie mehr dazu in den monatlichen Zitate-Hitlisten.\" \/>\n<meta name=\"robots\" content=\"index, follow, max-snippet:-1, max-image-preview:large, max-video-preview:-1\" \/>\n<link rel=\"canonical\" href=\"https:\/\/dieter-jenz.de\/lc\/zitate-hitlisten\/\" \/>\n<meta property=\"og:locale\" content=\"de_DE\" \/>\n<meta property=\"og:type\" content=\"article\" \/>\n<meta property=\"og:title\" content=\"Zitate-Hitlisten - Beliebte Zitate: inspirierend, motivierend, Mut machend\" \/>\n<meta property=\"og:description\" content=\"Inspiration, Motivation, Ermutigung - Welche Zitate sind besonders beliebt? Erfahren Sie mehr dazu in den monatlichen Zitate-Hitlisten.\" \/>\n<meta property=\"og:url\" content=\"https:\/\/dieter-jenz.de\/lc\/zitate-hitlisten\/\" \/>\n<meta property=\"og:site_name\" content=\"Dieter Jenz, Begleitung und Coaching\" \/>\n<meta property=\"article:publisher\" content=\"https:\/\/www.facebook.com\/dieter.jenz.inspiration\" \/>\n<meta property=\"article:modified_time\" content=\"2025-10-06T11:54:20+00:00\" \/>\n<meta property=\"og:image\" content=\"https:\/\/dieter-jenz.de\/lc\/wp-content\/uploads\/2020\/08\/Beitragsbild-Hitliste.jpeg\" \/>\n\t<meta property=\"og:image:width\" content=\"500\" \/>\n\t<meta property=\"og:image:height\" content=\"500\" \/>\n\t<meta property=\"og:image:type\" content=\"image\/jpeg\" \/>\n<meta name=\"twitter:card\" content=\"summary_large_image\" \/>\n<meta name=\"twitter:site\" content=\"@dieterjenz\" \/>\n<meta name=\"twitter:label1\" content=\"Gesch\u00e4tzte Lesezeit\" \/>\n\t<meta name=\"twitter:data1\" content=\"1\u00a0Minute\" \/>\n<script type=\"application\/ld+json\" class=\"yoast-schema-graph\">{\"@context\":\"https:\/\/schema.org\",\"@graph\":[{\"@type\":\"WebPage\",\"@id\":\"https:\/\/dieter-jenz.de\/lc\/zitate-hitlisten\/\",\"url\":\"https:\/\/dieter-jenz.de\/lc\/zitate-hitlisten\/\",\"name\":\"Zitate-Hitlisten - Beliebte Zitate: inspirierend, motivierend, Mut machend\",\"isPartOf\":{\"@id\":\"https:\/\/dieter-jenz.de\/lc\/#website\"},\"primaryImageOfPage\":{\"@id\":\"https:\/\/dieter-jenz.de\/lc\/zitate-hitlisten\/#primaryimage\"},\"image\":{\"@id\":\"https:\/\/dieter-jenz.de\/lc\/zitate-hitlisten\/#primaryimage\"},\"thumbnailUrl\":\"https:\/\/dieter-jenz.de\/lc\/wp-content\/uploads\/2020\/08\/Beitragsbild-Hitliste.jpeg\",\"datePublished\":\"2020-07-29T13:31:18+00:00\",\"dateModified\":\"2025-10-06T11:54:20+00:00\",\"description\":\"Inspiration, Motivation, Ermutigung - Welche Zitate sind besonders beliebt? Erfahren Sie mehr dazu in den monatlichen Zitate-Hitlisten.\",\"breadcrumb\":{\"@id\":\"https:\/\/dieter-jenz.de\/lc\/zitate-hitlisten\/#breadcrumb\"},\"inLanguage\":\"de\",\"potentialAction\":[{\"@type\":\"ReadAction\",\"target\":[\"https:\/\/dieter-jenz.de\/lc\/zitate-hitlisten\/\"]}]},{\"@type\":\"ImageObject\",\"inLanguage\":\"de\",\"@id\":\"https:\/\/dieter-jenz.de\/lc\/zitate-hitlisten\/#primaryimage\",\"url\":\"https:\/\/dieter-jenz.de\/lc\/wp-content\/uploads\/2020\/08\/Beitragsbild-Hitliste.jpeg\",\"contentUrl\":\"https:\/\/dieter-jenz.de\/lc\/wp-content\/uploads\/2020\/08\/Beitragsbild-Hitliste.jpeg\",\"width\":500,\"height\":500,\"caption\":\"Hitliste - Gestaltung: privat\"},{\"@type\":\"BreadcrumbList\",\"@id\":\"https:\/\/dieter-jenz.de\/lc\/zitate-hitlisten\/#breadcrumb\",\"itemListElement\":[{\"@type\":\"ListItem\",\"position\":1,\"name\":\"Home\",\"item\":\"https:\/\/dieter-jenz.de\/lc\/\"},{\"@type\":\"ListItem\",\"position\":2,\"name\":\"Zitate-Hitlisten &#8211; Beliebte Zitate: inspirierend, motivierend, Mut machend\"}]},{\"@type\":\"WebSite\",\"@id\":\"https:\/\/dieter-jenz.de\/lc\/#website\",\"url\":\"https:\/\/dieter-jenz.de\/lc\/\",\"name\":\"Dieter Jenz, Begleitung und Coaching\",\"description\":\"Die andere, neue Sichtweise entdecken - auftanken - neue Wege gehen\",\"publisher\":{\"@id\":\"https:\/\/dieter-jenz.de\/lc\/#\/schema\/person\/618cfd5c289d0a23930cb258a43679ab\"},\"potentialAction\":[{\"@type\":\"SearchAction\",\"target\":{\"@type\":\"EntryPoint\",\"urlTemplate\":\"https:\/\/dieter-jenz.de\/lc\/?s={search_term_string}\"},\"query-input\":{\"@type\":\"PropertyValueSpecification\",\"valueRequired\":true,\"valueName\":\"search_term_string\"}}],\"inLanguage\":\"de\"},{\"@type\":[\"Person\",\"Organization\"],\"@id\":\"https:\/\/dieter-jenz.de\/lc\/#\/schema\/person\/618cfd5c289d0a23930cb258a43679ab\",\"name\":\"Dieter Jenz\",\"image\":{\"@type\":\"ImageObject\",\"inLanguage\":\"de\",\"@id\":\"https:\/\/dieter-jenz.de\/lc\/#\/schema\/person\/image\/\",\"url\":\"https:\/\/dieter-jenz.de\/lc\/wp-content\/uploads\/2020\/01\/Logo-Coaching-und-Begleitung.png\",\"contentUrl\":\"https:\/\/dieter-jenz.de\/lc\/wp-content\/uploads\/2020\/01\/Logo-Coaching-und-Begleitung.png\",\"width\":320,\"height\":240,\"caption\":\"Dieter Jenz\"},\"logo\":{\"@id\":\"https:\/\/dieter-jenz.de\/lc\/#\/schema\/person\/image\/\"},\"description\":\"Ich bin Dieter Jenz, Begleiter, Berater und Coach mit Leidenschaft. \u00dcber viele Jahre hinweg habe ich einen reichen Schatz an Kompetenz und Erfahrung erworben. Meine Themen sind die \\\"4L\\\": Lebensaufgabe, Lebensplanung, Lebensnavigation und Lebensqualit\u00e4t.\",\"sameAs\":[\"https:\/\/www.facebook.com\/dieter.jenz.inspiration\",\"https:\/\/www.pinterest.de\/dieterjenz\/\",\"https:\/\/x.com\/https:\/\/twitter.com\/dieterjenz\"]}]}<\/script>\n<!-- \/ Yoast SEO plugin. -->","yoast_head_json":{"title":"Zitate-Hitlisten - Beliebte Zitate: inspirierend, motivierend, Mut machend","description":"Inspiration, Motivation, Ermutigung - Welche Zitate sind besonders beliebt? Erfahren Sie mehr dazu in den monatlichen Zitate-Hitlisten.","robots":{"index":"index","follow":"follow","max-snippet":"max-snippet:-1","max-image-preview":"max-image-preview:large","max-video-preview":"max-video-preview:-1"},"canonical":"https:\/\/dieter-jenz.de\/lc\/zitate-hitlisten\/","og_locale":"de_DE","og_type":"article","og_title":"Zitate-Hitlisten - Beliebte Zitate: inspirierend, motivierend, Mut machend","og_description":"Inspiration, Motivation, Ermutigung - Welche Zitate sind besonders beliebt? Erfahren Sie mehr dazu in den monatlichen Zitate-Hitlisten.","og_url":"https:\/\/dieter-jenz.de\/lc\/zitate-hitlisten\/","og_site_name":"Dieter Jenz, Begleitung und Coaching","article_publisher":"https:\/\/www.facebook.com\/dieter.jenz.inspiration","article_modified_time":"2025-10-06T11:54:20+00:00","og_image":[{"width":500,"height":500,"url":"https:\/\/dieter-jenz.de\/lc\/wp-content\/uploads\/2020\/08\/Beitragsbild-Hitliste.jpeg","type":"image\/jpeg"}],"twitter_card":"summary_large_image","twitter_site":"@dieterjenz","twitter_misc":{"Gesch\u00e4tzte Lesezeit":"1\u00a0Minute"},"schema":{"@context":"https:\/\/schema.org","@graph":[{"@type":"WebPage","@id":"https:\/\/dieter-jenz.de\/lc\/zitate-hitlisten\/","url":"https:\/\/dieter-jenz.de\/lc\/zitate-hitlisten\/","name":"Zitate-Hitlisten - Beliebte Zitate: inspirierend, motivierend, Mut machend","isPartOf":{"@id":"https:\/\/dieter-jenz.de\/lc\/#website"},"primaryImageOfPage":{"@id":"https:\/\/dieter-jenz.de\/lc\/zitate-hitlisten\/#primaryimage"},"image":{"@id":"https:\/\/dieter-jenz.de\/lc\/zitate-hitlisten\/#primaryimage"},"thumbnailUrl":"https:\/\/dieter-jenz.de\/lc\/wp-content\/uploads\/2020\/08\/Beitragsbild-Hitliste.jpeg","datePublished":"2020-07-29T13:31:18+00:00","dateModified":"2025-10-06T11:54:20+00:00","description":"Inspiration, Motivation, Ermutigung - Welche Zitate sind besonders beliebt? Erfahren Sie mehr dazu in den monatlichen Zitate-Hitlisten.","breadcrumb":{"@id":"https:\/\/dieter-jenz.de\/lc\/zitate-hitlisten\/#breadcrumb"},"inLanguage":"de","potentialAction":[{"@type":"ReadAction","target":["https:\/\/dieter-jenz.de\/lc\/zitate-hitlisten\/"]}]},{"@type":"ImageObject","inLanguage":"de","@id":"https:\/\/dieter-jenz.de\/lc\/zitate-hitlisten\/#primaryimage","url":"https:\/\/dieter-jenz.de\/lc\/wp-content\/uploads\/2020\/08\/Beitragsbild-Hitliste.jpeg","contentUrl":"https:\/\/dieter-jenz.de\/lc\/wp-content\/uploads\/2020\/08\/Beitragsbild-Hitliste.jpeg","width":500,"height":500,"caption":"Hitliste - Gestaltung: privat"},{"@type":"BreadcrumbList","@id":"https:\/\/dieter-jenz.de\/lc\/zitate-hitlisten\/#breadcrumb","itemListElement":[{"@type":"ListItem","position":1,"name":"Home","item":"https:\/\/dieter-jenz.de\/lc\/"},{"@type":"ListItem","position":2,"name":"Zitate-Hitlisten &#8211; Beliebte Zitate: inspirierend, motivierend, Mut machend"}]},{"@type":"WebSite","@id":"https:\/\/dieter-jenz.de\/lc\/#website","url":"https:\/\/dieter-jenz.de\/lc\/","name":"Dieter Jenz, Begleitung und Coaching","description":"Die andere, neue Sichtweise entdecken - auftanken - neue Wege gehen","publisher":{"@id":"https:\/\/dieter-jenz.de\/lc\/#\/schema\/person\/618cfd5c289d0a23930cb258a43679ab"},"potentialAction":[{"@type":"SearchAction","target":{"@type":"EntryPoint","urlTemplate":"https:\/\/dieter-jenz.de\/lc\/?s={search_term_string}"},"query-input":{"@type":"PropertyValueSpecification","valueRequired":true,"valueName":"search_term_string"}}],"inLanguage":"de"},{"@type":["Person","Organization"],"@id":"https:\/\/dieter-jenz.de\/lc\/#\/schema\/person\/618cfd5c289d0a23930cb258a43679ab","name":"Dieter Jenz","image":{"@type":"ImageObject","inLanguage":"de","@id":"https:\/\/dieter-jenz.de\/lc\/#\/schema\/person\/image\/","url":"https:\/\/dieter-jenz.de\/lc\/wp-content\/uploads\/2020\/01\/Logo-Coaching-und-Begleitung.png","contentUrl":"https:\/\/dieter-jenz.de\/lc\/wp-content\/uploads\/2020\/01\/Logo-Coaching-und-Begleitung.png","width":320,"height":240,"caption":"Dieter Jenz"},"logo":{"@id":"https:\/\/dieter-jenz.de\/lc\/#\/schema\/person\/image\/"},"description":"Ich bin Dieter Jenz, Begleiter, Berater und Coach mit Leidenschaft. \u00dcber viele Jahre hinweg habe ich einen reichen Schatz an Kompetenz und Erfahrung erworben. Meine Themen sind die \"4L\": Lebensaufgabe, Lebensplanung, Lebensnavigation und Lebensqualit\u00e4t.","sameAs":["https:\/\/www.facebook.com\/dieter.jenz.inspiration","https:\/\/www.pinterest.de\/dieterjenz\/","https:\/\/x.com\/https:\/\/twitter.com\/dieterjenz"]}]}},"_links":{"self":[{"href":"https:\/\/dieter-jenz.de\/lc\/wp-json\/wp\/v2\/pages\/3979"}],"collection":[{"href":"https:\/\/dieter-jenz.de\/lc\/wp-json\/wp\/v2\/pages"}],"about":[{"href":"https:\/\/dieter-jenz.de\/lc\/wp-json\/wp\/v2\/types\/page"}],"author":[{"embeddable":true,"href":"https:\/\/dieter-jenz.de\/lc\/wp-json\/wp\/v2\/users\/2"}],"replies":[{"embeddable":true,"href":"https:\/\/dieter-jenz.de\/lc\/wp-json\/wp\/v2\/comments?post=3979"}],"version-history":[{"count":24,"href":"https:\/\/dieter-jenz.de\/lc\/wp-json\/wp\/v2\/pages\/3979\/revisions"}],"predecessor-version":[{"id":13223,"href":"https:\/\/dieter-jenz.de\/lc\/wp-json\/wp\/v2\/pages\/3979\/revisions\/13223"}],"wp:featuredmedia":[{"embeddable":true,"href":"https:\/\/dieter-jenz.de\/lc\/wp-json\/wp\/v2\/media\/4162"}],"wp:attachment":[{"href":"https:\/\/dieter-jenz.de\/lc\/wp-json\/wp\/v2\/media?parent=3979"}],"curies":[{"name":"wp","href":"https:\/\/api.w.org\/{rel}","templated":true}]}}