{"id":43,"date":"2014-02-13T09:50:00","date_gmt":"2014-02-13T08:50:00","guid":{"rendered":"http:\/\/dieter-jenz.de\/lc\/?page_id=43"},"modified":"2018-09-06T08:22:54","modified_gmt":"2018-09-06T07:22:54","slug":"gespraechsbegleitung-bei-problemen-fragestellungen-entscheidungen","status":"publish","type":"page","link":"https:\/\/dieter-jenz.de\/lc\/begleitung-und-coaching\/gespraechsbegleitung-bei-problemen-fragestellungen-entscheidungen\/","title":{"rendered":"Gespr\u00e4chsbegleitung bei Problemen, Fragestellungen, Entscheidungen"},"content":{"rendered":"<p><span style=\"font-family: Arial,sans-serif;\">Gespr\u00e4chsbegleitung bei Problemen, Fragestellungen oder Entscheidungen wird oft als sehr hilfreich empfunden. Der unvoreingenommene Blick eines Dritten kann neue L\u00f6sungsm\u00f6glichkeiten er\u00f6ffnen.<br \/>\n<\/span><\/p>\n<p><span style=\"font-family: Arial,sans-serif;\">Viele individuelle Probleme, Fragestellungen und Entscheidungssituationen lassen sich im vertraulichen Gespr\u00e4ch mit einem vertrauensw\u00fcrdigen und sympathischen Menschen sehr viel leichter l\u00f6sen. <span style=\"font-size: medium;\">Doch welche M\u00f6glichkeiten haben Sie, wenn es in Ihrer Familie oder im Freundeskreis einen solchen Menschen nicht gibt? <\/span><\/span><\/p>\n<p><span style=\"font-family: Arial,sans-serif;\">Vielleicht m\u00f6chten Sie das f\u00fcr Sie so Wichtige zun\u00e4chst au\u00dferhalb des vertrauten Personenkreises besprechen. Sie wollen St\u00f6rungen und Ablenkungen durch immer die selben Argumente vermeiden. Sie wollen vermeiden, dass sich Diskussionen immer wieder im Kreis drehen. Sie wollen sich keinem Druck aussetzen.<\/span><\/p>\n<p><span style=\"font-family: Arial,sans-serif;\">Fast immer erweist es sich als vorteilhaft, wenn ein au\u00dfenstehender, in L\u00f6sungsprozessen erfahrener, Berater einen unvoreingenommenen Blick auf das was f\u00fcr Sie so wichtig ist wirft. <\/span><\/p>\n<p><span style=\"font-family: Arial,sans-serif;\">Ich kann mit Ihnen zusammen auf Ihre Probleme, Fragestellungen und Entscheidungssituationen eingehen. In einem dynamischen Prozess erarbeiten wir gemeinsam m\u00f6gliche L\u00f6sungswege. Sie k\u00f6nnen dann bewerten, welcher Weg f\u00fcr Sie der vielversprechendste ist.<\/span><\/p>\n","protected":false},"excerpt":{"rendered":"<p>Gespr\u00e4chsbegleitung bei Problemen, Fragestellungen oder Entscheidungen wird oft als sehr hilfreich empfunden. Der unvoreingenommene Blick eines Dritten kann neue L\u00f6sungsm\u00f6glichkeiten er\u00f6ffnen. Viele individuelle Probleme, Fragestellungen und Entscheidungssituationen lassen&hellip;<\/p>\n","protected":false},"author":2,"featured_media":0,"parent":38,"menu_order":60,"comment_status":"closed","ping_status":"closed","template":"","meta":{"footnotes":""},"yoast_head":"<!-- This site is optimized with the Yoast SEO plugin v24.5 - https:\/\/yoast.com\/wordpress\/plugins\/seo\/ -->\n<title>Gespr\u00e4chsbegleitung bei Problemen, Fragestellungen, Entscheidungen<\/title>\n<meta name=\"description\" content=\"W\u00fcnschen Sie professionelle Gespr\u00e4chsbegleitung bei Problemen, Fragestellungen, Entscheidungen? Der unvoreingenommene Blick eines Dritten f\u00f6rdert L\u00f6sungen.\" \/>\n<meta name=\"robots\" content=\"index, follow, max-snippet:-1, max-image-preview:large, max-video-preview:-1\" \/>\n<link rel=\"canonical\" href=\"https:\/\/dieter-jenz.de\/lc\/begleitung-und-coaching\/gespraechsbegleitung-bei-problemen-fragestellungen-entscheidungen\/\" \/>\n<meta property=\"og:locale\" content=\"de_DE\" \/>\n<meta property=\"og:type\" content=\"article\" \/>\n<meta property=\"og:title\" content=\"Gespr\u00e4chsbegleitung bei Problemen, Fragestellungen, Entscheidungen\" \/>\n<meta property=\"og:description\" content=\"W\u00fcnschen Sie professionelle Gespr\u00e4chsbegleitung bei Problemen, Fragestellungen, Entscheidungen? Der unvoreingenommene Blick eines Dritten f\u00f6rdert L\u00f6sungen.\" \/>\n<meta property=\"og:url\" content=\"https:\/\/dieter-jenz.de\/lc\/begleitung-und-coaching\/gespraechsbegleitung-bei-problemen-fragestellungen-entscheidungen\/\" \/>\n<meta property=\"og:site_name\" content=\"Dieter Jenz, Begleitung und Coaching\" \/>\n<meta property=\"article:publisher\" content=\"https:\/\/www.facebook.com\/dieter.jenz.inspiration\" \/>\n<meta property=\"article:modified_time\" content=\"2018-09-06T07:22:54+00:00\" \/>\n<meta name=\"twitter:card\" content=\"summary_large_image\" \/>\n<meta name=\"twitter:site\" content=\"@dieterjenz\" \/>\n<meta name=\"twitter:label1\" content=\"Gesch\u00e4tzte Lesezeit\" \/>\n\t<meta name=\"twitter:data1\" content=\"1\u00a0Minute\" \/>\n<script type=\"application\/ld+json\" class=\"yoast-schema-graph\">{\"@context\":\"https:\/\/schema.org\",\"@graph\":[{\"@type\":\"WebPage\",\"@id\":\"https:\/\/dieter-jenz.de\/lc\/begleitung-und-coaching\/gespraechsbegleitung-bei-problemen-fragestellungen-entscheidungen\/\",\"url\":\"https:\/\/dieter-jenz.de\/lc\/begleitung-und-coaching\/gespraechsbegleitung-bei-problemen-fragestellungen-entscheidungen\/\",\"name\":\"Gespr\u00e4chsbegleitung bei Problemen, Fragestellungen, Entscheidungen\",\"isPartOf\":{\"@id\":\"https:\/\/dieter-jenz.de\/lc\/#website\"},\"datePublished\":\"2014-02-13T08:50:00+00:00\",\"dateModified\":\"2018-09-06T07:22:54+00:00\",\"description\":\"W\u00fcnschen Sie professionelle Gespr\u00e4chsbegleitung bei Problemen, Fragestellungen, Entscheidungen? Der unvoreingenommene Blick eines Dritten f\u00f6rdert L\u00f6sungen.\",\"breadcrumb\":{\"@id\":\"https:\/\/dieter-jenz.de\/lc\/begleitung-und-coaching\/gespraechsbegleitung-bei-problemen-fragestellungen-entscheidungen\/#breadcrumb\"},\"inLanguage\":\"de\",\"potentialAction\":[{\"@type\":\"ReadAction\",\"target\":[\"https:\/\/dieter-jenz.de\/lc\/begleitung-und-coaching\/gespraechsbegleitung-bei-problemen-fragestellungen-entscheidungen\/\"]}]},{\"@type\":\"BreadcrumbList\",\"@id\":\"https:\/\/dieter-jenz.de\/lc\/begleitung-und-coaching\/gespraechsbegleitung-bei-problemen-fragestellungen-entscheidungen\/#breadcrumb\",\"itemListElement\":[{\"@type\":\"ListItem\",\"position\":1,\"name\":\"Home\",\"item\":\"https:\/\/dieter-jenz.de\/lc\/\"},{\"@type\":\"ListItem\",\"position\":2,\"name\":\"Suchen, finden, gehen\",\"item\":\"https:\/\/dieter-jenz.de\/lc\/begleitung-und-coaching\/\"},{\"@type\":\"ListItem\",\"position\":3,\"name\":\"Gespr\u00e4chsbegleitung bei Problemen, Fragestellungen, Entscheidungen\"}]},{\"@type\":\"WebSite\",\"@id\":\"https:\/\/dieter-jenz.de\/lc\/#website\",\"url\":\"https:\/\/dieter-jenz.de\/lc\/\",\"name\":\"Dieter Jenz, Begleitung und Coaching\",\"description\":\"Die andere, neue Sichtweise entdecken - auftanken - neue Wege gehen\",\"publisher\":{\"@id\":\"https:\/\/dieter-jenz.de\/lc\/#\/schema\/person\/618cfd5c289d0a23930cb258a43679ab\"},\"potentialAction\":[{\"@type\":\"SearchAction\",\"target\":{\"@type\":\"EntryPoint\",\"urlTemplate\":\"https:\/\/dieter-jenz.de\/lc\/?s={search_term_string}\"},\"query-input\":{\"@type\":\"PropertyValueSpecification\",\"valueRequired\":true,\"valueName\":\"search_term_string\"}}],\"inLanguage\":\"de\"},{\"@type\":[\"Person\",\"Organization\"],\"@id\":\"https:\/\/dieter-jenz.de\/lc\/#\/schema\/person\/618cfd5c289d0a23930cb258a43679ab\",\"name\":\"Dieter Jenz\",\"image\":{\"@type\":\"ImageObject\",\"inLanguage\":\"de\",\"@id\":\"https:\/\/dieter-jenz.de\/lc\/#\/schema\/person\/image\/\",\"url\":\"https:\/\/dieter-jenz.de\/lc\/wp-content\/uploads\/2020\/01\/Logo-Coaching-und-Begleitung.png\",\"contentUrl\":\"https:\/\/dieter-jenz.de\/lc\/wp-content\/uploads\/2020\/01\/Logo-Coaching-und-Begleitung.png\",\"width\":320,\"height\":240,\"caption\":\"Dieter Jenz\"},\"logo\":{\"@id\":\"https:\/\/dieter-jenz.de\/lc\/#\/schema\/person\/image\/\"},\"description\":\"Ich bin Dieter Jenz, Begleiter, Berater und Coach mit Leidenschaft. \u00dcber viele Jahre hinweg habe ich einen reichen Schatz an Kompetenz und Erfahrung erworben. Meine Themen sind die \\\"4L\\\": Lebensaufgabe, Lebensplanung, Lebensnavigation und Lebensqualit\u00e4t.\",\"sameAs\":[\"https:\/\/www.facebook.com\/dieter.jenz.inspiration\",\"https:\/\/www.pinterest.de\/dieterjenz\/\",\"https:\/\/x.com\/https:\/\/twitter.com\/dieterjenz\"]}]}<\/script>\n<!-- \/ Yoast SEO plugin. -->","yoast_head_json":{"title":"Gespr\u00e4chsbegleitung bei Problemen, Fragestellungen, Entscheidungen","description":"W\u00fcnschen Sie professionelle Gespr\u00e4chsbegleitung bei Problemen, Fragestellungen, Entscheidungen? Der unvoreingenommene Blick eines Dritten f\u00f6rdert L\u00f6sungen.","robots":{"index":"index","follow":"follow","max-snippet":"max-snippet:-1","max-image-preview":"max-image-preview:large","max-video-preview":"max-video-preview:-1"},"canonical":"https:\/\/dieter-jenz.de\/lc\/begleitung-und-coaching\/gespraechsbegleitung-bei-problemen-fragestellungen-entscheidungen\/","og_locale":"de_DE","og_type":"article","og_title":"Gespr\u00e4chsbegleitung bei Problemen, Fragestellungen, Entscheidungen","og_description":"W\u00fcnschen Sie professionelle Gespr\u00e4chsbegleitung bei Problemen, Fragestellungen, Entscheidungen? Der unvoreingenommene Blick eines Dritten f\u00f6rdert L\u00f6sungen.","og_url":"https:\/\/dieter-jenz.de\/lc\/begleitung-und-coaching\/gespraechsbegleitung-bei-problemen-fragestellungen-entscheidungen\/","og_site_name":"Dieter Jenz, Begleitung und Coaching","article_publisher":"https:\/\/www.facebook.com\/dieter.jenz.inspiration","article_modified_time":"2018-09-06T07:22:54+00:00","twitter_card":"summary_large_image","twitter_site":"@dieterjenz","twitter_misc":{"Gesch\u00e4tzte Lesezeit":"1\u00a0Minute"},"schema":{"@context":"https:\/\/schema.org","@graph":[{"@type":"WebPage","@id":"https:\/\/dieter-jenz.de\/lc\/begleitung-und-coaching\/gespraechsbegleitung-bei-problemen-fragestellungen-entscheidungen\/","url":"https:\/\/dieter-jenz.de\/lc\/begleitung-und-coaching\/gespraechsbegleitung-bei-problemen-fragestellungen-entscheidungen\/","name":"Gespr\u00e4chsbegleitung bei Problemen, Fragestellungen, Entscheidungen","isPartOf":{"@id":"https:\/\/dieter-jenz.de\/lc\/#website"},"datePublished":"2014-02-13T08:50:00+00:00","dateModified":"2018-09-06T07:22:54+00:00","description":"W\u00fcnschen Sie professionelle Gespr\u00e4chsbegleitung bei Problemen, Fragestellungen, Entscheidungen? Der unvoreingenommene Blick eines Dritten f\u00f6rdert L\u00f6sungen.","breadcrumb":{"@id":"https:\/\/dieter-jenz.de\/lc\/begleitung-und-coaching\/gespraechsbegleitung-bei-problemen-fragestellungen-entscheidungen\/#breadcrumb"},"inLanguage":"de","potentialAction":[{"@type":"ReadAction","target":["https:\/\/dieter-jenz.de\/lc\/begleitung-und-coaching\/gespraechsbegleitung-bei-problemen-fragestellungen-entscheidungen\/"]}]},{"@type":"BreadcrumbList","@id":"https:\/\/dieter-jenz.de\/lc\/begleitung-und-coaching\/gespraechsbegleitung-bei-problemen-fragestellungen-entscheidungen\/#breadcrumb","itemListElement":[{"@type":"ListItem","position":1,"name":"Home","item":"https:\/\/dieter-jenz.de\/lc\/"},{"@type":"ListItem","position":2,"name":"Suchen, finden, gehen","item":"https:\/\/dieter-jenz.de\/lc\/begleitung-und-coaching\/"},{"@type":"ListItem","position":3,"name":"Gespr\u00e4chsbegleitung bei Problemen, Fragestellungen, Entscheidungen"}]},{"@type":"WebSite","@id":"https:\/\/dieter-jenz.de\/lc\/#website","url":"https:\/\/dieter-jenz.de\/lc\/","name":"Dieter Jenz, Begleitung und Coaching","description":"Die andere, neue Sichtweise entdecken - auftanken - neue Wege gehen","publisher":{"@id":"https:\/\/dieter-jenz.de\/lc\/#\/schema\/person\/618cfd5c289d0a23930cb258a43679ab"},"potentialAction":[{"@type":"SearchAction","target":{"@type":"EntryPoint","urlTemplate":"https:\/\/dieter-jenz.de\/lc\/?s={search_term_string}"},"query-input":{"@type":"PropertyValueSpecification","valueRequired":true,"valueName":"search_term_string"}}],"inLanguage":"de"},{"@type":["Person","Organization"],"@id":"https:\/\/dieter-jenz.de\/lc\/#\/schema\/person\/618cfd5c289d0a23930cb258a43679ab","name":"Dieter Jenz","image":{"@type":"ImageObject","inLanguage":"de","@id":"https:\/\/dieter-jenz.de\/lc\/#\/schema\/person\/image\/","url":"https:\/\/dieter-jenz.de\/lc\/wp-content\/uploads\/2020\/01\/Logo-Coaching-und-Begleitung.png","contentUrl":"https:\/\/dieter-jenz.de\/lc\/wp-content\/uploads\/2020\/01\/Logo-Coaching-und-Begleitung.png","width":320,"height":240,"caption":"Dieter Jenz"},"logo":{"@id":"https:\/\/dieter-jenz.de\/lc\/#\/schema\/person\/image\/"},"description":"Ich bin Dieter Jenz, Begleiter, Berater und Coach mit Leidenschaft. \u00dcber viele Jahre hinweg habe ich einen reichen Schatz an Kompetenz und Erfahrung erworben. Meine Themen sind die \"4L\": Lebensaufgabe, Lebensplanung, Lebensnavigation und Lebensqualit\u00e4t.","sameAs":["https:\/\/www.facebook.com\/dieter.jenz.inspiration","https:\/\/www.pinterest.de\/dieterjenz\/","https:\/\/x.com\/https:\/\/twitter.com\/dieterjenz"]}]}},"_links":{"self":[{"href":"https:\/\/dieter-jenz.de\/lc\/wp-json\/wp\/v2\/pages\/43"}],"collection":[{"href":"https:\/\/dieter-jenz.de\/lc\/wp-json\/wp\/v2\/pages"}],"about":[{"href":"https:\/\/dieter-jenz.de\/lc\/wp-json\/wp\/v2\/types\/page"}],"author":[{"embeddable":true,"href":"https:\/\/dieter-jenz.de\/lc\/wp-json\/wp\/v2\/users\/2"}],"replies":[{"embeddable":true,"href":"https:\/\/dieter-jenz.de\/lc\/wp-json\/wp\/v2\/comments?post=43"}],"version-history":[{"count":1,"href":"https:\/\/dieter-jenz.de\/lc\/wp-json\/wp\/v2\/pages\/43\/revisions"}],"predecessor-version":[{"id":1612,"href":"https:\/\/dieter-jenz.de\/lc\/wp-json\/wp\/v2\/pages\/43\/revisions\/1612"}],"up":[{"embeddable":true,"href":"https:\/\/dieter-jenz.de\/lc\/wp-json\/wp\/v2\/pages\/38"}],"wp:attachment":[{"href":"https:\/\/dieter-jenz.de\/lc\/wp-json\/wp\/v2\/media?parent=43"}],"curies":[{"name":"wp","href":"https:\/\/api.w.org\/{rel}","templated":true}]}}