{"id":46,"date":"2014-02-13T09:52:18","date_gmt":"2014-02-13T08:52:18","guid":{"rendered":"http:\/\/dieter-jenz.de\/lc\/?page_id=46"},"modified":"2014-02-25T17:03:52","modified_gmt":"2014-02-25T16:03:52","slug":"gespraechsbegleitung-in-krisensituationen","status":"publish","type":"page","link":"https:\/\/dieter-jenz.de\/lc\/begleitung-und-coaching\/gespraechsbegleitung-in-krisensituationen\/","title":{"rendered":"Gespr\u00e4chsbegleitung in Krisensituationen"},"content":{"rendered":"<p>Sie stecken in einer pers\u00f6nlichen Krise, wollen einen Weg aus der Krise finden und wieder Lebensfreude gewinnen. Aber w<span style=\"font-family: Arial,sans-serif;\">elche neuen Einstellungen und Verhaltensweisen k\u00f6nnen bei Ihnen wieder zu Lebensfreude und einer besseren Lebensqualit\u00e4t f\u00fchren? Was ist der gangbare Weg f\u00fcr Sie?<\/span><a href=\"https:\/\/dieter-jenz.de\/lc\/wp-content\/uploads\/2014\/02\/VerzweiflungHoffnung.png\"><img loading=\"lazy\" decoding=\"async\" class=\"alignright size-full wp-image-112\" alt=\"VerzweiflungHoffnung\" src=\"https:\/\/dieter-jenz.de\/lc\/wp-content\/uploads\/2014\/02\/VerzweiflungHoffnung.png\" width=\"280\" height=\"220\" \/><\/a><\/p>\n<p><span style=\"font-family: Arial,sans-serif;\">Diese Frage l\u00e4sst sich nur individuell beantworten, weil Sie in jeder Hinsicht einzigartig sind. Und Sie verdienen es, auch so behandelt zu werden. F\u00fcr Standardverfahren und -antworten sind Sie sich zu schade.<\/span><\/p>\n<p><span style=\"font-family: Arial,sans-serif;\">Deshalb steht die Individualit\u00e4t der Begleitung klar im Vordergrund. Mit Ihnen zusammen entwickle ich einen individuellen dynamischen Prozess, der Ihnen hilft, Ihre Ziele zu erreichen.<\/span><\/p>\n<p><span style=\"font-family: Arial,sans-serif;\">Der Prozess startet mit der Analyse der Krisensituation und deren Ursachen und reicht bis hin zur Evaluation des Zustands, mit dem Sie die Prozessziele f\u00fcr sich als erreicht ansehen. Wichtig ist, dass der Prozess und die Methoden f\u00fcr Sie jederzeit durchschaubar sind.<\/span><\/p>\n<p><span style=\"font-family: Arial,sans-serif;\">Mein Prozessansatz verbindet Elemente der Verhaltenstherapie mit qualit\u00e4tssichernden Elementen betriebswirtschaftlichen Prozessdenkens. Die interdisziplin\u00e4re Verbindung von Bew\u00e4hrtem mit Bew\u00e4hrtem verspricht ein wesentlich h\u00f6heres Erfolgspotenzial.<\/span><\/p>\n<p><span style=\"font-family: Arial,sans-serif;\">Gesteigerte Lebensfreude und Lebensqualit\u00e4t, eine weiterentwickelte Pers\u00f6nlichkeit, ein gesteigertes Selbstbewusstsein, gest\u00e4rkte Gesundheit, sind sp\u00fcrbar. Nicht nur Sie werden positive Ver\u00e4nderungen feststellen. Auch von Ihren Mitmenschen werden Sie anders wahrgenommen: agiler, kraftvoller und zufriedener.<\/span><\/p>\n<p><span style=\"font-family: Arial,sans-serif;\">Nur wer als Berater Krisen selbst erlebt, \u00fcberstanden und wieder zu Lebensfreude und -qualit\u00e4t gefunden hat, kann andere wirkungsvoll begleiten. Sonst wird viel Lehrbuchwissen angewandt, sicherlich mit gewissem Erfolg. Aber die F\u00e4higkeit des Mitf\u00fchlens und Verstehens dessen was der Klient aktuell durchlebt und aushalten muss, ist relativ wenig entwickelt.<\/span><\/p>\n<p><span style=\"font-family: Arial,sans-serif;\">Als Berater mit mehrj\u00e4hriger Erfahrung bringe ich diesen Hintergrund der bew\u00e4ltigten Krise mit. Ich kann nachf\u00fchlen, wie es Ihnen aktuell geht. Und ich wei\u00df, wie Lebensfreude und Lebensqualit\u00e4t auch nach einer schweren Krise wieder erlebt werden k\u00f6nnen.<\/span><\/p>\n","protected":false},"excerpt":{"rendered":"<p>Sie stecken in einer pers\u00f6nlichen Krise, wollen einen Weg aus der Krise finden und wieder Lebensfreude gewinnen. Aber welche neuen Einstellungen und Verhaltensweisen k\u00f6nnen bei Ihnen wieder zu&hellip;<\/p>\n","protected":false},"author":2,"featured_media":0,"parent":38,"menu_order":59,"comment_status":"closed","ping_status":"closed","template":"","meta":{"footnotes":""},"yoast_head":"<!-- This site is optimized with the Yoast SEO plugin v24.5 - https:\/\/yoast.com\/wordpress\/plugins\/seo\/ -->\n<title>Gespr\u00e4chsbegleitung in Krisensituationen<\/title>\n<meta name=\"description\" content=\"Unterst\u00fctzung auf dem Weg aus der Krisensituation - wieder Lebensfreude und Lebensqualit\u00e4t erleben\" \/>\n<meta name=\"robots\" content=\"index, follow, max-snippet:-1, max-image-preview:large, max-video-preview:-1\" \/>\n<link rel=\"canonical\" href=\"https:\/\/dieter-jenz.de\/lc\/begleitung-und-coaching\/gespraechsbegleitung-in-krisensituationen\/\" \/>\n<meta property=\"og:locale\" content=\"de_DE\" \/>\n<meta property=\"og:type\" content=\"article\" \/>\n<meta property=\"og:title\" content=\"Gespr\u00e4chsbegleitung in Krisensituationen\" \/>\n<meta property=\"og:description\" content=\"Unterst\u00fctzung auf dem Weg aus der Krisensituation - wieder Lebensfreude und Lebensqualit\u00e4t erleben\" \/>\n<meta property=\"og:url\" content=\"https:\/\/dieter-jenz.de\/lc\/begleitung-und-coaching\/gespraechsbegleitung-in-krisensituationen\/\" \/>\n<meta property=\"og:site_name\" content=\"Dieter Jenz, Begleitung und Coaching\" \/>\n<meta property=\"article:publisher\" content=\"https:\/\/www.facebook.com\/dieter.jenz.inspiration\" \/>\n<meta property=\"article:modified_time\" content=\"2014-02-25T16:03:52+00:00\" \/>\n<meta property=\"og:image\" content=\"https:\/\/dieter-jenz.de\/lc\/wp-content\/uploads\/2014\/02\/VerzweiflungHoffnung.png\" \/>\n<meta name=\"twitter:card\" content=\"summary_large_image\" \/>\n<meta name=\"twitter:site\" content=\"@dieterjenz\" \/>\n<meta name=\"twitter:label1\" content=\"Gesch\u00e4tzte Lesezeit\" \/>\n\t<meta name=\"twitter:data1\" content=\"2\u00a0Minuten\" \/>\n<script type=\"application\/ld+json\" class=\"yoast-schema-graph\">{\"@context\":\"https:\/\/schema.org\",\"@graph\":[{\"@type\":\"WebPage\",\"@id\":\"https:\/\/dieter-jenz.de\/lc\/begleitung-und-coaching\/gespraechsbegleitung-in-krisensituationen\/\",\"url\":\"https:\/\/dieter-jenz.de\/lc\/begleitung-und-coaching\/gespraechsbegleitung-in-krisensituationen\/\",\"name\":\"Gespr\u00e4chsbegleitung in Krisensituationen\",\"isPartOf\":{\"@id\":\"https:\/\/dieter-jenz.de\/lc\/#website\"},\"primaryImageOfPage\":{\"@id\":\"https:\/\/dieter-jenz.de\/lc\/begleitung-und-coaching\/gespraechsbegleitung-in-krisensituationen\/#primaryimage\"},\"image\":{\"@id\":\"https:\/\/dieter-jenz.de\/lc\/begleitung-und-coaching\/gespraechsbegleitung-in-krisensituationen\/#primaryimage\"},\"thumbnailUrl\":\"https:\/\/dieter-jenz.de\/lc\/wp-content\/uploads\/2014\/02\/VerzweiflungHoffnung.png\",\"datePublished\":\"2014-02-13T08:52:18+00:00\",\"dateModified\":\"2014-02-25T16:03:52+00:00\",\"description\":\"Unterst\u00fctzung auf dem Weg aus der Krisensituation - wieder Lebensfreude und Lebensqualit\u00e4t erleben\",\"breadcrumb\":{\"@id\":\"https:\/\/dieter-jenz.de\/lc\/begleitung-und-coaching\/gespraechsbegleitung-in-krisensituationen\/#breadcrumb\"},\"inLanguage\":\"de\",\"potentialAction\":[{\"@type\":\"ReadAction\",\"target\":[\"https:\/\/dieter-jenz.de\/lc\/begleitung-und-coaching\/gespraechsbegleitung-in-krisensituationen\/\"]}]},{\"@type\":\"ImageObject\",\"inLanguage\":\"de\",\"@id\":\"https:\/\/dieter-jenz.de\/lc\/begleitung-und-coaching\/gespraechsbegleitung-in-krisensituationen\/#primaryimage\",\"url\":\"https:\/\/dieter-jenz.de\/lc\/wp-content\/uploads\/2014\/02\/VerzweiflungHoffnung.png\",\"contentUrl\":\"https:\/\/dieter-jenz.de\/lc\/wp-content\/uploads\/2014\/02\/VerzweiflungHoffnung.png\"},{\"@type\":\"BreadcrumbList\",\"@id\":\"https:\/\/dieter-jenz.de\/lc\/begleitung-und-coaching\/gespraechsbegleitung-in-krisensituationen\/#breadcrumb\",\"itemListElement\":[{\"@type\":\"ListItem\",\"position\":1,\"name\":\"Home\",\"item\":\"https:\/\/dieter-jenz.de\/lc\/\"},{\"@type\":\"ListItem\",\"position\":2,\"name\":\"Suchen, finden, gehen\",\"item\":\"https:\/\/dieter-jenz.de\/lc\/begleitung-und-coaching\/\"},{\"@type\":\"ListItem\",\"position\":3,\"name\":\"Gespr\u00e4chsbegleitung in Krisensituationen\"}]},{\"@type\":\"WebSite\",\"@id\":\"https:\/\/dieter-jenz.de\/lc\/#website\",\"url\":\"https:\/\/dieter-jenz.de\/lc\/\",\"name\":\"Dieter Jenz, Begleitung und Coaching\",\"description\":\"Die andere, neue Sichtweise entdecken - auftanken - neue Wege gehen\",\"publisher\":{\"@id\":\"https:\/\/dieter-jenz.de\/lc\/#\/schema\/person\/618cfd5c289d0a23930cb258a43679ab\"},\"potentialAction\":[{\"@type\":\"SearchAction\",\"target\":{\"@type\":\"EntryPoint\",\"urlTemplate\":\"https:\/\/dieter-jenz.de\/lc\/?s={search_term_string}\"},\"query-input\":{\"@type\":\"PropertyValueSpecification\",\"valueRequired\":true,\"valueName\":\"search_term_string\"}}],\"inLanguage\":\"de\"},{\"@type\":[\"Person\",\"Organization\"],\"@id\":\"https:\/\/dieter-jenz.de\/lc\/#\/schema\/person\/618cfd5c289d0a23930cb258a43679ab\",\"name\":\"Dieter Jenz\",\"image\":{\"@type\":\"ImageObject\",\"inLanguage\":\"de\",\"@id\":\"https:\/\/dieter-jenz.de\/lc\/#\/schema\/person\/image\/\",\"url\":\"https:\/\/dieter-jenz.de\/lc\/wp-content\/uploads\/2020\/01\/Logo-Coaching-und-Begleitung.png\",\"contentUrl\":\"https:\/\/dieter-jenz.de\/lc\/wp-content\/uploads\/2020\/01\/Logo-Coaching-und-Begleitung.png\",\"width\":320,\"height\":240,\"caption\":\"Dieter Jenz\"},\"logo\":{\"@id\":\"https:\/\/dieter-jenz.de\/lc\/#\/schema\/person\/image\/\"},\"description\":\"Ich bin Dieter Jenz, Begleiter, Berater und Coach mit Leidenschaft. \u00dcber viele Jahre hinweg habe ich einen reichen Schatz an Kompetenz und Erfahrung erworben. Meine Themen sind die \\\"4L\\\": Lebensaufgabe, Lebensplanung, Lebensnavigation und Lebensqualit\u00e4t.\",\"sameAs\":[\"https:\/\/www.facebook.com\/dieter.jenz.inspiration\",\"https:\/\/www.pinterest.de\/dieterjenz\/\",\"https:\/\/x.com\/https:\/\/twitter.com\/dieterjenz\"]}]}<\/script>\n<!-- \/ Yoast SEO plugin. -->","yoast_head_json":{"title":"Gespr\u00e4chsbegleitung in Krisensituationen","description":"Unterst\u00fctzung auf dem Weg aus der Krisensituation - wieder Lebensfreude und Lebensqualit\u00e4t erleben","robots":{"index":"index","follow":"follow","max-snippet":"max-snippet:-1","max-image-preview":"max-image-preview:large","max-video-preview":"max-video-preview:-1"},"canonical":"https:\/\/dieter-jenz.de\/lc\/begleitung-und-coaching\/gespraechsbegleitung-in-krisensituationen\/","og_locale":"de_DE","og_type":"article","og_title":"Gespr\u00e4chsbegleitung in Krisensituationen","og_description":"Unterst\u00fctzung auf dem Weg aus der Krisensituation - wieder Lebensfreude und Lebensqualit\u00e4t erleben","og_url":"https:\/\/dieter-jenz.de\/lc\/begleitung-und-coaching\/gespraechsbegleitung-in-krisensituationen\/","og_site_name":"Dieter Jenz, Begleitung und Coaching","article_publisher":"https:\/\/www.facebook.com\/dieter.jenz.inspiration","article_modified_time":"2014-02-25T16:03:52+00:00","og_image":[{"url":"https:\/\/dieter-jenz.de\/lc\/wp-content\/uploads\/2014\/02\/VerzweiflungHoffnung.png","type":"","width":"","height":""}],"twitter_card":"summary_large_image","twitter_site":"@dieterjenz","twitter_misc":{"Gesch\u00e4tzte Lesezeit":"2\u00a0Minuten"},"schema":{"@context":"https:\/\/schema.org","@graph":[{"@type":"WebPage","@id":"https:\/\/dieter-jenz.de\/lc\/begleitung-und-coaching\/gespraechsbegleitung-in-krisensituationen\/","url":"https:\/\/dieter-jenz.de\/lc\/begleitung-und-coaching\/gespraechsbegleitung-in-krisensituationen\/","name":"Gespr\u00e4chsbegleitung in Krisensituationen","isPartOf":{"@id":"https:\/\/dieter-jenz.de\/lc\/#website"},"primaryImageOfPage":{"@id":"https:\/\/dieter-jenz.de\/lc\/begleitung-und-coaching\/gespraechsbegleitung-in-krisensituationen\/#primaryimage"},"image":{"@id":"https:\/\/dieter-jenz.de\/lc\/begleitung-und-coaching\/gespraechsbegleitung-in-krisensituationen\/#primaryimage"},"thumbnailUrl":"https:\/\/dieter-jenz.de\/lc\/wp-content\/uploads\/2014\/02\/VerzweiflungHoffnung.png","datePublished":"2014-02-13T08:52:18+00:00","dateModified":"2014-02-25T16:03:52+00:00","description":"Unterst\u00fctzung auf dem Weg aus der Krisensituation - wieder Lebensfreude und Lebensqualit\u00e4t erleben","breadcrumb":{"@id":"https:\/\/dieter-jenz.de\/lc\/begleitung-und-coaching\/gespraechsbegleitung-in-krisensituationen\/#breadcrumb"},"inLanguage":"de","potentialAction":[{"@type":"ReadAction","target":["https:\/\/dieter-jenz.de\/lc\/begleitung-und-coaching\/gespraechsbegleitung-in-krisensituationen\/"]}]},{"@type":"ImageObject","inLanguage":"de","@id":"https:\/\/dieter-jenz.de\/lc\/begleitung-und-coaching\/gespraechsbegleitung-in-krisensituationen\/#primaryimage","url":"https:\/\/dieter-jenz.de\/lc\/wp-content\/uploads\/2014\/02\/VerzweiflungHoffnung.png","contentUrl":"https:\/\/dieter-jenz.de\/lc\/wp-content\/uploads\/2014\/02\/VerzweiflungHoffnung.png"},{"@type":"BreadcrumbList","@id":"https:\/\/dieter-jenz.de\/lc\/begleitung-und-coaching\/gespraechsbegleitung-in-krisensituationen\/#breadcrumb","itemListElement":[{"@type":"ListItem","position":1,"name":"Home","item":"https:\/\/dieter-jenz.de\/lc\/"},{"@type":"ListItem","position":2,"name":"Suchen, finden, gehen","item":"https:\/\/dieter-jenz.de\/lc\/begleitung-und-coaching\/"},{"@type":"ListItem","position":3,"name":"Gespr\u00e4chsbegleitung in Krisensituationen"}]},{"@type":"WebSite","@id":"https:\/\/dieter-jenz.de\/lc\/#website","url":"https:\/\/dieter-jenz.de\/lc\/","name":"Dieter Jenz, Begleitung und Coaching","description":"Die andere, neue Sichtweise entdecken - auftanken - neue Wege gehen","publisher":{"@id":"https:\/\/dieter-jenz.de\/lc\/#\/schema\/person\/618cfd5c289d0a23930cb258a43679ab"},"potentialAction":[{"@type":"SearchAction","target":{"@type":"EntryPoint","urlTemplate":"https:\/\/dieter-jenz.de\/lc\/?s={search_term_string}"},"query-input":{"@type":"PropertyValueSpecification","valueRequired":true,"valueName":"search_term_string"}}],"inLanguage":"de"},{"@type":["Person","Organization"],"@id":"https:\/\/dieter-jenz.de\/lc\/#\/schema\/person\/618cfd5c289d0a23930cb258a43679ab","name":"Dieter Jenz","image":{"@type":"ImageObject","inLanguage":"de","@id":"https:\/\/dieter-jenz.de\/lc\/#\/schema\/person\/image\/","url":"https:\/\/dieter-jenz.de\/lc\/wp-content\/uploads\/2020\/01\/Logo-Coaching-und-Begleitung.png","contentUrl":"https:\/\/dieter-jenz.de\/lc\/wp-content\/uploads\/2020\/01\/Logo-Coaching-und-Begleitung.png","width":320,"height":240,"caption":"Dieter Jenz"},"logo":{"@id":"https:\/\/dieter-jenz.de\/lc\/#\/schema\/person\/image\/"},"description":"Ich bin Dieter Jenz, Begleiter, Berater und Coach mit Leidenschaft. \u00dcber viele Jahre hinweg habe ich einen reichen Schatz an Kompetenz und Erfahrung erworben. Meine Themen sind die \"4L\": Lebensaufgabe, Lebensplanung, Lebensnavigation und Lebensqualit\u00e4t.","sameAs":["https:\/\/www.facebook.com\/dieter.jenz.inspiration","https:\/\/www.pinterest.de\/dieterjenz\/","https:\/\/x.com\/https:\/\/twitter.com\/dieterjenz"]}]}},"_links":{"self":[{"href":"https:\/\/dieter-jenz.de\/lc\/wp-json\/wp\/v2\/pages\/46"}],"collection":[{"href":"https:\/\/dieter-jenz.de\/lc\/wp-json\/wp\/v2\/pages"}],"about":[{"href":"https:\/\/dieter-jenz.de\/lc\/wp-json\/wp\/v2\/types\/page"}],"author":[{"embeddable":true,"href":"https:\/\/dieter-jenz.de\/lc\/wp-json\/wp\/v2\/users\/2"}],"replies":[{"embeddable":true,"href":"https:\/\/dieter-jenz.de\/lc\/wp-json\/wp\/v2\/comments?post=46"}],"version-history":[{"count":1,"href":"https:\/\/dieter-jenz.de\/lc\/wp-json\/wp\/v2\/pages\/46\/revisions"}],"predecessor-version":[{"id":126,"href":"https:\/\/dieter-jenz.de\/lc\/wp-json\/wp\/v2\/pages\/46\/revisions\/126"}],"up":[{"embeddable":true,"href":"https:\/\/dieter-jenz.de\/lc\/wp-json\/wp\/v2\/pages\/38"}],"wp:attachment":[{"href":"https:\/\/dieter-jenz.de\/lc\/wp-json\/wp\/v2\/media?parent=46"}],"curies":[{"name":"wp","href":"https:\/\/api.w.org\/{rel}","templated":true}]}}