{"id":5830,"date":"2021-02-15T11:00:00","date_gmt":"2021-02-15T10:00:00","guid":{"rendered":"https:\/\/dieter-jenz.de\/lc\/?page_id=5830"},"modified":"2021-02-15T11:34:53","modified_gmt":"2021-02-15T10:34:53","slug":"impulse-zur-inspiration-und-motivation-in-sozialen-medien-dieter-jenz","status":"publish","type":"page","link":"https:\/\/dieter-jenz.de\/lc\/impulse-zur-inspiration-und-motivation-in-sozialen-medien-dieter-jenz\/","title":{"rendered":"Impulse zur Inspiration und Motivation in sozialen Medien"},"content":{"rendered":"\n<p>Inspiration, Motivation und Ermutigung &#8211; Schon seit einigen Jahren sammle ich Zitate, Aphorismen und Lebensweisheiten. Es ist zu einer Art Hobby geworden. Manche davon stammen von bekannten Pers\u00f6nlichkeiten, wie etwa Dietrich Bonhoeffer, Albert Schweitzer, Viktor Frankl, Carl Gustav Jung und Erich Fromm. Und manche habe ich von nicht so bekannten Personen gesammelt.<\/p>\n\n\n\n<p>Es fasziniert mich immer wieder, mit wie wenigen Worten sich Jahre oder Jahrzehnte an Erkenntnissen und Lebenserfahrung komprimiert wiedergeben lassen. Einsichten, Erlebtes, Durchlebtes sind in wenige Worte gekleidet. Wesentliches ist auf den Punkt gebracht.<\/p>\n\n\n\n<p>Oft erschlie\u00dft sich die Aussage eines Zitats, eines Aphorismus oder einer Lebensweisheit erst dann, wenn etwas \u00fcber die wichtigen Lebensstationen des Urhebers bekannt ist. Noch besser ist es, wenn die konkrete Lebenssituation bekannt ist und sich der Kontext gut erschlie\u00dfen l\u00e4sst. Diesen Hintergr\u00fcnden gehe ich nach und versuche, sie zu erschlie\u00dfen. Dabei entdecke ich oft spannende Lebensgeschichten.<\/p>\n\n\n\n<p>Zu dem von mir Gesammelten mache ich mir eigene Gedanken und ver\u00f6ffentliche sie hier auf meiner <a href=\"https:\/\/dieter-jenz.de\/lc\/ermutigung-und-inspiration-uebersicht\/\">Website<\/a>. Jetzt sind es schon \u00fcber 200 Beitr\u00e4ge, die in den letzten Jahren entstanden sind.<\/p>\n\n\n\n<h3 class=\"wp-block-heading\"><strong>Pinterest<\/strong><\/h3>\n\n\n\n<p>Alle Zitate, Aphorismen und Lebensweisheiten finden sich auf meiner <a href=\"https:\/\/www.pinterest.de\/dieterjenz\/\">Pinterest-Seite<\/a> als Bilder bzw. Grafiken.<\/p>\n\n\n\n<h3 class=\"wp-block-heading\"><strong>Facebook<\/strong><\/h3>\n\n\n\n<p>Mittlerweile gibt es auch eine <a href=\"https:\/\/www.facebook.com\/dieter.jenz.inspiration\/\">Facebook-Seite<\/a>. Dort gibt es jeden Tag ein Zitat des Tages.<\/p>\n\n\n\n<h3 class=\"wp-block-heading\"><strong>Inspiration, Motivation und Ermutigung<\/strong><\/h3>\n\n\n\n<p>Manchmal ist man gerade am Nachdenken \u00fcber sich oder etwas. Oder vielleicht hat man gerade einen \u201eDurchh\u00e4nger\u201c und man sucht nach etwas, das aus der momentanen Situation heraushebt und den Blick weitet. Man sucht nach etwas, das die eigenen Gedanken anregt, das einen inspiriert und eine neue oder andere Perspektive vermittelt.<\/p>\n\n\n\n<p>Wenn man &#8211; was auch manchmal geschehen kann &#8211; in einem gewissen \u201eTunnelblick\u201c gefangen ist, dann braucht man etwas, das aus diesem Tunnel herausleitet. Man braucht etwas, das einen neuen Impuls gibt, das ermutigt und wieder neu motiviert.<\/p>\n\n\n\n<p>Diese gesammelten Zitate, Aphorismen und Lebensweisheiten sollen als Impulse dazu beitragen, den Blick zu weiten, eine neue oder andere Perspektive zu finden, zu inspirieren, zu motivieren, und \u2013 nicht zuletzt \u2013 zu ermutigen.<\/p>\n","protected":false},"excerpt":{"rendered":"<p>Inspiration, Motivation und Ermutigung &#8211; Schon seit einigen Jahren sammle ich Zitate, Aphorismen und Lebensweisheiten. Es ist zu einer Art Hobby geworden. Manche davon stammen von bekannten Pers\u00f6nlichkeiten,&hellip;<\/p>\n","protected":false},"author":2,"featured_media":1972,"parent":0,"menu_order":0,"comment_status":"closed","ping_status":"closed","template":"template-full-width-only-content.php","meta":{"footnotes":""},"yoast_head":"<!-- This site is optimized with the Yoast SEO plugin v24.5 - https:\/\/yoast.com\/wordpress\/plugins\/seo\/ -->\n<title>Impulse zur Inspiration und Motivation in sozialen Medien<\/title>\n<meta name=\"description\" content=\"Haben sie gerade einen &quot;Durchh\u00e4nger&quot;? Sie m\u00f6chten da raus. Wie w\u00e4re es mit einem hilfreichen Impuls zur Ermutigung, Inspiration, Motivation?\" \/>\n<meta name=\"robots\" content=\"index, follow, max-snippet:-1, max-image-preview:large, max-video-preview:-1\" \/>\n<link rel=\"canonical\" href=\"https:\/\/dieter-jenz.de\/lc\/impulse-zur-inspiration-und-motivation-in-sozialen-medien-dieter-jenz\/\" \/>\n<meta property=\"og:locale\" content=\"de_DE\" \/>\n<meta property=\"og:type\" content=\"article\" \/>\n<meta property=\"og:title\" content=\"Impulse zur Inspiration und Motivation in sozialen Medien\" \/>\n<meta property=\"og:description\" content=\"Haben sie gerade einen &quot;Durchh\u00e4nger&quot;? Sie m\u00f6chten da raus. Wie w\u00e4re es mit einem hilfreichen Impuls zur Ermutigung, Inspiration, Motivation?\" \/>\n<meta property=\"og:url\" content=\"https:\/\/dieter-jenz.de\/lc\/impulse-zur-inspiration-und-motivation-in-sozialen-medien-dieter-jenz\/\" \/>\n<meta property=\"og:site_name\" content=\"Dieter Jenz, Begleitung und Coaching\" \/>\n<meta property=\"article:publisher\" content=\"https:\/\/www.facebook.com\/dieter.jenz.inspiration\" \/>\n<meta property=\"article:modified_time\" content=\"2021-02-15T10:34:53+00:00\" \/>\n<meta property=\"og:image\" content=\"https:\/\/dieter-jenz.de\/lc\/wp-content\/uploads\/2018\/10\/Zitate-Aphorismen-Lebensweisheiten-Kluge-Worte.jpeg\" \/>\n\t<meta property=\"og:image:width\" content=\"672\" \/>\n\t<meta property=\"og:image:height\" content=\"448\" \/>\n\t<meta property=\"og:image:type\" content=\"image\/jpeg\" \/>\n<meta name=\"twitter:card\" content=\"summary_large_image\" \/>\n<meta name=\"twitter:site\" content=\"@dieterjenz\" \/>\n<meta name=\"twitter:label1\" content=\"Gesch\u00e4tzte Lesezeit\" \/>\n\t<meta name=\"twitter:data1\" content=\"2\u00a0Minuten\" \/>\n<script type=\"application\/ld+json\" class=\"yoast-schema-graph\">{\"@context\":\"https:\/\/schema.org\",\"@graph\":[{\"@type\":\"WebPage\",\"@id\":\"https:\/\/dieter-jenz.de\/lc\/impulse-zur-inspiration-und-motivation-in-sozialen-medien-dieter-jenz\/\",\"url\":\"https:\/\/dieter-jenz.de\/lc\/impulse-zur-inspiration-und-motivation-in-sozialen-medien-dieter-jenz\/\",\"name\":\"Impulse zur Inspiration und Motivation in sozialen Medien\",\"isPartOf\":{\"@id\":\"https:\/\/dieter-jenz.de\/lc\/#website\"},\"primaryImageOfPage\":{\"@id\":\"https:\/\/dieter-jenz.de\/lc\/impulse-zur-inspiration-und-motivation-in-sozialen-medien-dieter-jenz\/#primaryimage\"},\"image\":{\"@id\":\"https:\/\/dieter-jenz.de\/lc\/impulse-zur-inspiration-und-motivation-in-sozialen-medien-dieter-jenz\/#primaryimage\"},\"thumbnailUrl\":\"https:\/\/dieter-jenz.de\/lc\/wp-content\/uploads\/2018\/10\/Zitate-Aphorismen-Lebensweisheiten-Kluge-Worte.jpeg\",\"datePublished\":\"2021-02-15T10:00:00+00:00\",\"dateModified\":\"2021-02-15T10:34:53+00:00\",\"description\":\"Haben sie gerade einen \\\"Durchh\u00e4nger\\\"? Sie m\u00f6chten da raus. Wie w\u00e4re es mit einem hilfreichen Impuls zur Ermutigung, Inspiration, Motivation?\",\"breadcrumb\":{\"@id\":\"https:\/\/dieter-jenz.de\/lc\/impulse-zur-inspiration-und-motivation-in-sozialen-medien-dieter-jenz\/#breadcrumb\"},\"inLanguage\":\"de\",\"potentialAction\":[{\"@type\":\"ReadAction\",\"target\":[\"https:\/\/dieter-jenz.de\/lc\/impulse-zur-inspiration-und-motivation-in-sozialen-medien-dieter-jenz\/\"]}]},{\"@type\":\"ImageObject\",\"inLanguage\":\"de\",\"@id\":\"https:\/\/dieter-jenz.de\/lc\/impulse-zur-inspiration-und-motivation-in-sozialen-medien-dieter-jenz\/#primaryimage\",\"url\":\"https:\/\/dieter-jenz.de\/lc\/wp-content\/uploads\/2018\/10\/Zitate-Aphorismen-Lebensweisheiten-Kluge-Worte.jpeg\",\"contentUrl\":\"https:\/\/dieter-jenz.de\/lc\/wp-content\/uploads\/2018\/10\/Zitate-Aphorismen-Lebensweisheiten-Kluge-Worte.jpeg\",\"width\":672,\"height\":448,\"caption\":\"Zitate Aphorismen Lebensweisheiten Kluge Worte - Gestaltung: privat\"},{\"@type\":\"BreadcrumbList\",\"@id\":\"https:\/\/dieter-jenz.de\/lc\/impulse-zur-inspiration-und-motivation-in-sozialen-medien-dieter-jenz\/#breadcrumb\",\"itemListElement\":[{\"@type\":\"ListItem\",\"position\":1,\"name\":\"Home\",\"item\":\"https:\/\/dieter-jenz.de\/lc\/\"},{\"@type\":\"ListItem\",\"position\":2,\"name\":\"Impulse zur Inspiration und Motivation in sozialen Medien\"}]},{\"@type\":\"WebSite\",\"@id\":\"https:\/\/dieter-jenz.de\/lc\/#website\",\"url\":\"https:\/\/dieter-jenz.de\/lc\/\",\"name\":\"Dieter Jenz, Begleitung und Coaching\",\"description\":\"Die andere, neue Sichtweise entdecken - auftanken - neue Wege gehen\",\"publisher\":{\"@id\":\"https:\/\/dieter-jenz.de\/lc\/#\/schema\/person\/618cfd5c289d0a23930cb258a43679ab\"},\"potentialAction\":[{\"@type\":\"SearchAction\",\"target\":{\"@type\":\"EntryPoint\",\"urlTemplate\":\"https:\/\/dieter-jenz.de\/lc\/?s={search_term_string}\"},\"query-input\":{\"@type\":\"PropertyValueSpecification\",\"valueRequired\":true,\"valueName\":\"search_term_string\"}}],\"inLanguage\":\"de\"},{\"@type\":[\"Person\",\"Organization\"],\"@id\":\"https:\/\/dieter-jenz.de\/lc\/#\/schema\/person\/618cfd5c289d0a23930cb258a43679ab\",\"name\":\"Dieter Jenz\",\"image\":{\"@type\":\"ImageObject\",\"inLanguage\":\"de\",\"@id\":\"https:\/\/dieter-jenz.de\/lc\/#\/schema\/person\/image\/\",\"url\":\"https:\/\/dieter-jenz.de\/lc\/wp-content\/uploads\/2020\/01\/Logo-Coaching-und-Begleitung.png\",\"contentUrl\":\"https:\/\/dieter-jenz.de\/lc\/wp-content\/uploads\/2020\/01\/Logo-Coaching-und-Begleitung.png\",\"width\":320,\"height\":240,\"caption\":\"Dieter Jenz\"},\"logo\":{\"@id\":\"https:\/\/dieter-jenz.de\/lc\/#\/schema\/person\/image\/\"},\"description\":\"Ich bin Dieter Jenz, Begleiter, Berater und Coach mit Leidenschaft. \u00dcber viele Jahre hinweg habe ich einen reichen Schatz an Kompetenz und Erfahrung erworben. Meine Themen sind die \\\"4L\\\": Lebensaufgabe, Lebensplanung, Lebensnavigation und Lebensqualit\u00e4t.\",\"sameAs\":[\"https:\/\/www.facebook.com\/dieter.jenz.inspiration\",\"https:\/\/www.pinterest.de\/dieterjenz\/\",\"https:\/\/x.com\/https:\/\/twitter.com\/dieterjenz\"]}]}<\/script>\n<!-- \/ Yoast SEO plugin. -->","yoast_head_json":{"title":"Impulse zur Inspiration und Motivation in sozialen Medien","description":"Haben sie gerade einen \"Durchh\u00e4nger\"? Sie m\u00f6chten da raus. Wie w\u00e4re es mit einem hilfreichen Impuls zur Ermutigung, Inspiration, Motivation?","robots":{"index":"index","follow":"follow","max-snippet":"max-snippet:-1","max-image-preview":"max-image-preview:large","max-video-preview":"max-video-preview:-1"},"canonical":"https:\/\/dieter-jenz.de\/lc\/impulse-zur-inspiration-und-motivation-in-sozialen-medien-dieter-jenz\/","og_locale":"de_DE","og_type":"article","og_title":"Impulse zur Inspiration und Motivation in sozialen Medien","og_description":"Haben sie gerade einen \"Durchh\u00e4nger\"? Sie m\u00f6chten da raus. Wie w\u00e4re es mit einem hilfreichen Impuls zur Ermutigung, Inspiration, Motivation?","og_url":"https:\/\/dieter-jenz.de\/lc\/impulse-zur-inspiration-und-motivation-in-sozialen-medien-dieter-jenz\/","og_site_name":"Dieter Jenz, Begleitung und Coaching","article_publisher":"https:\/\/www.facebook.com\/dieter.jenz.inspiration","article_modified_time":"2021-02-15T10:34:53+00:00","og_image":[{"width":672,"height":448,"url":"https:\/\/dieter-jenz.de\/lc\/wp-content\/uploads\/2018\/10\/Zitate-Aphorismen-Lebensweisheiten-Kluge-Worte.jpeg","type":"image\/jpeg"}],"twitter_card":"summary_large_image","twitter_site":"@dieterjenz","twitter_misc":{"Gesch\u00e4tzte Lesezeit":"2\u00a0Minuten"},"schema":{"@context":"https:\/\/schema.org","@graph":[{"@type":"WebPage","@id":"https:\/\/dieter-jenz.de\/lc\/impulse-zur-inspiration-und-motivation-in-sozialen-medien-dieter-jenz\/","url":"https:\/\/dieter-jenz.de\/lc\/impulse-zur-inspiration-und-motivation-in-sozialen-medien-dieter-jenz\/","name":"Impulse zur Inspiration und Motivation in sozialen Medien","isPartOf":{"@id":"https:\/\/dieter-jenz.de\/lc\/#website"},"primaryImageOfPage":{"@id":"https:\/\/dieter-jenz.de\/lc\/impulse-zur-inspiration-und-motivation-in-sozialen-medien-dieter-jenz\/#primaryimage"},"image":{"@id":"https:\/\/dieter-jenz.de\/lc\/impulse-zur-inspiration-und-motivation-in-sozialen-medien-dieter-jenz\/#primaryimage"},"thumbnailUrl":"https:\/\/dieter-jenz.de\/lc\/wp-content\/uploads\/2018\/10\/Zitate-Aphorismen-Lebensweisheiten-Kluge-Worte.jpeg","datePublished":"2021-02-15T10:00:00+00:00","dateModified":"2021-02-15T10:34:53+00:00","description":"Haben sie gerade einen \"Durchh\u00e4nger\"? Sie m\u00f6chten da raus. Wie w\u00e4re es mit einem hilfreichen Impuls zur Ermutigung, Inspiration, Motivation?","breadcrumb":{"@id":"https:\/\/dieter-jenz.de\/lc\/impulse-zur-inspiration-und-motivation-in-sozialen-medien-dieter-jenz\/#breadcrumb"},"inLanguage":"de","potentialAction":[{"@type":"ReadAction","target":["https:\/\/dieter-jenz.de\/lc\/impulse-zur-inspiration-und-motivation-in-sozialen-medien-dieter-jenz\/"]}]},{"@type":"ImageObject","inLanguage":"de","@id":"https:\/\/dieter-jenz.de\/lc\/impulse-zur-inspiration-und-motivation-in-sozialen-medien-dieter-jenz\/#primaryimage","url":"https:\/\/dieter-jenz.de\/lc\/wp-content\/uploads\/2018\/10\/Zitate-Aphorismen-Lebensweisheiten-Kluge-Worte.jpeg","contentUrl":"https:\/\/dieter-jenz.de\/lc\/wp-content\/uploads\/2018\/10\/Zitate-Aphorismen-Lebensweisheiten-Kluge-Worte.jpeg","width":672,"height":448,"caption":"Zitate Aphorismen Lebensweisheiten Kluge Worte - Gestaltung: privat"},{"@type":"BreadcrumbList","@id":"https:\/\/dieter-jenz.de\/lc\/impulse-zur-inspiration-und-motivation-in-sozialen-medien-dieter-jenz\/#breadcrumb","itemListElement":[{"@type":"ListItem","position":1,"name":"Home","item":"https:\/\/dieter-jenz.de\/lc\/"},{"@type":"ListItem","position":2,"name":"Impulse zur Inspiration und Motivation in sozialen Medien"}]},{"@type":"WebSite","@id":"https:\/\/dieter-jenz.de\/lc\/#website","url":"https:\/\/dieter-jenz.de\/lc\/","name":"Dieter Jenz, Begleitung und Coaching","description":"Die andere, neue Sichtweise entdecken - auftanken - neue Wege gehen","publisher":{"@id":"https:\/\/dieter-jenz.de\/lc\/#\/schema\/person\/618cfd5c289d0a23930cb258a43679ab"},"potentialAction":[{"@type":"SearchAction","target":{"@type":"EntryPoint","urlTemplate":"https:\/\/dieter-jenz.de\/lc\/?s={search_term_string}"},"query-input":{"@type":"PropertyValueSpecification","valueRequired":true,"valueName":"search_term_string"}}],"inLanguage":"de"},{"@type":["Person","Organization"],"@id":"https:\/\/dieter-jenz.de\/lc\/#\/schema\/person\/618cfd5c289d0a23930cb258a43679ab","name":"Dieter Jenz","image":{"@type":"ImageObject","inLanguage":"de","@id":"https:\/\/dieter-jenz.de\/lc\/#\/schema\/person\/image\/","url":"https:\/\/dieter-jenz.de\/lc\/wp-content\/uploads\/2020\/01\/Logo-Coaching-und-Begleitung.png","contentUrl":"https:\/\/dieter-jenz.de\/lc\/wp-content\/uploads\/2020\/01\/Logo-Coaching-und-Begleitung.png","width":320,"height":240,"caption":"Dieter Jenz"},"logo":{"@id":"https:\/\/dieter-jenz.de\/lc\/#\/schema\/person\/image\/"},"description":"Ich bin Dieter Jenz, Begleiter, Berater und Coach mit Leidenschaft. \u00dcber viele Jahre hinweg habe ich einen reichen Schatz an Kompetenz und Erfahrung erworben. Meine Themen sind die \"4L\": Lebensaufgabe, Lebensplanung, Lebensnavigation und Lebensqualit\u00e4t.","sameAs":["https:\/\/www.facebook.com\/dieter.jenz.inspiration","https:\/\/www.pinterest.de\/dieterjenz\/","https:\/\/x.com\/https:\/\/twitter.com\/dieterjenz"]}]}},"_links":{"self":[{"href":"https:\/\/dieter-jenz.de\/lc\/wp-json\/wp\/v2\/pages\/5830"}],"collection":[{"href":"https:\/\/dieter-jenz.de\/lc\/wp-json\/wp\/v2\/pages"}],"about":[{"href":"https:\/\/dieter-jenz.de\/lc\/wp-json\/wp\/v2\/types\/page"}],"author":[{"embeddable":true,"href":"https:\/\/dieter-jenz.de\/lc\/wp-json\/wp\/v2\/users\/2"}],"replies":[{"embeddable":true,"href":"https:\/\/dieter-jenz.de\/lc\/wp-json\/wp\/v2\/comments?post=5830"}],"version-history":[{"count":5,"href":"https:\/\/dieter-jenz.de\/lc\/wp-json\/wp\/v2\/pages\/5830\/revisions"}],"predecessor-version":[{"id":5837,"href":"https:\/\/dieter-jenz.de\/lc\/wp-json\/wp\/v2\/pages\/5830\/revisions\/5837"}],"wp:featuredmedia":[{"embeddable":true,"href":"https:\/\/dieter-jenz.de\/lc\/wp-json\/wp\/v2\/media\/1972"}],"wp:attachment":[{"href":"https:\/\/dieter-jenz.de\/lc\/wp-json\/wp\/v2\/media?parent=5830"}],"curies":[{"name":"wp","href":"https:\/\/api.w.org\/{rel}","templated":true}]}}