{"id":5921,"date":"2021-03-01T07:57:09","date_gmt":"2021-03-01T06:57:09","guid":{"rendered":"https:\/\/dieter-jenz.de\/lc\/?page_id=5921"},"modified":"2021-04-16T17:13:24","modified_gmt":"2021-04-16T15:13:24","slug":"zitate-kuerzlich-ueberarbeitet","status":"publish","type":"page","link":"https:\/\/dieter-jenz.de\/lc\/zitate-kuerzlich-ueberarbeitet\/","title":{"rendered":"K\u00fcrzlich \u00fcberarbeitete Beitr\u00e4ge (Zitate)"},"content":{"rendered":"\n<p>Gelegentlich erschlie\u00dft sich ein neuer Aspekt zu einem Zitat. Dann wird der Beitrag zum Zitat \u00fcberarbeitet. Der Fundus an inspirierenden, ermutigenden und durchaus auch motivierenden Zitaten w\u00e4chst dadurch in die Tiefe.<\/p>\n\n\n\n<p>Diese Zitate wurden k\u00fcrzlich \u00fcberarbeitet:<\/p>\n\n\n<div class=\"pt-cv-wrapper\"><div class=\"pt-cv-view pt-cv-grid pt-cv-colsys\" id=\"pt-cv-view-678d95cuds\"><div data-id=\"pt-cv-page-1\" class=\"pt-cv-page\" data-cvc=\"4\"><div class=\"col-md-3 col-sm-6 col-xs-12 pt-cv-content-item pt-cv-1-col\" ><div class='pt-cv-ifield'><a href=\"https:\/\/dieter-jenz.de\/lc\/es-laesst-sich-zeigen-dass-das-glueck-fuer-den-menschen-in-der-liebe-fromm\/\" class=\"_self pt-cv-href-thumbnail pt-cv-thumb-default\" target=\"_self\" ><img loading=\"lazy\" decoding=\"async\" width=\"200\" height=\"300\" src=\"https:\/\/dieter-jenz.de\/lc\/wp-content\/uploads\/2020\/11\/Es-laesst-sich-zeigen-dass-das-Glueck-E.-Fromm-200x300.jpeg\" class=\"pt-cv-thumbnail\" alt=\"Es l\u00e4sst sich zeigen dass das Gl\u00fcck, E. Fromm - Gestaltung: privat\" srcset=\"https:\/\/dieter-jenz.de\/lc\/wp-content\/uploads\/2020\/11\/Es-laesst-sich-zeigen-dass-das-Glueck-E.-Fromm-200x300.jpeg 200w, https:\/\/dieter-jenz.de\/lc\/wp-content\/uploads\/2020\/11\/Es-laesst-sich-zeigen-dass-das-Glueck-E.-Fromm-683x1024.jpeg 683w, https:\/\/dieter-jenz.de\/lc\/wp-content\/uploads\/2020\/11\/Es-laesst-sich-zeigen-dass-das-Glueck-E.-Fromm-540x810.jpeg 540w, https:\/\/dieter-jenz.de\/lc\/wp-content\/uploads\/2020\/11\/Es-laesst-sich-zeigen-dass-das-Glueck-E.-Fromm-100x150.jpeg 100w, https:\/\/dieter-jenz.de\/lc\/wp-content\/uploads\/2020\/11\/Es-laesst-sich-zeigen-dass-das-Glueck-E.-Fromm.jpeg 735w\" sizes=\"(max-width: 200px) 100vw, 200px\" \/><\/a><\/div><\/div>\n<div class=\"col-md-3 col-sm-6 col-xs-12 pt-cv-content-item pt-cv-1-col\" ><div class='pt-cv-ifield'><a href=\"https:\/\/dieter-jenz.de\/lc\/bluehe-wo-du-gepflanzt-bist-sales\/\" class=\"_self pt-cv-href-thumbnail pt-cv-thumb-default\" target=\"_self\" ><img loading=\"lazy\" decoding=\"async\" width=\"200\" height=\"300\" src=\"https:\/\/dieter-jenz.de\/lc\/wp-content\/uploads\/2020\/09\/Bluehe-wo-du-gepflanzt-bist-F.-v.-Sales-200x300.jpeg\" class=\"pt-cv-thumbnail\" alt=\"Bl\u00fche wo du gepflanzt bist, F. v. Sales - Gestaltung: privat\" srcset=\"https:\/\/dieter-jenz.de\/lc\/wp-content\/uploads\/2020\/09\/Bluehe-wo-du-gepflanzt-bist-F.-v.-Sales-200x300.jpeg 200w, https:\/\/dieter-jenz.de\/lc\/wp-content\/uploads\/2020\/09\/Bluehe-wo-du-gepflanzt-bist-F.-v.-Sales-683x1024.jpeg 683w, https:\/\/dieter-jenz.de\/lc\/wp-content\/uploads\/2020\/09\/Bluehe-wo-du-gepflanzt-bist-F.-v.-Sales-540x810.jpeg 540w, https:\/\/dieter-jenz.de\/lc\/wp-content\/uploads\/2020\/09\/Bluehe-wo-du-gepflanzt-bist-F.-v.-Sales-100x150.jpeg 100w, https:\/\/dieter-jenz.de\/lc\/wp-content\/uploads\/2020\/09\/Bluehe-wo-du-gepflanzt-bist-F.-v.-Sales.jpeg 735w\" sizes=\"(max-width: 200px) 100vw, 200px\" \/><\/a><\/div><\/div>\n<div class=\"col-md-3 col-sm-6 col-xs-12 pt-cv-content-item pt-cv-1-col\" ><div class='pt-cv-ifield'><a href=\"https:\/\/dieter-jenz.de\/lc\/wenn-du-verbittert-bist-frisst-es-dich-auf-waite\/\" class=\"_self pt-cv-href-thumbnail pt-cv-thumb-default\" target=\"_self\" ><img loading=\"lazy\" decoding=\"async\" width=\"200\" height=\"300\" src=\"https:\/\/dieter-jenz.de\/lc\/wp-content\/uploads\/2020\/07\/Wenn-du-verbittert-bist-T.-Waite-200x300.jpeg\" class=\"pt-cv-thumbnail\" alt=\"Wenn du verbittert bist, T. Waite - Gestaltung: privat\" srcset=\"https:\/\/dieter-jenz.de\/lc\/wp-content\/uploads\/2020\/07\/Wenn-du-verbittert-bist-T.-Waite-200x300.jpeg 200w, https:\/\/dieter-jenz.de\/lc\/wp-content\/uploads\/2020\/07\/Wenn-du-verbittert-bist-T.-Waite-683x1024.jpeg 683w, https:\/\/dieter-jenz.de\/lc\/wp-content\/uploads\/2020\/07\/Wenn-du-verbittert-bist-T.-Waite-540x810.jpeg 540w, https:\/\/dieter-jenz.de\/lc\/wp-content\/uploads\/2020\/07\/Wenn-du-verbittert-bist-T.-Waite-100x150.jpeg 100w, https:\/\/dieter-jenz.de\/lc\/wp-content\/uploads\/2020\/07\/Wenn-du-verbittert-bist-T.-Waite.jpeg 735w\" sizes=\"(max-width: 200px) 100vw, 200px\" \/><\/a><\/div><\/div>\n<div class=\"col-md-3 col-sm-6 col-xs-12 pt-cv-content-item pt-cv-1-col\" ><div class='pt-cv-ifield'><a href=\"https:\/\/dieter-jenz.de\/lc\/eifersucht-ist-die-angst-vor-dem-vergleich-frisch\/\" class=\"_self pt-cv-href-thumbnail pt-cv-thumb-default\" target=\"_self\" ><img loading=\"lazy\" decoding=\"async\" width=\"200\" height=\"300\" src=\"https:\/\/dieter-jenz.de\/lc\/wp-content\/uploads\/2020\/06\/Eifersucht-ist-die-Angst-vor-dem-Vergleich-M.-Frisch-200x300.jpeg\" class=\"pt-cv-thumbnail\" alt=\"Eifersucht ist die Angst vor dem Vergleich, M. Frisch - Gestaltung: privat\" srcset=\"https:\/\/dieter-jenz.de\/lc\/wp-content\/uploads\/2020\/06\/Eifersucht-ist-die-Angst-vor-dem-Vergleich-M.-Frisch-200x300.jpeg 200w, https:\/\/dieter-jenz.de\/lc\/wp-content\/uploads\/2020\/06\/Eifersucht-ist-die-Angst-vor-dem-Vergleich-M.-Frisch-683x1024.jpeg 683w, https:\/\/dieter-jenz.de\/lc\/wp-content\/uploads\/2020\/06\/Eifersucht-ist-die-Angst-vor-dem-Vergleich-M.-Frisch-540x810.jpeg 540w, https:\/\/dieter-jenz.de\/lc\/wp-content\/uploads\/2020\/06\/Eifersucht-ist-die-Angst-vor-dem-Vergleich-M.-Frisch-100x150.jpeg 100w, https:\/\/dieter-jenz.de\/lc\/wp-content\/uploads\/2020\/06\/Eifersucht-ist-die-Angst-vor-dem-Vergleich-M.-Frisch.jpeg 735w\" sizes=\"(max-width: 200px) 100vw, 200px\" \/><\/a><\/div><\/div><\/div><\/div>\n<div class=\" pt-cv-pagination-wrapper\"><ul class=\"pt-cv-pagination pt-cv-ajax pagination\" data-totalpages=\"5\" data-currentpage=\"1\" data-sid=\"678d95cuds\" data-unid=\"\" data-isblock=\"\" data-postid=\"\"><li class=\"active\"><a href=\"#\">1<\/a><\/li>\n\t<li ><a class=\"\" href=\"https:\/\/dieter-jenz.de\/lc\/wp-json\/wp\/v2\/pages\/5921\/?_page=2\">2<\/a><\/li>\n\t<li ><a class=\"\" href=\"https:\/\/dieter-jenz.de\/lc\/wp-json\/wp\/v2\/pages\/5921\/?_page=3\">3<\/a><\/li>\n\t<li ><a href=\"#\">&hellip;<\/a><\/li>\n\t<li ><a class=\"\" href=\"https:\/\/dieter-jenz.de\/lc\/wp-json\/wp\/v2\/pages\/5921\/?_page=5\">5<\/a><\/li>\n\t<li ><a class=\" \" href=\"https:\/\/dieter-jenz.de\/lc\/wp-json\/wp\/v2\/pages\/5921\/?_page=2\">&rsaquo;<\/a><\/li>\n\t<\/ul><img loading=\"lazy\" decoding=\"async\" width=\"15\" height=\"15\" class=\"pt-cv-spinner\" alt=\"Wird geladen\u00a0\u2026\" src=\"data:image\/gif;base64,R0lGODlhDwAPALMPAMrKygwMDJOTkz09PZWVla+vr3p6euTk5M7OzuXl5TMzMwAAAJmZmWZmZszMzP\/\/\/yH\/C05FVFNDQVBFMi4wAwEAAAAh+QQFCgAPACwAAAAADwAPAAAEQvDJaZaZOIcV8iQK8VRX4iTYoAwZ4iCYoAjZ4RxejhVNoT+mRGP4cyF4Pp0N98sBGIBMEMOotl6YZ3S61Bmbkm4mAgAh+QQFCgAPACwAAAAADQANAAAENPDJSRSZeA418itN8QiK8BiLITVsFiyBBIoYqnoewAD4xPw9iY4XLGYSjkQR4UAUD45DLwIAIfkEBQoADwAsAAAAAA8ACQAABC\/wyVlamTi3nSdgwFNdhEJgTJoNyoB9ISYoQmdjiZPcj7EYCAeCF1gEDo4Dz2eIAAAh+QQFCgAPACwCAAAADQANAAAEM\/DJBxiYeLKdX3IJZT1FU0iIg2RNKx3OkZVnZ98ToRD4MyiDnkAh6BkNC0MvsAj0kMpHBAAh+QQFCgAPACwGAAAACQAPAAAEMDC59KpFDll73HkAA2wVY5KgiK5b0RRoI6MuzG6EQqCDMlSGheEhUAgqgUUAFRySIgAh+QQFCgAPACwCAAIADQANAAAEM\/DJKZNLND\/kkKaHc3xk+QAMYDKsiaqmZCxGVjSFFCxB1vwy2oOgIDxuucxAMTAJFAJNBAAh+QQFCgAPACwAAAYADwAJAAAEMNAs86q1yaWwwv2Ig0jUZx3OYa4XoRAfwADXoAwfo1+CIjyFRuEho60aSNYlOPxEAAAh+QQFCgAPACwAAAIADQANAAAENPA9s4y8+IUVcqaWJ4qEQozSoAzoIyhCK2NFU2SJk0hNnyEOhKR2AzAAj4Pj4GE4W0bkJQIAOw==\" \/><div class=\"clear pt-cv-clear-pagination\"><\/div><\/div><\/div>\n","protected":false},"excerpt":{"rendered":"<p>Gelegentlich erschlie\u00dft sich ein neuer Aspekt zu einem Zitat. Dann wird der Beitrag zum Zitat \u00fcberarbeitet. Der Fundus an inspirierenden, ermutigenden und durchaus auch motivierenden Zitaten w\u00e4chst dadurch&hellip;<\/p>\n","protected":false},"author":2,"featured_media":2809,"parent":0,"menu_order":0,"comment_status":"closed","ping_status":"closed","template":"template-full-width-only-content.php","meta":{"footnotes":""},"yoast_head":"<!-- This site is optimized with the Yoast SEO plugin v24.5 - https:\/\/yoast.com\/wordpress\/plugins\/seo\/ -->\n<title>K\u00fcrzlich \u00fcberarbeitete Beitr\u00e4ge (Zitate)<\/title>\n<meta name=\"description\" content=\"Diese inspirierenden, tiefgr\u00fcndigen und nachdenkenswerten Zitate wurden k\u00fcrzlich \u00fcberarbeitet. Lassen Sie sich inspirieren.\" \/>\n<meta name=\"robots\" content=\"index, follow, max-snippet:-1, max-image-preview:large, max-video-preview:-1\" \/>\n<link rel=\"canonical\" href=\"https:\/\/dieter-jenz.de\/lc\/zitate-kuerzlich-ueberarbeitet\/\" \/>\n<meta property=\"og:locale\" content=\"de_DE\" \/>\n<meta property=\"og:type\" content=\"article\" \/>\n<meta property=\"og:title\" content=\"K\u00fcrzlich \u00fcberarbeitete Beitr\u00e4ge (Zitate)\" \/>\n<meta property=\"og:description\" content=\"Diese inspirierenden, tiefgr\u00fcndigen und nachdenkenswerten Zitate wurden k\u00fcrzlich \u00fcberarbeitet. Lassen Sie sich inspirieren.\" \/>\n<meta property=\"og:url\" content=\"https:\/\/dieter-jenz.de\/lc\/zitate-kuerzlich-ueberarbeitet\/\" \/>\n<meta property=\"og:site_name\" content=\"Dieter Jenz, Begleitung und Coaching\" \/>\n<meta property=\"article:publisher\" content=\"https:\/\/www.facebook.com\/dieter.jenz.inspiration\" \/>\n<meta property=\"article:modified_time\" content=\"2021-04-16T15:13:24+00:00\" \/>\n<meta property=\"og:image\" content=\"https:\/\/dieter-jenz.de\/lc\/wp-content\/uploads\/2020\/01\/Beitragsbild-Zitate-1.jpeg\" \/>\n\t<meta property=\"og:image:width\" content=\"500\" \/>\n\t<meta property=\"og:image:height\" content=\"500\" \/>\n\t<meta property=\"og:image:type\" content=\"image\/jpeg\" \/>\n<meta name=\"twitter:card\" content=\"summary_large_image\" \/>\n<meta name=\"twitter:site\" content=\"@dieterjenz\" \/>\n<meta name=\"twitter:label1\" content=\"Gesch\u00e4tzte Lesezeit\" \/>\n\t<meta name=\"twitter:data1\" content=\"1\u00a0Minute\" \/>\n<script type=\"application\/ld+json\" class=\"yoast-schema-graph\">{\"@context\":\"https:\/\/schema.org\",\"@graph\":[{\"@type\":\"WebPage\",\"@id\":\"https:\/\/dieter-jenz.de\/lc\/zitate-kuerzlich-ueberarbeitet\/\",\"url\":\"https:\/\/dieter-jenz.de\/lc\/zitate-kuerzlich-ueberarbeitet\/\",\"name\":\"K\u00fcrzlich \u00fcberarbeitete Beitr\u00e4ge (Zitate)\",\"isPartOf\":{\"@id\":\"https:\/\/dieter-jenz.de\/lc\/#website\"},\"primaryImageOfPage\":{\"@id\":\"https:\/\/dieter-jenz.de\/lc\/zitate-kuerzlich-ueberarbeitet\/#primaryimage\"},\"image\":{\"@id\":\"https:\/\/dieter-jenz.de\/lc\/zitate-kuerzlich-ueberarbeitet\/#primaryimage\"},\"thumbnailUrl\":\"https:\/\/dieter-jenz.de\/lc\/wp-content\/uploads\/2020\/01\/Beitragsbild-Zitate-1.jpeg\",\"datePublished\":\"2021-03-01T06:57:09+00:00\",\"dateModified\":\"2021-04-16T15:13:24+00:00\",\"description\":\"Diese inspirierenden, tiefgr\u00fcndigen und nachdenkenswerten Zitate wurden k\u00fcrzlich \u00fcberarbeitet. Lassen Sie sich inspirieren.\",\"breadcrumb\":{\"@id\":\"https:\/\/dieter-jenz.de\/lc\/zitate-kuerzlich-ueberarbeitet\/#breadcrumb\"},\"inLanguage\":\"de\",\"potentialAction\":[{\"@type\":\"ReadAction\",\"target\":[\"https:\/\/dieter-jenz.de\/lc\/zitate-kuerzlich-ueberarbeitet\/\"]}]},{\"@type\":\"ImageObject\",\"inLanguage\":\"de\",\"@id\":\"https:\/\/dieter-jenz.de\/lc\/zitate-kuerzlich-ueberarbeitet\/#primaryimage\",\"url\":\"https:\/\/dieter-jenz.de\/lc\/wp-content\/uploads\/2020\/01\/Beitragsbild-Zitate-1.jpeg\",\"contentUrl\":\"https:\/\/dieter-jenz.de\/lc\/wp-content\/uploads\/2020\/01\/Beitragsbild-Zitate-1.jpeg\",\"width\":500,\"height\":500,\"caption\":\"Beitragsbild Zitate\"},{\"@type\":\"BreadcrumbList\",\"@id\":\"https:\/\/dieter-jenz.de\/lc\/zitate-kuerzlich-ueberarbeitet\/#breadcrumb\",\"itemListElement\":[{\"@type\":\"ListItem\",\"position\":1,\"name\":\"Home\",\"item\":\"https:\/\/dieter-jenz.de\/lc\/\"},{\"@type\":\"ListItem\",\"position\":2,\"name\":\"K\u00fcrzlich \u00fcberarbeitete Beitr\u00e4ge (Zitate)\"}]},{\"@type\":\"WebSite\",\"@id\":\"https:\/\/dieter-jenz.de\/lc\/#website\",\"url\":\"https:\/\/dieter-jenz.de\/lc\/\",\"name\":\"Dieter Jenz, Begleitung und Coaching\",\"description\":\"Die andere, neue Sichtweise entdecken - auftanken - neue Wege gehen\",\"publisher\":{\"@id\":\"https:\/\/dieter-jenz.de\/lc\/#\/schema\/person\/618cfd5c289d0a23930cb258a43679ab\"},\"potentialAction\":[{\"@type\":\"SearchAction\",\"target\":{\"@type\":\"EntryPoint\",\"urlTemplate\":\"https:\/\/dieter-jenz.de\/lc\/?s={search_term_string}\"},\"query-input\":{\"@type\":\"PropertyValueSpecification\",\"valueRequired\":true,\"valueName\":\"search_term_string\"}}],\"inLanguage\":\"de\"},{\"@type\":[\"Person\",\"Organization\"],\"@id\":\"https:\/\/dieter-jenz.de\/lc\/#\/schema\/person\/618cfd5c289d0a23930cb258a43679ab\",\"name\":\"Dieter Jenz\",\"image\":{\"@type\":\"ImageObject\",\"inLanguage\":\"de\",\"@id\":\"https:\/\/dieter-jenz.de\/lc\/#\/schema\/person\/image\/\",\"url\":\"https:\/\/dieter-jenz.de\/lc\/wp-content\/uploads\/2020\/01\/Logo-Coaching-und-Begleitung.png\",\"contentUrl\":\"https:\/\/dieter-jenz.de\/lc\/wp-content\/uploads\/2020\/01\/Logo-Coaching-und-Begleitung.png\",\"width\":320,\"height\":240,\"caption\":\"Dieter Jenz\"},\"logo\":{\"@id\":\"https:\/\/dieter-jenz.de\/lc\/#\/schema\/person\/image\/\"},\"description\":\"Ich bin Dieter Jenz, Begleiter, Berater und Coach mit Leidenschaft. \u00dcber viele Jahre hinweg habe ich einen reichen Schatz an Kompetenz und Erfahrung erworben. Meine Themen sind die \\\"4L\\\": Lebensaufgabe, Lebensplanung, Lebensnavigation und Lebensqualit\u00e4t.\",\"sameAs\":[\"https:\/\/www.facebook.com\/dieter.jenz.inspiration\",\"https:\/\/www.pinterest.de\/dieterjenz\/\",\"https:\/\/x.com\/https:\/\/twitter.com\/dieterjenz\"]}]}<\/script>\n<!-- \/ Yoast SEO plugin. -->","yoast_head_json":{"title":"K\u00fcrzlich \u00fcberarbeitete Beitr\u00e4ge (Zitate)","description":"Diese inspirierenden, tiefgr\u00fcndigen und nachdenkenswerten Zitate wurden k\u00fcrzlich \u00fcberarbeitet. Lassen Sie sich inspirieren.","robots":{"index":"index","follow":"follow","max-snippet":"max-snippet:-1","max-image-preview":"max-image-preview:large","max-video-preview":"max-video-preview:-1"},"canonical":"https:\/\/dieter-jenz.de\/lc\/zitate-kuerzlich-ueberarbeitet\/","og_locale":"de_DE","og_type":"article","og_title":"K\u00fcrzlich \u00fcberarbeitete Beitr\u00e4ge (Zitate)","og_description":"Diese inspirierenden, tiefgr\u00fcndigen und nachdenkenswerten Zitate wurden k\u00fcrzlich \u00fcberarbeitet. Lassen Sie sich inspirieren.","og_url":"https:\/\/dieter-jenz.de\/lc\/zitate-kuerzlich-ueberarbeitet\/","og_site_name":"Dieter Jenz, Begleitung und Coaching","article_publisher":"https:\/\/www.facebook.com\/dieter.jenz.inspiration","article_modified_time":"2021-04-16T15:13:24+00:00","og_image":[{"width":500,"height":500,"url":"https:\/\/dieter-jenz.de\/lc\/wp-content\/uploads\/2020\/01\/Beitragsbild-Zitate-1.jpeg","type":"image\/jpeg"}],"twitter_card":"summary_large_image","twitter_site":"@dieterjenz","twitter_misc":{"Gesch\u00e4tzte Lesezeit":"1\u00a0Minute"},"schema":{"@context":"https:\/\/schema.org","@graph":[{"@type":"WebPage","@id":"https:\/\/dieter-jenz.de\/lc\/zitate-kuerzlich-ueberarbeitet\/","url":"https:\/\/dieter-jenz.de\/lc\/zitate-kuerzlich-ueberarbeitet\/","name":"K\u00fcrzlich \u00fcberarbeitete Beitr\u00e4ge (Zitate)","isPartOf":{"@id":"https:\/\/dieter-jenz.de\/lc\/#website"},"primaryImageOfPage":{"@id":"https:\/\/dieter-jenz.de\/lc\/zitate-kuerzlich-ueberarbeitet\/#primaryimage"},"image":{"@id":"https:\/\/dieter-jenz.de\/lc\/zitate-kuerzlich-ueberarbeitet\/#primaryimage"},"thumbnailUrl":"https:\/\/dieter-jenz.de\/lc\/wp-content\/uploads\/2020\/01\/Beitragsbild-Zitate-1.jpeg","datePublished":"2021-03-01T06:57:09+00:00","dateModified":"2021-04-16T15:13:24+00:00","description":"Diese inspirierenden, tiefgr\u00fcndigen und nachdenkenswerten Zitate wurden k\u00fcrzlich \u00fcberarbeitet. Lassen Sie sich inspirieren.","breadcrumb":{"@id":"https:\/\/dieter-jenz.de\/lc\/zitate-kuerzlich-ueberarbeitet\/#breadcrumb"},"inLanguage":"de","potentialAction":[{"@type":"ReadAction","target":["https:\/\/dieter-jenz.de\/lc\/zitate-kuerzlich-ueberarbeitet\/"]}]},{"@type":"ImageObject","inLanguage":"de","@id":"https:\/\/dieter-jenz.de\/lc\/zitate-kuerzlich-ueberarbeitet\/#primaryimage","url":"https:\/\/dieter-jenz.de\/lc\/wp-content\/uploads\/2020\/01\/Beitragsbild-Zitate-1.jpeg","contentUrl":"https:\/\/dieter-jenz.de\/lc\/wp-content\/uploads\/2020\/01\/Beitragsbild-Zitate-1.jpeg","width":500,"height":500,"caption":"Beitragsbild Zitate"},{"@type":"BreadcrumbList","@id":"https:\/\/dieter-jenz.de\/lc\/zitate-kuerzlich-ueberarbeitet\/#breadcrumb","itemListElement":[{"@type":"ListItem","position":1,"name":"Home","item":"https:\/\/dieter-jenz.de\/lc\/"},{"@type":"ListItem","position":2,"name":"K\u00fcrzlich \u00fcberarbeitete Beitr\u00e4ge (Zitate)"}]},{"@type":"WebSite","@id":"https:\/\/dieter-jenz.de\/lc\/#website","url":"https:\/\/dieter-jenz.de\/lc\/","name":"Dieter Jenz, Begleitung und Coaching","description":"Die andere, neue Sichtweise entdecken - auftanken - neue Wege gehen","publisher":{"@id":"https:\/\/dieter-jenz.de\/lc\/#\/schema\/person\/618cfd5c289d0a23930cb258a43679ab"},"potentialAction":[{"@type":"SearchAction","target":{"@type":"EntryPoint","urlTemplate":"https:\/\/dieter-jenz.de\/lc\/?s={search_term_string}"},"query-input":{"@type":"PropertyValueSpecification","valueRequired":true,"valueName":"search_term_string"}}],"inLanguage":"de"},{"@type":["Person","Organization"],"@id":"https:\/\/dieter-jenz.de\/lc\/#\/schema\/person\/618cfd5c289d0a23930cb258a43679ab","name":"Dieter Jenz","image":{"@type":"ImageObject","inLanguage":"de","@id":"https:\/\/dieter-jenz.de\/lc\/#\/schema\/person\/image\/","url":"https:\/\/dieter-jenz.de\/lc\/wp-content\/uploads\/2020\/01\/Logo-Coaching-und-Begleitung.png","contentUrl":"https:\/\/dieter-jenz.de\/lc\/wp-content\/uploads\/2020\/01\/Logo-Coaching-und-Begleitung.png","width":320,"height":240,"caption":"Dieter Jenz"},"logo":{"@id":"https:\/\/dieter-jenz.de\/lc\/#\/schema\/person\/image\/"},"description":"Ich bin Dieter Jenz, Begleiter, Berater und Coach mit Leidenschaft. \u00dcber viele Jahre hinweg habe ich einen reichen Schatz an Kompetenz und Erfahrung erworben. Meine Themen sind die \"4L\": Lebensaufgabe, Lebensplanung, Lebensnavigation und Lebensqualit\u00e4t.","sameAs":["https:\/\/www.facebook.com\/dieter.jenz.inspiration","https:\/\/www.pinterest.de\/dieterjenz\/","https:\/\/x.com\/https:\/\/twitter.com\/dieterjenz"]}]}},"_links":{"self":[{"href":"https:\/\/dieter-jenz.de\/lc\/wp-json\/wp\/v2\/pages\/5921"}],"collection":[{"href":"https:\/\/dieter-jenz.de\/lc\/wp-json\/wp\/v2\/pages"}],"about":[{"href":"https:\/\/dieter-jenz.de\/lc\/wp-json\/wp\/v2\/types\/page"}],"author":[{"embeddable":true,"href":"https:\/\/dieter-jenz.de\/lc\/wp-json\/wp\/v2\/users\/2"}],"replies":[{"embeddable":true,"href":"https:\/\/dieter-jenz.de\/lc\/wp-json\/wp\/v2\/comments?post=5921"}],"version-history":[{"count":4,"href":"https:\/\/dieter-jenz.de\/lc\/wp-json\/wp\/v2\/pages\/5921\/revisions"}],"predecessor-version":[{"id":5934,"href":"https:\/\/dieter-jenz.de\/lc\/wp-json\/wp\/v2\/pages\/5921\/revisions\/5934"}],"wp:featuredmedia":[{"embeddable":true,"href":"https:\/\/dieter-jenz.de\/lc\/wp-json\/wp\/v2\/media\/2809"}],"wp:attachment":[{"href":"https:\/\/dieter-jenz.de\/lc\/wp-json\/wp\/v2\/media?parent=5921"}],"curies":[{"name":"wp","href":"https:\/\/api.w.org\/{rel}","templated":true}]}}