{"id":7616,"date":"2022-11-11T11:05:17","date_gmt":"2022-11-11T10:05:17","guid":{"rendered":"https:\/\/dieter-jenz.de\/lc\/?page_id=7616"},"modified":"2024-10-30T16:54:53","modified_gmt":"2024-10-30T15:54:53","slug":"ressourcen-wie-geht-es-nach-dem-tod-weiter","status":"publish","type":"page","link":"https:\/\/dieter-jenz.de\/lc\/ressourcen-wie-geht-es-nach-dem-tod-weiter\/","title":{"rendered":"Literatur und sonstige Ressourcen"},"content":{"rendered":"<div class=\"yoast-breadcrumbs\"><span><span><a href=\"https:\/\/dieter-jenz.de\/lc\/\">Home<\/a><\/span> \u00bb <span class=\"breadcrumb_last\" aria-current=\"page\"><strong>Literatur und sonstige Ressourcen<\/strong><\/span><\/span><\/div>\n\n\n<div style=\"height:50px\" aria-hidden=\"true\" class=\"wp-block-spacer\"><\/div>\n\n\n\n<p><a>\u201e<\/a><a href=\"https:\/\/dieter-jenz.de\/lc\/was-geschieht-mit-mir-wenn-ich-sterbe\/\">Was geschieht mit mir wenn ich sterbe?<\/a>\u201c Um einer Antwort auf diese so wichtige Frage n\u00e4herkommen zu k\u00f6nnen, ist eine intensive und disziplinen\u00fcbergreifende Recherche erforderlich. Die folgende \u00dcbersicht benennt die wichtigsten daf\u00fcr genutzten Ressourcen.<\/p>\n\n\n\n<h3 class=\"wp-block-heading\"><strong>Ressourcen<\/strong><\/h3>\n\n\n\n<p>In die Recherche floss Material aus sehr vielen unterschiedlichen Quellen ein. Nicht alle k\u00f6nnen hier genannt werden. Beispielsweise wurde und wird Wikipedia mit einer Vielzahl von Beitr\u00e4gen intensiv genutzt, ohne jeden einzelnen dieser Beitr\u00e4ge hier auff\u00fchren zu k\u00f6nnen. Dies w\u00fcrde jeden Rahmen sprengen.<\/p>\n\n\n\n<h4 class=\"wp-block-heading\"><strong>B\u00fccher und Dokumente<\/strong><\/h4>\n\n\n\n<p>Allgeier, Kurt: Und den Himmel gibt es doch! Die Suche der Menschheit nach dem ewigen Leben, Knaur Sachbuch, 1990<\/p>\n\n\n\n<p>Atwater, P.M.H: Wir waren im Himmel \u2013 Was Nahtoderfahrungen von Kindern \u00fcber das Leben und das Jenseits offenbaren, Wilhelm Heyne Verlag, 2022<\/p>\n\n\n\n<p>Bauer, Joachim: Das Ged\u00e4chtnis des K\u00f6rpers \u2013 Wie Beziehungen und Lebensstile unsere Gene steuern, Piper, 2005<\/p>\n\n\n\n<p>Beetz, Andrea M. und Delhaes, Alexander von: Forensische Hypnose &#8211; Der Einsatz von Hypnose als erinnerungsunterst\u00fctzendes Verfahren im Rahmen polizeilicher Ermittlungen, Hypnose \u2013 ZHH, 2011<\/p>\n\n\n\n<p>Br\u00fcck, Michael von: Reinkarnation im Hinduismus und im Buddhismus, in Auferstehung und Unsterblichkeit, Erik Hornung, Tilo Schabert (Hrsg.), Wilhelm Fink Verlag, 1993<\/p>\n\n\n\n<p>Brugger, Mario: <a href=\"https:\/\/unipub.uni-graz.at\/obvugrhs\/content\/titleinfo\/439554\/full.pdf\">Nahtoderfahrungen im Vergleich<\/a> (Diplomarbeit), 2015<\/p>\n\n\n\n<p>Bruhn, J\u00f6rgen: Blicke hinter den Horizont: Nahtoderlebnisse: Deutung \u2013 Bedeutung, Alster-Verlag, 2009<\/p>\n\n\n\n<p>Dethleffsen, Thorwald: Schicksal als Chance \u2013 Das Urwissen zur Vollkommenheit des Menschen, Goldmann Verlag, 1988<\/p>\n\n\n\n<p>Depner, Rachel M. et al.: <a href=\"https:\/\/home.liebertpub.com\/publications\/palliative-medicine-reports\/656\">Expanding the Understanding of Content of End-of-Life Dreams and Visions: A Consensual Qualitative Research Analysis<\/a>, Palliative Medicine Reports, Vol. 1, No. 1, 2020<\/p>\n\n\n\n<p>Elsaesser, E. et al.: <a href=\"https:\/\/netzwerk-nahtoderfahrung.org\/files\/elsaesser\/Elsaesser_Zeitschrift_fuer_Anomalistik_28.6.2022.pdf\">Ph\u00e4nomenologie und Auswirkungen von spontanen Nachtod-Kontakten (NTK) \u2013 Forschungsergebnisse und Fallstudien<\/a>, Zeitschrift f\u00fcr Anomalistik, Band 22, 2022<\/p>\n\n\n\n<p>Fenwick, Peter und Elizabeth: Die Kunst des Sterbens, Westarp, 2021<\/p>\n\n\n\n<p>Firus, Christian: Der lange Schatten der Kindheit &#8211; Seelische Verletzungen und Traumata \u00fcberwinden, Patmos, 2018<\/p>\n\n\n\n<p>Frob\u00f6se, Rolf: Die geheime Physik des Zufalls: Quantenph\u00e4nomene und Schicksal, BOD, 2010<\/p>\n\n\n\n<p>Geley, G.: Vom Unbewu\u00dften zum Bewu\u00dften, Union Deutsche Verlagsges., 1925<\/p>\n\n\n\n<p>Greyson, Bruce: Nahtod \u2013 Grenzerfahrungen zwischen den Welten, Ansata, 2021<\/p>\n\n\n\n<p>Gr\u00fcndel, Johannes: Entfaltung des kindlichen Gewissens &#8211; Anregungen f\u00fcr Eltern und Lehrer, Rex-Verlag, 1973<\/p>\n\n\n\n<p>Guggenheim, Bill und Judy: Trost aus dem Jenseits \u2013 Unerwartete Begegnungen mit Verstorbenen, Scherz, 2010<\/p>\n\n\n\n<p>Hand, Kevin Peter: Alien Oceans \u2013 The Search for Life in the Depths of Space, Princeton University Press, 2020<\/p>\n\n\n\n<p>Haraldsson, Erlendur: The Departed Among the Living. An Investigative Study of Afterlife Encounters, White Crow Books, 2012<\/p>\n\n\n\n<p>H\u00e4rle, Wilfried: \u2026und h\u00e4tten ihn gern gefunden \u2013 Gott auf der Spur, Evangelische Verlagsanstalt, 2017<\/p>\n\n\n\n<p>H\u00e4rle, Wilfried: Warum Gott? F\u00fcr Menschen die mehr wissen wollen, Evangelische Verlagsanstalt, 2014<\/p>\n\n\n\n<p>Hidas, Gy\u00f6rgy und Raffai, Jen\u00f6: Nabelschnur der Seele: Psychoanalytisch orientierte F\u00f6rderung der vorgeburtlichen Bindung zwischen Mutter und Baby, Psychosozial-Verlag, 2006<\/p>\n\n\n\n<p>Horkel, Wilhelm: Botschaft von dr\u00fcben?, Otto Reichl Verlag, 1987<\/p>\n\n\n\n<p>John, Klaus-Dieter: Ich habe Gott gesehen: Diospi Suyana \u2013 Hospital der Hoffnung, Brunnen, 2012<\/p>\n\n\n\n<p>Kerr, Christopher et al.: <a href=\"https:\/\/www.liebertpub.com\/doi\/10.1089\/jpm.2013.0371\">End-of-Life Dreams and Visions: A Longitudinal Study of Hospice Patients&#8216; Experiences<\/a>, Journal of Palliative Medicine, Vol. 17, No. 3, 2014<\/p>\n\n\n\n<p>Kerr, Christopher mit Mardorossian, Carine: Die Tr\u00e4ume der Sterbenden &#8211; Warum wir den Tod nicht f\u00fcrchten m\u00fcssen. Ein Hospizarzt berichtet, Integral, 2020<\/p>\n\n\n\n<p>Knoblauch, Hubert: Berichte aus dem Jenseits \u2013 Nahtod-Erfahrungen, Verlag HOHE, 2007<\/p>\n\n\n\n<p>Knoblauch, Hubert, Schnettler B., Soeffner, H-G.: Die Sinnprovinz des Jenseits und die Kultivierung des Todes in: Knoblauch, Hubert und Soeffner Hans-Georg (Hrsg.). Todesn\u00e4he: Wissenschaftliche Zug\u00e4nge zu einem au\u00dfergew\u00f6hnlichen Ph\u00e4nomen. Passagen &amp; Transzendenzen, Band 8, Universit\u00e4tsverlag Konstanz, 1999<\/p>\n\n\n\n<p>Kreitmeir, Christoph: Welche Farbe hat der Tod? \u2013 Erfahrungen eines Klinikseelsorgers mit Leben und Sterben, G\u00fctersloher Verlagshaus, 2023<\/p>\n\n\n\n<p>Leaf, Caroline: Switch on your Brain \u2013 The Key to Peak Happiness, Thinking, and Health, Baker Books, 2015<\/p>\n\n\n\n<p>Leuenberger, Hans-Dieter: Das ist Esoterik, Verlag Hermann Bauer, 1999<\/p>\n\n\n\n<p>Lommel, Pim van: Endloses Bewusstsein: Neue medizinische Fakten zur Nahtoderfahrung, Verlag Walter, 2010<\/p>\n\n\n\n<p>Long, Jeffrey mit Perry, Paul: Beweise f\u00fcr ein Leben nach dem Tod, Goldmann Arkana, 2010<\/p>\n\n\n\n<p>Long, Jeffrey mit Perry, Paul: Neue Beweise f\u00fcr ein Leben nach dem Tod, Goldmann, 2017<\/p>\n\n\n\n<p>Mangalwadi, Vishal: Das Buch der Mitte \u2013 Wie wir wurden, was wir sind: Die Bibel als Herzst\u00fcck westlicher Kultur, fontis \u2013 Brunnen Basel, 2015<\/p>\n\n\n\n<p>Michels, Johannes: Zeichen des Himmels \u2013 Prophezeiung, Vorsehung, F\u00fcgung, St. Benno-Verlag, o.&nbsp;J.<\/p>\n\n\n\n<p>Moody, Raymond A.: The Last Laugh: A New Philosophy of Near-Death Experiences, Apparitions, and the Paranormal, Hampton Roads Publishing, 1999<\/p>\n\n\n\n<p>Morse, M. und Perry, P.: Zum Licht, Zweitausendeins, 1992<\/p>\n\n\n\n<p>Nahm, Michael: Wenn die Dunkelheit ein Ende findet \u2013 Terminale Geistesklarheit und andere Ph\u00e4nomene in Todesn\u00e4he, Crotona, 2012<\/p>\n\n\n\n<p>Neal, Mary C.: 7 Botschaften des Himmels, Allegria, 2018<\/p>\n\n\n\n<p>Neidhart, Ludwig: <a href=\"https:\/\/www.philso.uni-augsburg.de\/institute\/philosophie\/Personen\/Lehrbeauftragte\/neidhart\/Downloads\/ChronologieAT.pdf\">Chronologie des Alten Testaments<\/a>, Version 09. Juni 2018<\/p>\n\n\n\n<p>Nicolay, Joachim und Kuhn, Wilfried (Hrsg.): Nahtod-Erfahrungen und Sterbebegleitung: Angstfrei leben \u2013 hoffnungsvoll weitergehen, Crotona, 2022<\/p>\n\n\n\n<p>Nielsen, Enno: Der Spuk im Grabgew\u00f6lbe, dtv, 1978<\/p>\n\n\n\n<p>Nielsen, Enno, Die Hexe von Endor, dtv, 1978<\/p>\n\n\n\n<p>Piesbergen, Christoph und Jakob, Marissa-Julia; Steckt die Seele in der DNA? &#8211; Ein ph\u00e4nomenologisch-evolution\u00e4rer Ansatz zum Leib-Seele-Problem, Ludwig-Maximilians-Universit\u00e4t M\u00fcnchen, 2020<\/p>\n\n\n\n<p>Rawlings, Maurice: Jenseits der Todeslinie, Verlag Christliche Buchhandlung, 1987<\/p>\n\n\n\n<p>Rienecker, Fritz: Das Sch\u00f6nste kommt noch, R. Brockhaus, 1978<\/p>\n\n\n\n<p>Ring, Kenneth und Cooper, Sharon: <a href=\"https:\/\/digital.library.unt.edu\/ark:\/67531\/metadc799333\/m2\/1\/high_res_d\/vol16-no2-101.pdf\" target=\"_blank\" rel=\"noreferrer noopener nofollow\">Near-Death and Out-of-Body Experiences in the Blind: A Study of Apparent Eyeless Vision<\/a>, Journal of Near-Death Studies, 16(2), 1997<\/p>\n\n\n\n<p>Sautoy, Marcus du: The Great Unknown \u2013 Seven Journeys to the Frontiers of Science, Viking, 2016<\/p>\n\n\n\n<p>Schroth, Gerhard: Bindungsanalyse nach Raffai und Hidas &#8211; Eine Einf\u00fchrung. In: International Journal of Prenatal and Perinatal Psychology and Medicine 21 (3\/4), 2009.<\/p>\n\n\n\n<p>Waal, Frans de: Are We Smart Enough to Know How Smart Animals Are?, W. W. Norton &amp; Co, 2016<\/p>\n\n\n\n<p>Waal, Frans de: Mamas\u2018 Last Hug \u2013 Animal Emotions and What They Tell Us about Ourselves, W. W. Norton &amp; Co, 2019<\/p>\n\n\n\n<p>Wacker, Marie-Theres \/ Bechmann, Ulrike \/ Langer, Gerhard (Hrsg.): Prophetie in Tenach, Bibel und Qur\u2019an &#8211; Konturen \u2013 Strukturen \u2013 Figuren, Verlag W. Kohlhammer, 2023<\/p>\n\n\n\n<p>Z\u00f6ller-Greer, Peter: <a href=\"https:\/\/professorenforum.de\/ressourcen\/biblische-prophezeiungen-und-mathematische-wahrscheinlichkeiten\/\">Biblische Prophezeiungen und mathematische Wahrscheinlichkeiten<\/a>, Professorenforum, 2006<\/p>\n\n\n\n<h4 class=\"wp-block-heading\"><strong>Websites<\/strong><\/h4>\n\n\n\n<p>Auch \u00f6ffentlich zug\u00e4ngliche Websites dienten und dienen mit ihrer Vielzahl an Texten, Podcasts und Videos als immer wieder genutzte Informationsquellen. Unter dem Aspekt der Informationsqualit\u00e4t und Unvoreingenommenheit ragen folgende Websites heraus:<\/p>\n\n\n\n<p><a href=\"https:\/\/thanatos.tv\/\">Thanatos TV<\/a>: eine Website von THANATOS, Verein zur Publikation von Erkenntnissen aus Sterbeforschung, Hospizarbeit und Jenseitsforschung. Obmann des in \u00d6sterreich beheimateten Vereins ist der Journalist, Autor und Filmemacher Werner Huemer.<\/p>\n\n\n\n<p><a href=\"https:\/\/www.closertotruth.com\/\">Closer to Truth<\/a>: eine Website der gleichnamigen gemeinn\u00fctzigen, nicht gewinnorientierten Organisation. Sie besch\u00e4ftigt sich mit grundlegenden Fragestellungen menschlicher Existenz. Moderator ist der Neurowissenschaftler Robert Lawrence Kuhn.<\/p>\n\n\n\n<p><a href=\"https:\/\/www.nderf.org\/\">NDERF.org<\/a>: die Website der <em>Near-Death Research Foundation<\/em> (NDERF), gegr\u00fcndet vom Arzt und Radioonkologen Jeffrey Long. Sie sammelt u.&nbsp;a. anekdotische Schilderungen von Nahtoderfahrungen. In der Datenbank befinden sich mehrere tausend derartiger Schilderungen.<\/p>\n","protected":false},"excerpt":{"rendered":"<p>\u201eWas geschieht mit mir wenn ich sterbe?\u201c Um einer Antwort auf diese so wichtige Frage n\u00e4herkommen zu k\u00f6nnen, ist eine intensive und disziplinen\u00fcbergreifende Recherche erforderlich. Die folgende \u00dcbersicht&hellip;<\/p>\n","protected":false},"author":2,"featured_media":0,"parent":0,"menu_order":0,"comment_status":"closed","ping_status":"closed","template":"template-full-width-only-content.php","meta":{"footnotes":""},"yoast_head":"<!-- This site is optimized with the Yoast SEO plugin v24.5 - https:\/\/yoast.com\/wordpress\/plugins\/seo\/ -->\n<title>Literatur und sonstige Ressourcen<\/title>\n<meta name=\"description\" content=\"Wie geht es nach dem Tod weiter? Die f\u00fcr die intensive Recherche genutzten Ressourcen: B\u00fccher, Dokumente, Websites usw.\" \/>\n<meta name=\"robots\" content=\"index, follow, max-snippet:-1, max-image-preview:large, max-video-preview:-1\" \/>\n<link rel=\"canonical\" href=\"https:\/\/dieter-jenz.de\/lc\/ressourcen-wie-geht-es-nach-dem-tod-weiter\/\" \/>\n<meta property=\"og:locale\" content=\"de_DE\" \/>\n<meta property=\"og:type\" content=\"article\" \/>\n<meta property=\"og:title\" content=\"Literatur und sonstige Ressourcen\" \/>\n<meta property=\"og:description\" content=\"Wie geht es nach dem Tod weiter? Die f\u00fcr die intensive Recherche genutzten Ressourcen: B\u00fccher, Dokumente, Websites usw.\" \/>\n<meta property=\"og:url\" content=\"https:\/\/dieter-jenz.de\/lc\/ressourcen-wie-geht-es-nach-dem-tod-weiter\/\" \/>\n<meta property=\"og:site_name\" content=\"Dieter Jenz, Begleitung und Coaching\" \/>\n<meta property=\"article:publisher\" content=\"https:\/\/www.facebook.com\/dieter.jenz.inspiration\" \/>\n<meta property=\"article:modified_time\" content=\"2024-10-30T15:54:53+00:00\" \/>\n<meta name=\"twitter:card\" content=\"summary_large_image\" \/>\n<meta name=\"twitter:site\" content=\"@dieterjenz\" \/>\n<meta name=\"twitter:label1\" content=\"Gesch\u00e4tzte Lesezeit\" \/>\n\t<meta name=\"twitter:data1\" content=\"6\u00a0Minuten\" \/>\n<script type=\"application\/ld+json\" class=\"yoast-schema-graph\">{\"@context\":\"https:\/\/schema.org\",\"@graph\":[{\"@type\":\"WebPage\",\"@id\":\"https:\/\/dieter-jenz.de\/lc\/ressourcen-wie-geht-es-nach-dem-tod-weiter\/\",\"url\":\"https:\/\/dieter-jenz.de\/lc\/ressourcen-wie-geht-es-nach-dem-tod-weiter\/\",\"name\":\"Literatur und sonstige Ressourcen\",\"isPartOf\":{\"@id\":\"https:\/\/dieter-jenz.de\/lc\/#website\"},\"datePublished\":\"2022-11-11T10:05:17+00:00\",\"dateModified\":\"2024-10-30T15:54:53+00:00\",\"description\":\"Wie geht es nach dem Tod weiter? Die f\u00fcr die intensive Recherche genutzten Ressourcen: B\u00fccher, Dokumente, Websites usw.\",\"breadcrumb\":{\"@id\":\"https:\/\/dieter-jenz.de\/lc\/ressourcen-wie-geht-es-nach-dem-tod-weiter\/#breadcrumb\"},\"inLanguage\":\"de\",\"potentialAction\":[{\"@type\":\"ReadAction\",\"target\":[\"https:\/\/dieter-jenz.de\/lc\/ressourcen-wie-geht-es-nach-dem-tod-weiter\/\"]}]},{\"@type\":\"BreadcrumbList\",\"@id\":\"https:\/\/dieter-jenz.de\/lc\/ressourcen-wie-geht-es-nach-dem-tod-weiter\/#breadcrumb\",\"itemListElement\":[{\"@type\":\"ListItem\",\"position\":1,\"name\":\"Home\",\"item\":\"https:\/\/dieter-jenz.de\/lc\/\"},{\"@type\":\"ListItem\",\"position\":2,\"name\":\"Literatur und sonstige Ressourcen\"}]},{\"@type\":\"WebSite\",\"@id\":\"https:\/\/dieter-jenz.de\/lc\/#website\",\"url\":\"https:\/\/dieter-jenz.de\/lc\/\",\"name\":\"Dieter Jenz, Begleitung und Coaching\",\"description\":\"Die andere, neue Sichtweise entdecken - auftanken - neue Wege gehen\",\"publisher\":{\"@id\":\"https:\/\/dieter-jenz.de\/lc\/#\/schema\/person\/618cfd5c289d0a23930cb258a43679ab\"},\"potentialAction\":[{\"@type\":\"SearchAction\",\"target\":{\"@type\":\"EntryPoint\",\"urlTemplate\":\"https:\/\/dieter-jenz.de\/lc\/?s={search_term_string}\"},\"query-input\":{\"@type\":\"PropertyValueSpecification\",\"valueRequired\":true,\"valueName\":\"search_term_string\"}}],\"inLanguage\":\"de\"},{\"@type\":[\"Person\",\"Organization\"],\"@id\":\"https:\/\/dieter-jenz.de\/lc\/#\/schema\/person\/618cfd5c289d0a23930cb258a43679ab\",\"name\":\"Dieter Jenz\",\"image\":{\"@type\":\"ImageObject\",\"inLanguage\":\"de\",\"@id\":\"https:\/\/dieter-jenz.de\/lc\/#\/schema\/person\/image\/\",\"url\":\"https:\/\/dieter-jenz.de\/lc\/wp-content\/uploads\/2020\/01\/Logo-Coaching-und-Begleitung.png\",\"contentUrl\":\"https:\/\/dieter-jenz.de\/lc\/wp-content\/uploads\/2020\/01\/Logo-Coaching-und-Begleitung.png\",\"width\":320,\"height\":240,\"caption\":\"Dieter Jenz\"},\"logo\":{\"@id\":\"https:\/\/dieter-jenz.de\/lc\/#\/schema\/person\/image\/\"},\"description\":\"Ich bin Dieter Jenz, Begleiter, Berater und Coach mit Leidenschaft. \u00dcber viele Jahre hinweg habe ich einen reichen Schatz an Kompetenz und Erfahrung erworben. Meine Themen sind die \\\"4L\\\": Lebensaufgabe, Lebensplanung, Lebensnavigation und Lebensqualit\u00e4t.\",\"sameAs\":[\"https:\/\/www.facebook.com\/dieter.jenz.inspiration\",\"https:\/\/www.pinterest.de\/dieterjenz\/\",\"https:\/\/x.com\/https:\/\/twitter.com\/dieterjenz\"]}]}<\/script>\n<!-- \/ Yoast SEO plugin. -->","yoast_head_json":{"title":"Literatur und sonstige Ressourcen","description":"Wie geht es nach dem Tod weiter? Die f\u00fcr die intensive Recherche genutzten Ressourcen: B\u00fccher, Dokumente, Websites usw.","robots":{"index":"index","follow":"follow","max-snippet":"max-snippet:-1","max-image-preview":"max-image-preview:large","max-video-preview":"max-video-preview:-1"},"canonical":"https:\/\/dieter-jenz.de\/lc\/ressourcen-wie-geht-es-nach-dem-tod-weiter\/","og_locale":"de_DE","og_type":"article","og_title":"Literatur und sonstige Ressourcen","og_description":"Wie geht es nach dem Tod weiter? Die f\u00fcr die intensive Recherche genutzten Ressourcen: B\u00fccher, Dokumente, Websites usw.","og_url":"https:\/\/dieter-jenz.de\/lc\/ressourcen-wie-geht-es-nach-dem-tod-weiter\/","og_site_name":"Dieter Jenz, Begleitung und Coaching","article_publisher":"https:\/\/www.facebook.com\/dieter.jenz.inspiration","article_modified_time":"2024-10-30T15:54:53+00:00","twitter_card":"summary_large_image","twitter_site":"@dieterjenz","twitter_misc":{"Gesch\u00e4tzte Lesezeit":"6\u00a0Minuten"},"schema":{"@context":"https:\/\/schema.org","@graph":[{"@type":"WebPage","@id":"https:\/\/dieter-jenz.de\/lc\/ressourcen-wie-geht-es-nach-dem-tod-weiter\/","url":"https:\/\/dieter-jenz.de\/lc\/ressourcen-wie-geht-es-nach-dem-tod-weiter\/","name":"Literatur und sonstige Ressourcen","isPartOf":{"@id":"https:\/\/dieter-jenz.de\/lc\/#website"},"datePublished":"2022-11-11T10:05:17+00:00","dateModified":"2024-10-30T15:54:53+00:00","description":"Wie geht es nach dem Tod weiter? Die f\u00fcr die intensive Recherche genutzten Ressourcen: B\u00fccher, Dokumente, Websites usw.","breadcrumb":{"@id":"https:\/\/dieter-jenz.de\/lc\/ressourcen-wie-geht-es-nach-dem-tod-weiter\/#breadcrumb"},"inLanguage":"de","potentialAction":[{"@type":"ReadAction","target":["https:\/\/dieter-jenz.de\/lc\/ressourcen-wie-geht-es-nach-dem-tod-weiter\/"]}]},{"@type":"BreadcrumbList","@id":"https:\/\/dieter-jenz.de\/lc\/ressourcen-wie-geht-es-nach-dem-tod-weiter\/#breadcrumb","itemListElement":[{"@type":"ListItem","position":1,"name":"Home","item":"https:\/\/dieter-jenz.de\/lc\/"},{"@type":"ListItem","position":2,"name":"Literatur und sonstige Ressourcen"}]},{"@type":"WebSite","@id":"https:\/\/dieter-jenz.de\/lc\/#website","url":"https:\/\/dieter-jenz.de\/lc\/","name":"Dieter Jenz, Begleitung und Coaching","description":"Die andere, neue Sichtweise entdecken - auftanken - neue Wege gehen","publisher":{"@id":"https:\/\/dieter-jenz.de\/lc\/#\/schema\/person\/618cfd5c289d0a23930cb258a43679ab"},"potentialAction":[{"@type":"SearchAction","target":{"@type":"EntryPoint","urlTemplate":"https:\/\/dieter-jenz.de\/lc\/?s={search_term_string}"},"query-input":{"@type":"PropertyValueSpecification","valueRequired":true,"valueName":"search_term_string"}}],"inLanguage":"de"},{"@type":["Person","Organization"],"@id":"https:\/\/dieter-jenz.de\/lc\/#\/schema\/person\/618cfd5c289d0a23930cb258a43679ab","name":"Dieter Jenz","image":{"@type":"ImageObject","inLanguage":"de","@id":"https:\/\/dieter-jenz.de\/lc\/#\/schema\/person\/image\/","url":"https:\/\/dieter-jenz.de\/lc\/wp-content\/uploads\/2020\/01\/Logo-Coaching-und-Begleitung.png","contentUrl":"https:\/\/dieter-jenz.de\/lc\/wp-content\/uploads\/2020\/01\/Logo-Coaching-und-Begleitung.png","width":320,"height":240,"caption":"Dieter Jenz"},"logo":{"@id":"https:\/\/dieter-jenz.de\/lc\/#\/schema\/person\/image\/"},"description":"Ich bin Dieter Jenz, Begleiter, Berater und Coach mit Leidenschaft. \u00dcber viele Jahre hinweg habe ich einen reichen Schatz an Kompetenz und Erfahrung erworben. Meine Themen sind die \"4L\": Lebensaufgabe, Lebensplanung, Lebensnavigation und Lebensqualit\u00e4t.","sameAs":["https:\/\/www.facebook.com\/dieter.jenz.inspiration","https:\/\/www.pinterest.de\/dieterjenz\/","https:\/\/x.com\/https:\/\/twitter.com\/dieterjenz"]}]}},"_links":{"self":[{"href":"https:\/\/dieter-jenz.de\/lc\/wp-json\/wp\/v2\/pages\/7616"}],"collection":[{"href":"https:\/\/dieter-jenz.de\/lc\/wp-json\/wp\/v2\/pages"}],"about":[{"href":"https:\/\/dieter-jenz.de\/lc\/wp-json\/wp\/v2\/types\/page"}],"author":[{"embeddable":true,"href":"https:\/\/dieter-jenz.de\/lc\/wp-json\/wp\/v2\/users\/2"}],"replies":[{"embeddable":true,"href":"https:\/\/dieter-jenz.de\/lc\/wp-json\/wp\/v2\/comments?post=7616"}],"version-history":[{"count":9,"href":"https:\/\/dieter-jenz.de\/lc\/wp-json\/wp\/v2\/pages\/7616\/revisions"}],"predecessor-version":[{"id":12289,"href":"https:\/\/dieter-jenz.de\/lc\/wp-json\/wp\/v2\/pages\/7616\/revisions\/12289"}],"wp:attachment":[{"href":"https:\/\/dieter-jenz.de\/lc\/wp-json\/wp\/v2\/media?parent=7616"}],"curies":[{"name":"wp","href":"https:\/\/api.w.org\/{rel}","templated":true}]}}