{"id":8,"date":"2014-02-12T09:41:26","date_gmt":"2014-02-12T08:41:26","guid":{"rendered":"http:\/\/dieter-jenz.de\/lc\/?page_id=8"},"modified":"2024-02-08T12:43:20","modified_gmt":"2024-02-08T11:43:20","slug":"willkommen","status":"publish","type":"page","link":"https:\/\/dieter-jenz.de\/lc\/willkommen\/","title":{"rendered":"Willkommen"},"content":{"rendered":"<div class=\"wp-block-image\">\n<figure class=\"aligncenter size-full is-resized\"><a href=\"https:\/\/dieter-jenz.de\/lc\/wp-content\/uploads\/2022\/11\/Beitragsbild-Willkommen.jpeg\"><img loading=\"lazy\" decoding=\"async\" width=\"800\" height=\"800\" src=\"https:\/\/dieter-jenz.de\/lc\/wp-content\/uploads\/2022\/11\/Beitragsbild-Willkommen.jpeg\" alt=\"Herzlich Willkommen - Gestaltung: privat\" class=\"wp-image-7667\" style=\"width:250px;height:250px\" srcset=\"https:\/\/dieter-jenz.de\/lc\/wp-content\/uploads\/2022\/11\/Beitragsbild-Willkommen.jpeg 800w, https:\/\/dieter-jenz.de\/lc\/wp-content\/uploads\/2022\/11\/Beitragsbild-Willkommen-300x300.jpeg 300w, https:\/\/dieter-jenz.de\/lc\/wp-content\/uploads\/2022\/11\/Beitragsbild-Willkommen-150x150.jpeg 150w, https:\/\/dieter-jenz.de\/lc\/wp-content\/uploads\/2022\/11\/Beitragsbild-Willkommen-768x768.jpeg 768w, https:\/\/dieter-jenz.de\/lc\/wp-content\/uploads\/2022\/11\/Beitragsbild-Willkommen-540x540.jpeg 540w\" sizes=\"(max-width: 800px) 100vw, 800px\" \/><\/a><figcaption class=\"wp-element-caption\">Gestaltung: privat<\/figcaption><\/figure><\/div>\n\n\n<h3 class=\"wp-block-heading\">Herzlich willkommen! Sch\u00f6n dass Sie hier sind!<\/h3>\n\n\n\n<p>Seit Jahren begleite ich Menschen. Jedesmal freut es mich, wenn ich miterlebe wie Menschen f\u00fcr sich entdecken: es gibt einen Weg f\u00fcr mich!<\/p>\n\n\n\n<p>Wenn wir eine Phase oder eine Situation als problematisch erleben, dann steht oft eine Ver\u00e4nderung an. Jede Ver\u00e4nderung kann sich als wichtiger Entwicklungsschritt, vielleicht sogar als Entwicklungssprung erweisen.<\/p>\n\n\n\n<p>In der Regel k\u00f6nnen wir pers\u00f6nliche Schwierigkeiten selbst l\u00f6sen, auch dauerhaft. Manchmal haben wir jedoch das Gef\u00fchl, bei einem bestimmten Thema stecken zu bleiben, nicht weiter zu kommen. Mit unseren gewohnten L\u00f6sungsstrategien finden wir dann keinen Weg. Dann kann Unterst\u00fctzung durch einen kompetenten Begleiter und Coach sehr hilfreich sein.<\/p>\n\n\n\n<h3 class=\"wp-block-heading\">Gehen Sie auf Entdeckungsreise!<\/h3>\n\n\n\n<p>Vielleicht suchen Sie allgemeine Anregungen, wie Sie Ihr Leben bereichern k\u00f6nnen. Hier werden Sie f\u00fcndig! <a href=\"https:\/\/dieter-jenz.de\/lc\/zitate-zum-nachdenken-und-neudenken-uebersicht\/\">Zitate zum Nachdenken und Neudenken <\/a>besch\u00e4ftigen sich mit den drei wohl wichtigsten Themen im Leben: <strong>Gl\u00fcck<\/strong>, <strong>Liebe<\/strong>, <strong>Freundschaft<\/strong>.<\/p>\n\n\n\n<p>Die ausgew\u00e4hlten Zitate \u2013 mittlerweile sind es weit \u00fcber 200 \u2013 spiegeln einen wahren Schatz an Lebensweisheit wider. Manche von ihnen haben in schwierigen Lebensphasen der jeweiligen Quellen ihren Ursprung. Umso wertvoller sind derartige Zitate, da sie gewisserma\u00dfen bew\u00e4hrte \u201eRezepte\u201c in relativ kurzen Aussagen verk\u00f6rpern.<\/p>\n\n\n\n<p>Im Lauf der Jahre hat sich mein Wunsch nicht ver\u00e4ndert: etwas zur Ermutigung und Inspiration beitragen und positive Impulse setzen. Das Leben ist schwer genug \u2013 zumindest empfinden es sehr viele Menschen so. Anforderungen, Verpflichtungen, zwischenmenschliche Konflikte und so vieles mehr fordern immer wieder heraus. Vielleicht verhilft der eine oder andere Text in der ein oder anderen Situation zu einer anderen Sichtweise und macht indirekt die B\u00fcrde etwas leichter.<\/p>\n\n\n\n<p>Es gibt Themen, die uns im Leben immer wieder besch\u00e4ftigen. Ich bezeichne sie als Evergreen-Themen, weil sie ihre Relevanz nie verlieren. Manche Fragen stellen sich im Leben immer wieder neu, denn die Lebensumst\u00e4nde \u00e4ndern sich. St\u00e4ndig \u00e4ndert sich etwas. Vielleicht scheint es zun\u00e4chst unwesentlich zu sein, doch dann merkt man irgendwann, dass etwas nachdr\u00fccklich in eine andere Richtung dr\u00e4ngt, hin zu mehr Lebensqualit\u00e4t und Lebensfreude. <a href=\"https:\/\/dieter-jenz.de\/lc\/portal-evergreen-themen\/\">Evergreen-Themen<\/a> greifen wichtige Lebensfragen auf, an denen niemand vorbeigehen sollte.<\/p>\n\n\n\n<p>Wenn wir das Leben ganzheitlich betrachten, stellen sich vielerlei Fragen. &#8222;Wo komme ich her?&#8220;, &#8222;Wie kommt es, dass ich ich bin?&#8220; und &#8222;Was geschieht mit mir, wenn ich sterbe?&#8220; sind nur einige davon. Mit diesen Fragen setze ich mich selbst auch intensiv auseinander. Ich habe schon viel Zeit investiert, um plausible und belastbare Antworten zu finden. Die Beitragsreihe &#8222;<a href=\"https:\/\/dieter-jenz.de\/lc\/was-geschieht-mit-mir-wenn-ich-sterbe\/\">Was geschieht mit mir, wenn ich sterbe?<\/a>&#8220; setzt an der letztgenannten Frage an, greift jedoch auch weitere Fragestellungen auf, die sich im Leben immer wieder stellen.<\/p>\n","protected":false},"excerpt":{"rendered":"<p>Herzlich willkommen! Sch\u00f6n dass Sie hier sind! Seit Jahren begleite ich Menschen. Jedesmal freut es mich, wenn ich miterlebe wie Menschen f\u00fcr sich entdecken: es gibt einen Weg&hellip;<\/p>\n","protected":false},"author":2,"featured_media":7667,"parent":0,"menu_order":65,"comment_status":"closed","ping_status":"closed","template":"template-full-width-only-content.php","meta":{"footnotes":""},"yoast_head":"<!-- This site is optimized with the Yoast SEO plugin v24.5 - https:\/\/yoast.com\/wordpress\/plugins\/seo\/ -->\n<title>Willkommen<\/title>\n<meta name=\"description\" content=\"Herzlich willkommen - Begleitung und Coaching Dieter Jenz - Begleitung und Coaching auf dem Weg zu mehr Lebensfreude und Lebensqualit\u00e4t\" \/>\n<meta name=\"robots\" content=\"index, follow, max-snippet:-1, max-image-preview:large, max-video-preview:-1\" \/>\n<link rel=\"canonical\" href=\"https:\/\/dieter-jenz.de\/lc\/willkommen\/\" \/>\n<meta property=\"og:locale\" content=\"de_DE\" \/>\n<meta property=\"og:type\" content=\"article\" \/>\n<meta property=\"og:title\" content=\"Willkommen\" \/>\n<meta property=\"og:description\" content=\"Herzlich willkommen - Begleitung und Coaching Dieter Jenz - Begleitung und Coaching auf dem Weg zu mehr Lebensfreude und Lebensqualit\u00e4t\" \/>\n<meta property=\"og:url\" content=\"https:\/\/dieter-jenz.de\/lc\/willkommen\/\" \/>\n<meta property=\"og:site_name\" content=\"Dieter Jenz, Begleitung und Coaching\" \/>\n<meta property=\"article:publisher\" content=\"https:\/\/www.facebook.com\/dieter.jenz.inspiration\" \/>\n<meta property=\"article:modified_time\" content=\"2024-02-08T11:43:20+00:00\" \/>\n<meta property=\"og:image\" content=\"https:\/\/dieter-jenz.de\/lc\/wp-content\/uploads\/2022\/11\/Beitragsbild-Willkommen.jpeg\" \/>\n\t<meta property=\"og:image:width\" content=\"800\" \/>\n\t<meta property=\"og:image:height\" content=\"800\" \/>\n\t<meta property=\"og:image:type\" content=\"image\/jpeg\" \/>\n<meta name=\"twitter:card\" content=\"summary_large_image\" \/>\n<meta name=\"twitter:site\" content=\"@dieterjenz\" \/>\n<meta name=\"twitter:label1\" content=\"Gesch\u00e4tzte Lesezeit\" \/>\n\t<meta name=\"twitter:data1\" content=\"3\u00a0Minuten\" \/>\n<script type=\"application\/ld+json\" class=\"yoast-schema-graph\">{\"@context\":\"https:\/\/schema.org\",\"@graph\":[{\"@type\":\"WebPage\",\"@id\":\"https:\/\/dieter-jenz.de\/lc\/willkommen\/\",\"url\":\"https:\/\/dieter-jenz.de\/lc\/willkommen\/\",\"name\":\"Willkommen\",\"isPartOf\":{\"@id\":\"https:\/\/dieter-jenz.de\/lc\/#website\"},\"primaryImageOfPage\":{\"@id\":\"https:\/\/dieter-jenz.de\/lc\/willkommen\/#primaryimage\"},\"image\":{\"@id\":\"https:\/\/dieter-jenz.de\/lc\/willkommen\/#primaryimage\"},\"thumbnailUrl\":\"https:\/\/dieter-jenz.de\/lc\/wp-content\/uploads\/2022\/11\/Beitragsbild-Willkommen.jpeg\",\"datePublished\":\"2014-02-12T08:41:26+00:00\",\"dateModified\":\"2024-02-08T11:43:20+00:00\",\"description\":\"Herzlich willkommen - Begleitung und Coaching Dieter Jenz - Begleitung und Coaching auf dem Weg zu mehr Lebensfreude und Lebensqualit\u00e4t\",\"breadcrumb\":{\"@id\":\"https:\/\/dieter-jenz.de\/lc\/willkommen\/#breadcrumb\"},\"inLanguage\":\"de\",\"potentialAction\":[{\"@type\":\"ReadAction\",\"target\":[\"https:\/\/dieter-jenz.de\/lc\/willkommen\/\"]}]},{\"@type\":\"ImageObject\",\"inLanguage\":\"de\",\"@id\":\"https:\/\/dieter-jenz.de\/lc\/willkommen\/#primaryimage\",\"url\":\"https:\/\/dieter-jenz.de\/lc\/wp-content\/uploads\/2022\/11\/Beitragsbild-Willkommen.jpeg\",\"contentUrl\":\"https:\/\/dieter-jenz.de\/lc\/wp-content\/uploads\/2022\/11\/Beitragsbild-Willkommen.jpeg\",\"width\":800,\"height\":800,\"caption\":\"Gestaltung: privat\"},{\"@type\":\"BreadcrumbList\",\"@id\":\"https:\/\/dieter-jenz.de\/lc\/willkommen\/#breadcrumb\",\"itemListElement\":[{\"@type\":\"ListItem\",\"position\":1,\"name\":\"Home\",\"item\":\"https:\/\/dieter-jenz.de\/lc\/\"},{\"@type\":\"ListItem\",\"position\":2,\"name\":\"Willkommen\"}]},{\"@type\":\"WebSite\",\"@id\":\"https:\/\/dieter-jenz.de\/lc\/#website\",\"url\":\"https:\/\/dieter-jenz.de\/lc\/\",\"name\":\"Dieter Jenz, Begleitung und Coaching\",\"description\":\"Die andere, neue Sichtweise entdecken - auftanken - neue Wege gehen\",\"publisher\":{\"@id\":\"https:\/\/dieter-jenz.de\/lc\/#\/schema\/person\/618cfd5c289d0a23930cb258a43679ab\"},\"potentialAction\":[{\"@type\":\"SearchAction\",\"target\":{\"@type\":\"EntryPoint\",\"urlTemplate\":\"https:\/\/dieter-jenz.de\/lc\/?s={search_term_string}\"},\"query-input\":{\"@type\":\"PropertyValueSpecification\",\"valueRequired\":true,\"valueName\":\"search_term_string\"}}],\"inLanguage\":\"de\"},{\"@type\":[\"Person\",\"Organization\"],\"@id\":\"https:\/\/dieter-jenz.de\/lc\/#\/schema\/person\/618cfd5c289d0a23930cb258a43679ab\",\"name\":\"Dieter Jenz\",\"image\":{\"@type\":\"ImageObject\",\"inLanguage\":\"de\",\"@id\":\"https:\/\/dieter-jenz.de\/lc\/#\/schema\/person\/image\/\",\"url\":\"https:\/\/dieter-jenz.de\/lc\/wp-content\/uploads\/2020\/01\/Logo-Coaching-und-Begleitung.png\",\"contentUrl\":\"https:\/\/dieter-jenz.de\/lc\/wp-content\/uploads\/2020\/01\/Logo-Coaching-und-Begleitung.png\",\"width\":320,\"height\":240,\"caption\":\"Dieter Jenz\"},\"logo\":{\"@id\":\"https:\/\/dieter-jenz.de\/lc\/#\/schema\/person\/image\/\"},\"description\":\"Ich bin Dieter Jenz, Begleiter, Berater und Coach mit Leidenschaft. \u00dcber viele Jahre hinweg habe ich einen reichen Schatz an Kompetenz und Erfahrung erworben. Meine Themen sind die \\\"4L\\\": Lebensaufgabe, Lebensplanung, Lebensnavigation und Lebensqualit\u00e4t.\",\"sameAs\":[\"https:\/\/www.facebook.com\/dieter.jenz.inspiration\",\"https:\/\/www.pinterest.de\/dieterjenz\/\",\"https:\/\/x.com\/https:\/\/twitter.com\/dieterjenz\"]}]}<\/script>\n<!-- \/ Yoast SEO plugin. -->","yoast_head_json":{"title":"Willkommen","description":"Herzlich willkommen - Begleitung und Coaching Dieter Jenz - Begleitung und Coaching auf dem Weg zu mehr Lebensfreude und Lebensqualit\u00e4t","robots":{"index":"index","follow":"follow","max-snippet":"max-snippet:-1","max-image-preview":"max-image-preview:large","max-video-preview":"max-video-preview:-1"},"canonical":"https:\/\/dieter-jenz.de\/lc\/willkommen\/","og_locale":"de_DE","og_type":"article","og_title":"Willkommen","og_description":"Herzlich willkommen - Begleitung und Coaching Dieter Jenz - Begleitung und Coaching auf dem Weg zu mehr Lebensfreude und Lebensqualit\u00e4t","og_url":"https:\/\/dieter-jenz.de\/lc\/willkommen\/","og_site_name":"Dieter Jenz, Begleitung und Coaching","article_publisher":"https:\/\/www.facebook.com\/dieter.jenz.inspiration","article_modified_time":"2024-02-08T11:43:20+00:00","og_image":[{"width":800,"height":800,"url":"https:\/\/dieter-jenz.de\/lc\/wp-content\/uploads\/2022\/11\/Beitragsbild-Willkommen.jpeg","type":"image\/jpeg"}],"twitter_card":"summary_large_image","twitter_site":"@dieterjenz","twitter_misc":{"Gesch\u00e4tzte Lesezeit":"3\u00a0Minuten"},"schema":{"@context":"https:\/\/schema.org","@graph":[{"@type":"WebPage","@id":"https:\/\/dieter-jenz.de\/lc\/willkommen\/","url":"https:\/\/dieter-jenz.de\/lc\/willkommen\/","name":"Willkommen","isPartOf":{"@id":"https:\/\/dieter-jenz.de\/lc\/#website"},"primaryImageOfPage":{"@id":"https:\/\/dieter-jenz.de\/lc\/willkommen\/#primaryimage"},"image":{"@id":"https:\/\/dieter-jenz.de\/lc\/willkommen\/#primaryimage"},"thumbnailUrl":"https:\/\/dieter-jenz.de\/lc\/wp-content\/uploads\/2022\/11\/Beitragsbild-Willkommen.jpeg","datePublished":"2014-02-12T08:41:26+00:00","dateModified":"2024-02-08T11:43:20+00:00","description":"Herzlich willkommen - Begleitung und Coaching Dieter Jenz - Begleitung und Coaching auf dem Weg zu mehr Lebensfreude und Lebensqualit\u00e4t","breadcrumb":{"@id":"https:\/\/dieter-jenz.de\/lc\/willkommen\/#breadcrumb"},"inLanguage":"de","potentialAction":[{"@type":"ReadAction","target":["https:\/\/dieter-jenz.de\/lc\/willkommen\/"]}]},{"@type":"ImageObject","inLanguage":"de","@id":"https:\/\/dieter-jenz.de\/lc\/willkommen\/#primaryimage","url":"https:\/\/dieter-jenz.de\/lc\/wp-content\/uploads\/2022\/11\/Beitragsbild-Willkommen.jpeg","contentUrl":"https:\/\/dieter-jenz.de\/lc\/wp-content\/uploads\/2022\/11\/Beitragsbild-Willkommen.jpeg","width":800,"height":800,"caption":"Gestaltung: privat"},{"@type":"BreadcrumbList","@id":"https:\/\/dieter-jenz.de\/lc\/willkommen\/#breadcrumb","itemListElement":[{"@type":"ListItem","position":1,"name":"Home","item":"https:\/\/dieter-jenz.de\/lc\/"},{"@type":"ListItem","position":2,"name":"Willkommen"}]},{"@type":"WebSite","@id":"https:\/\/dieter-jenz.de\/lc\/#website","url":"https:\/\/dieter-jenz.de\/lc\/","name":"Dieter Jenz, Begleitung und Coaching","description":"Die andere, neue Sichtweise entdecken - auftanken - neue Wege gehen","publisher":{"@id":"https:\/\/dieter-jenz.de\/lc\/#\/schema\/person\/618cfd5c289d0a23930cb258a43679ab"},"potentialAction":[{"@type":"SearchAction","target":{"@type":"EntryPoint","urlTemplate":"https:\/\/dieter-jenz.de\/lc\/?s={search_term_string}"},"query-input":{"@type":"PropertyValueSpecification","valueRequired":true,"valueName":"search_term_string"}}],"inLanguage":"de"},{"@type":["Person","Organization"],"@id":"https:\/\/dieter-jenz.de\/lc\/#\/schema\/person\/618cfd5c289d0a23930cb258a43679ab","name":"Dieter Jenz","image":{"@type":"ImageObject","inLanguage":"de","@id":"https:\/\/dieter-jenz.de\/lc\/#\/schema\/person\/image\/","url":"https:\/\/dieter-jenz.de\/lc\/wp-content\/uploads\/2020\/01\/Logo-Coaching-und-Begleitung.png","contentUrl":"https:\/\/dieter-jenz.de\/lc\/wp-content\/uploads\/2020\/01\/Logo-Coaching-und-Begleitung.png","width":320,"height":240,"caption":"Dieter Jenz"},"logo":{"@id":"https:\/\/dieter-jenz.de\/lc\/#\/schema\/person\/image\/"},"description":"Ich bin Dieter Jenz, Begleiter, Berater und Coach mit Leidenschaft. \u00dcber viele Jahre hinweg habe ich einen reichen Schatz an Kompetenz und Erfahrung erworben. Meine Themen sind die \"4L\": Lebensaufgabe, Lebensplanung, Lebensnavigation und Lebensqualit\u00e4t.","sameAs":["https:\/\/www.facebook.com\/dieter.jenz.inspiration","https:\/\/www.pinterest.de\/dieterjenz\/","https:\/\/x.com\/https:\/\/twitter.com\/dieterjenz"]}]}},"_links":{"self":[{"href":"https:\/\/dieter-jenz.de\/lc\/wp-json\/wp\/v2\/pages\/8"}],"collection":[{"href":"https:\/\/dieter-jenz.de\/lc\/wp-json\/wp\/v2\/pages"}],"about":[{"href":"https:\/\/dieter-jenz.de\/lc\/wp-json\/wp\/v2\/types\/page"}],"author":[{"embeddable":true,"href":"https:\/\/dieter-jenz.de\/lc\/wp-json\/wp\/v2\/users\/2"}],"replies":[{"embeddable":true,"href":"https:\/\/dieter-jenz.de\/lc\/wp-json\/wp\/v2\/comments?post=8"}],"version-history":[{"count":5,"href":"https:\/\/dieter-jenz.de\/lc\/wp-json\/wp\/v2\/pages\/8\/revisions"}],"predecessor-version":[{"id":11170,"href":"https:\/\/dieter-jenz.de\/lc\/wp-json\/wp\/v2\/pages\/8\/revisions\/11170"}],"wp:featuredmedia":[{"embeddable":true,"href":"https:\/\/dieter-jenz.de\/lc\/wp-json\/wp\/v2\/media\/7667"}],"wp:attachment":[{"href":"https:\/\/dieter-jenz.de\/lc\/wp-json\/wp\/v2\/media?parent=8"}],"curies":[{"name":"wp","href":"https:\/\/api.w.org\/{rel}","templated":true}]}}