{"id":8278,"date":"2023-02-27T14:30:00","date_gmt":"2023-02-27T13:30:00","guid":{"rendered":"https:\/\/dieter-jenz.de\/lc\/?page_id=8278"},"modified":"2023-11-03T14:58:22","modified_gmt":"2023-11-03T13:58:22","slug":"ausgangssituation-ziel-vorgehensweise-aktueller-stand","status":"publish","type":"page","link":"https:\/\/dieter-jenz.de\/lc\/ausgangssituation-ziel-vorgehensweise-aktueller-stand\/","title":{"rendered":"Ausgangssituation, Ziel, Vorgehensweise, aktueller Stand"},"content":{"rendered":"\n<p>Was ist meine Ausgangssituation, wenn ich versuche herauszufinden, was mich bei meinem Tod erwartet? Was ist mein Ziel? Wie gehe ich vor, um zum Ziel zu gelangen? Und was ist der aktuelle Stand meiner Untersuchung? Diese Fragen beantworte ich hier in kurzen Z\u00fcgen.<\/p>\n\n\n\n<p>Im Herbst 2021 habe ich damit begonnen, intensiv zu recherchieren. Aus verschiedenen Gespr\u00e4chen wei\u00df ich, dass die Frage, ob und ggf. wie es nach dem Tod weitergeht, nicht nur mich interessiert. Deshalb teile ich meine Erkenntnisse und Gedanken auf dieser Plattform.<\/p>\n\n\n\n<nav class=\"wp-block-table-of-contents\"><ol><li><a class=\"wp-block-table-of-contents__entry\" href=\"https:\/\/dieter-jenz.de\/lc\/ausgangssituation-ziel-vorgehensweise-aktueller-stand\/#ausgangssituation\">Ausgangssituation<\/a><\/li><li><a class=\"wp-block-table-of-contents__entry\" href=\"https:\/\/dieter-jenz.de\/lc\/ausgangssituation-ziel-vorgehensweise-aktueller-stand\/#ziel\">Ziel<\/a><\/li><li><a class=\"wp-block-table-of-contents__entry\" href=\"https:\/\/dieter-jenz.de\/lc\/ausgangssituation-ziel-vorgehensweise-aktueller-stand\/#abgrenzung\">Abgrenzung<\/a><\/li><li><a class=\"wp-block-table-of-contents__entry\" href=\"https:\/\/dieter-jenz.de\/lc\/ausgangssituation-ziel-vorgehensweise-aktueller-stand\/#vorgehensweise\">Vorgehensweise<\/a><ol><li><a class=\"wp-block-table-of-contents__entry\" href=\"https:\/\/dieter-jenz.de\/lc\/ausgangssituation-ziel-vorgehensweise-aktueller-stand\/#quellen-fur-die-recherche\">Quellen f\u00fcr die Recherche<\/a><\/li><li><a class=\"wp-block-table-of-contents__entry\" href=\"https:\/\/dieter-jenz.de\/lc\/ausgangssituation-ziel-vorgehensweise-aktueller-stand\/#iterativ-inkrementelles-vorgehen\">Iterativ-inkrementelles Vorgehen<\/a><\/li><li><a class=\"wp-block-table-of-contents__entry\" href=\"https:\/\/dieter-jenz.de\/lc\/ausgangssituation-ziel-vorgehensweise-aktueller-stand\/#fokussierung-auf-phanomene\">Fokussierung auf Ph\u00e4nomene<\/a><\/li><li><a class=\"wp-block-table-of-contents__entry\" href=\"https:\/\/dieter-jenz.de\/lc\/ausgangssituation-ziel-vorgehensweise-aktueller-stand\/#beste-plausible-erklarung-statt-beweis\">Beste plausible Erkl\u00e4rung statt Beweis<\/a><\/li><\/ol><\/li><li><a class=\"wp-block-table-of-contents__entry\" href=\"https:\/\/dieter-jenz.de\/lc\/ausgangssituation-ziel-vorgehensweise-aktueller-stand\/#aktueller-stand\">Aktueller Stand<\/a><\/li><\/ol><\/nav>\n\n\n\n<h3 class=\"wp-block-heading\" id=\"ausgangssituation\"><strong>Ausgangssituation<\/strong><\/h3>\n\n\n\n<p>Die Ausgangssituation ist relativ schnell beschrieben: Ich m\u00f6chte Klarheit dar\u00fcber gewinnen, ob meine bisherigen \u00dcberzeugungen noch tragf\u00e4hig sind oder ob sie revidiert werden m\u00fcssen.<\/p>\n\n\n\n<p>Mittlerweile habe ich ein Alter erreicht, in dem immer wieder Gedanken an die Endlichkeit des irdischen Lebens auftauchen. Diese Gedanken m\u00f6chte ich nicht einfach verdr\u00e4ngen. Sie f\u00fchren aber auch dazu, bisher einfach f\u00fcr wahr gehaltenes \u00fcberpr\u00fcfen zu wollen.<\/p>\n\n\n\n<p>In meinem Elternhaus wurde ich fr\u00fch mit dem christlichen Glauben vertraut gemacht. Insofern bin ich vorgepr\u00e4gt. Meine Ausgangssituation l\u00e4sst sich also sehr vereinfacht so beschreiben: Es gibt ein Diesseits und ein Jenseits und es gibt ein Weiterleben nach dem Tod im Jenseits. Und es gibt Gott, der in einem Sch\u00f6pfungsakt das sichtbare Universum und alle Lebewesen erschaffen hat.<\/p>\n\n\n\n<p>Zur Beschreibung der Ausgangssituation geh\u00f6rt auch, dass ich gewillt bin, bisherige \u00dcberzeugungen aufzugeben, sofern sie sich als nachvollziehbar falsch erweisen. Dazu bedarf es jedoch starker und \u00fcberzeugender Indizien.<\/p>\n\n\n\n<p>Von meiner Grundeinstellung her bin ich \u00fcbernat\u00fcrlichen Ph\u00e4nomenen und auch sogenannten \u201eGeheimlehren\u201c gegen\u00fcber skeptisch eingestellt. Esoterik war und ist f\u00fcr mich eher ein Fremdwort.<\/p>\n\n\n\n<p>Bisher habe ich die Ph\u00e4nomene, auf die ich bis jetzt gesto\u00dfen bin, selbst noch nicht erlebt. Dass ich noch keine Nahtoderfahrung erlebt habe, empfinde ich keineswegs als Vers\u00e4umnis. Auch Nachtodkontakte oder Kontakte mit Geistwesen (au\u00dfer zu Gott durch Gebete) z\u00e4hlen nicht zu meinen Erfahrungen. Ich habe mir schon gelegentlich Nachtodkontakte mit bereits verstorbenen Menschen, die mir emotional nahestanden, gew\u00fcnscht. Gleichzeitig versp\u00fcrte ich aber auch ein Gef\u00fchl der Angst, die Kontrolle zu verlieren und etwas zu erleben, was ich nicht m\u00f6chte. So blieb es bisher beim gelegentlichen Wunsch.<\/p>\n\n\n\n<h3 class=\"wp-block-heading\" id=\"ziel\"><strong>Ziel<\/strong><\/h3>\n\n\n\n<p>Ich m\u00f6chte \u2013 soweit es geht \u2013 Klarheit dar\u00fcber gewinnen, was nach dem physischen Tod kommt. Und ich m\u00f6chte so viel wie m\u00f6glich verstehen.<\/p>\n\n\n\n<p>Mit \u201eVerstehen\u201c meine ich, mit dem mir gegebenen Verstand etwas so weit zu durchdringen, dass ich es auch kritisieren kann, d.\u00a0h. Fakten und Mutma\u00dfungen voneinander unterscheiden sowie Pro und Kontra klar beschreiben, begr\u00fcnden und gegeneinander abw\u00e4gen kann.\u00a0Lediglich eine Erkenntnis ungepr\u00fcft wiederzugeben, die jemand anderes formuliert hat, ist mir zu wenig. Dies gilt zumindest immer dann, wenn ich die M\u00f6glichkeit zur \u00dcberpr\u00fcfung habe.<\/p>\n\n\n\n<h3 class=\"wp-block-heading\" id=\"abgrenzung\">Abgrenzung<\/h3>\n\n\n\n<p>Ziemlich schnell stellte ich fest, dass das Spektrum nicht offensichtlich wissenschaftlich erkl\u00e4rbarer Ph\u00e4nomene \u00fcberaus breit ist. Da es mir vor allem darum geht, zu ergr\u00fcnden, ob und ggf. wie es nach dem Tod weitergeht, bleiben in meiner Untersuchung alle Ph\u00e4nomene au\u00dfer Acht, die damit nicht in unmittelbarer Beziehung stehen. Zu den Typen von Ph\u00e4nomenen, mit denen ich mich nicht besch\u00e4ftige, z\u00e4hlen insbesondere die sogenannten Spukph\u00e4nomene mit allen ihren akustischen, sensorischen wie optischen Erscheinungen. Bekannt sind in diesem Zusammenhang vor allem Poltergeist-Ph\u00e4nomene, wie beispielsweise Klopfger\u00e4usche und umherfliegende M\u00f6bel.<\/p>\n\n\n\n<h3 class=\"wp-block-heading\" id=\"vorgehensweise\"><strong>Vorgehensweise<\/strong><\/h3>\n\n\n\n<p>Ich f\u00fchle mich wohl, wenn ich Fragestellungen kritisch, weitestgehend objektiv und nachvollziehbar bearbeite. Dies schlie\u00dft ein, systematisch vorzugehen, komplexe Sachverhalte zu analysieren, Argumentationen nachzuvollziehen und zu Schl\u00fcssen zu gelangen. Mit kurzen Worten: Wissenschaftliches Arbeiten liegt mir.<\/p>\n\n\n\n<p>Meine berufliche Laufbahn f\u00fchrte mich nach dem Studium der Betriebswirtschaft ziemlich bald in die Informatik. Auf diesem Feld war ich in verschiedenen Rollen (u.&nbsp;a. Business Analyst, Software-Architekt) mehrere Jahrzehnte lang t\u00e4tig. In den sp\u00e4teren Jahren meiner beruflichen Laufbahn bildeten Taxonomien (Klassifikationen), Ontologien (Netzwerk von Informationen mit logischen Beziehungen zur Wissensrepr\u00e4sentation) und Gesch\u00e4ftsprozesse einen Schwerpunkt. All dies hat mein Denken gepr\u00e4gt und gesch\u00e4rft.<\/p>\n\n\n\n<p>Zun\u00e4chst neben meiner beruflichen T\u00e4tigkeit her besch\u00e4ftigte ich mich seit etwa 2008 mit Psychologie. Ich wollte mehr dar\u00fcber wissen, warum ich so bin, wie ich bin. Und ich wollte mehr dar\u00fcber wissen, warum andere so sind, wie sie sind. Sp\u00e4ter nahm die Besch\u00e4ftigung mit der Psychologie zeitlich weitaus mehr Raum ein.<\/p>\n\n\n\n<h4 class=\"wp-block-heading\" id=\"quellen-fur-die-recherche\"><strong>Quellen f\u00fcr die Recherche<\/strong><\/h4>\n\n\n\n<p>Derzeit nutze ich als Quellen fast ausschlie\u00dflich verf\u00fcgbare Literatur (insbesondere B\u00fccher, Bachelor- und Masterarbeiten, Dissertationen), Online-Enzyklop\u00e4dien (z.&nbsp;B. Wikipedia) und einschl\u00e4gige Websites (insbesondere \u201eThanatos TV\u201c, \u201eCloser to Truth\u201c und \u201eNDERF.org\u201c).<\/p>\n\n\n\n<p>Die in den genannten Quellen enthaltenen und in meiner Untersuchung zitierten anekdotischen Schilderungen k\u00f6nnen in gewisser Weise als vorgepr\u00fcft gelten. Dies gilt insbesondere dann, wenn es sich bei dem bzw. den Autoren um Fachpersonen handelt (z.&nbsp;B. psychiatrisches Fachpersonal).<\/p>\n\n\n\n<p>Quellen, die sich auf sogenannte Offenbarungen durch Medien berufen, werden grunds\u00e4tzlich nicht verwendet. Davon abgesehen h\u00e4tte eine \u201eOffenbarung\u201c durch ein Medium keinerlei Beweiskraft. Sie w\u00e4re nicht mehr als ein schwaches Indiz, es sei denn, sie lie\u00dfe sich objektiv verifizieren.<\/p>\n\n\n\n<h4 class=\"wp-block-heading\" id=\"iterativ-inkrementelles-vorgehen\"><strong>Iterativ-inkrementelles Vorgehen<\/strong><\/h4>\n\n\n\n<p>Im Rahmen meiner Untersuchung habe mich f\u00fcr folgende Vorgehensweise entschieden:<\/p>\n\n\n\n<ul>\n<li>Ermittlung und Beschreibung des Ist-Zustands,<\/li>\n\n\n\n<li>Einzelanalyse und Queranalyse,<\/li>\n\n\n\n<li>Folgerungen und Synthese.<\/li>\n<\/ul>\n\n\n\n<p>Die Untersuchung schreitet nicht sequentiell, Kapitel f\u00fcr Kapitel, von vorne nach hinten, voran. Vielmehr gehe ich, wie w\u00e4hrend meiner beruflichen Laufbahn praktiziert, iterativ-inkrementell vor. Dies bedeutet, dass der Text in einem zyklischen Vorgehen immer weiter anwachsen, verbessert und verfeinert wird. Dadurch wird auch das Einarbeiten neuer wissenschaftlicher Erkenntnisse erleichtert, denn st\u00e4ndig kommen neue hinzu und sind zu ber\u00fccksichtigen.<\/p>\n\n\n\n<p>Im Rahmen meiner Analysen sind als Pionierarbeit bisher zwei Taxonomien entstanden: Eine <a href=\"https:\/\/dieter-jenz.de\/lc\/taxonomie-der-transzendenzerfahrungen\/\" target=\"_blank\" rel=\"noreferrer noopener\">Taxonomie der Transzendenzerfahrungen<\/a> und eine <a href=\"https:\/\/dieter-jenz.de\/lc\/taxonomie-der-kommunikationserfahrungen\/\" target=\"_blank\" rel=\"noreferrer noopener\">Taxonomie der Kommunikationserfahrungen<\/a>. Die beiden Taxonomien klassifizieren die f\u00fcr die Untersuchung relevanten Begriffe, erheben also nicht den Anspruch, alle nur denkbaren Transzendenz- und Kommunikationserfahrungen zu ber\u00fccksichtigen.<\/p>\n\n\n\n<h4 class=\"wp-block-heading\" id=\"fokussierung-auf-phanomene\"><strong>Fokussierung auf Ph\u00e4nomene<\/strong><\/h4>\n\n\n\n<p>Meine Konzentration gilt dem Wahrnehmbaren, den Ph\u00e4nomenen (z.&nbsp;B. Nahtoderfahrungen). Sie bilden gewisserma\u00dfen eine Br\u00fccke zwischen dem Diesseits und dem Jenseits. Und sie sind geeignete Anhaltspunkte f\u00fcr die Queranalyse.<\/p>\n\n\n\n<p>Anekdotische Schilderungen von Ph\u00e4nomenen nehmen einen breiten Raum ein. Ich bin mir dar\u00fcber im Klaren, dass derartige Schilderungen im Einzelfall nicht immer uneingeschr\u00e4nkt der Wahrheit entsprechen. Durch eine Vielzahl \u00e4hnlicher Schilderungen ergibt sich dennoch eine Aussagekraft.<\/p>\n\n\n\n<h4 class=\"wp-block-heading\" id=\"beste-plausible-erklarung-statt-beweis\">Beste plausible Erkl\u00e4rung statt Beweis<\/h4>\n\n\n<div class=\"wp-block-image\">\n<figure class=\"alignright size-thumbnail\"><a href=\"https:\/\/dieter-jenz.de\/lc\/beweis-oder-beste-plausible-erklaerung\/\" target=\"_blank\" rel=\"noreferrer noopener\"><img loading=\"lazy\" decoding=\"async\" width=\"150\" height=\"150\" src=\"https:\/\/dieter-jenz.de\/lc\/wp-content\/uploads\/2022\/10\/Beitragsbild-Beweis-oder-beste-Erklaerung-150x150.jpeg\" alt=\"Beweis oder beste plasusible Erkl\u00e4rung - Gestaltung: privat\" class=\"wp-image-7572\" srcset=\"https:\/\/dieter-jenz.de\/lc\/wp-content\/uploads\/2022\/10\/Beitragsbild-Beweis-oder-beste-Erklaerung-150x150.jpeg 150w, https:\/\/dieter-jenz.de\/lc\/wp-content\/uploads\/2022\/10\/Beitragsbild-Beweis-oder-beste-Erklaerung-300x300.jpeg 300w, https:\/\/dieter-jenz.de\/lc\/wp-content\/uploads\/2022\/10\/Beitragsbild-Beweis-oder-beste-Erklaerung-768x768.jpeg 768w, https:\/\/dieter-jenz.de\/lc\/wp-content\/uploads\/2022\/10\/Beitragsbild-Beweis-oder-beste-Erklaerung-540x540.jpeg 540w, https:\/\/dieter-jenz.de\/lc\/wp-content\/uploads\/2022\/10\/Beitragsbild-Beweis-oder-beste-Erklaerung.jpeg 800w\" sizes=\"(max-width: 150px) 100vw, 150px\" \/><\/a><figcaption class=\"wp-element-caption\"><em>Bitte auf das Bild klicken<\/em><\/figcaption><\/figure><\/div>\n\n\n<p>Bedingt durch meine Orientierung am wissenschaftlichen Arbeiten bin ich mit dem Pr\u00e4dikat \u201eBeweis\u201c \u00e4u\u00dferst vorsichtig. In einem offenen System, wie unsere Natur es ist, ist ziemlich wenig formal beweisbar. Deshalb versuche ich, anhand von Indizien beste plausible Erkl\u00e4rungen zu finden (siehe auch \u201e<a href=\"https:\/\/dieter-jenz.de\/lc\/beweis-oder-beste-plausible-erklaerung\/\" target=\"_blank\" rel=\"noreferrer noopener\">Beweis &#8211; oder beste plausible Erkl\u00e4rung<\/a>\u201c). Eine Aussage, wie etwa \u201eDas Weiterleben nach dem Tod ist beweisbar\u201c, w\u00fcrde ich niemals unterschreiben. Ich formuliere lieber: \u201eStarke Indizien st\u00fctzen die These, dass es ein Weiterleben nach dem Tod gibt.\u201c<\/p>\n\n\n\n<p>Vor dem Hintergrund, dass wichtige Theorien, die die Entstehung des beobachtbaren Universums und des Lebens betreffen, bisher nicht formell bewiesen sind, erscheint es unangemessen, von einem Beweis der Weiterexistenz nach dem Tod zu sprechen. Die Urknalltheorie (auch \u201eBig Bang Theorie\u201c), die zur Erkl\u00e4rung der Entstehung unseres beobachtbaren Universums dient, ist die am weitesten verbreitete Theorie. Sie ist jedoch nicht vollumf\u00e4nglich bewiesen. Auch die Evolutionstheorie, die Theorie von der Entwicklung aller Lebewesen aus niederen, primitiven Organismen (siehe Duden), ist nicht vollumf\u00e4nglich bewiesen.<\/p>\n\n\n\n<p>Zur Vorgehensweise geh\u00f6rt auch, dass ich Grundsatzdiskussionen aus dem Weg gehe. Zu den Begriffen bzw. Konzepten \u201eSeele\u201c oder \u201eBewusstsein\u201c, um zwei Beispiele zu nennen, wurde schon viel geschrieben. Von meiner Seite aus braucht es dazu gewiss keinen weiteren Beitrag.<\/p>\n\n\n\n<h3 class=\"wp-block-heading\" id=\"aktueller-stand\"><strong>Aktueller Stand<\/strong><\/h3>\n\n\n\n<p>Die Queranalyse ist vorerst abgeschlossen. Die wichtigsten Fragen sind meines Erachtens angesprochen. Jetzt ist ein \u00dcberblick \u00fcber die Gesamtthematik m\u00f6glich und Gelegenheit, ein Zwischenfazit zu ziehen. Der Beitrag \u201e<a href=\"https:\/\/dieter-jenz.de\/lc\/was-kommt-nach-dem-tod-erstes-zwischenfazit\/\" target=\"_blank\" rel=\"noreferrer noopener\">Was kommt nach dem Tod? &#8211; Erstes Zwischenfazit<\/a>\u201c fasst die wichtigsten bisherigen Erkenntnisse kurz zusammen.<\/p>\n","protected":false},"excerpt":{"rendered":"<p>Was ist meine Ausgangssituation, wenn ich versuche herauszufinden, was mich bei meinem Tod erwartet? Was ist mein Ziel? Wie gehe ich vor, um zum Ziel zu gelangen? Und&hellip;<\/p>\n","protected":false},"author":2,"featured_media":8286,"parent":0,"menu_order":0,"comment_status":"closed","ping_status":"closed","template":"template-full-width-only-content.php","meta":{"footnotes":""},"yoast_head":"<!-- This site is optimized with the Yoast SEO plugin v24.5 - https:\/\/yoast.com\/wordpress\/plugins\/seo\/ -->\n<title>Ausgangssituation, Ziel, Vorgehensweise, aktueller Stand<\/title>\n<meta name=\"description\" content=\"Was ist meine Ausgangssituation, wenn ich versuche herauszufinden, was mich bei meinem Tod erwartet? Was ist mein Ziel?\" \/>\n<meta name=\"robots\" content=\"index, follow, max-snippet:-1, max-image-preview:large, max-video-preview:-1\" \/>\n<link rel=\"canonical\" href=\"https:\/\/dieter-jenz.de\/lc\/ausgangssituation-ziel-vorgehensweise-aktueller-stand\/\" \/>\n<meta property=\"og:locale\" content=\"de_DE\" \/>\n<meta property=\"og:type\" content=\"article\" \/>\n<meta property=\"og:title\" content=\"Ausgangssituation, Ziel, Vorgehensweise, aktueller Stand\" \/>\n<meta property=\"og:description\" content=\"Was ist meine Ausgangssituation, wenn ich versuche herauszufinden, was mich bei meinem Tod erwartet? Was ist mein Ziel?\" \/>\n<meta property=\"og:url\" content=\"https:\/\/dieter-jenz.de\/lc\/ausgangssituation-ziel-vorgehensweise-aktueller-stand\/\" \/>\n<meta property=\"og:site_name\" content=\"Dieter Jenz, Begleitung und Coaching\" \/>\n<meta property=\"article:publisher\" content=\"https:\/\/www.facebook.com\/dieter.jenz.inspiration\" \/>\n<meta property=\"article:modified_time\" content=\"2023-11-03T13:58:22+00:00\" \/>\n<meta property=\"og:image\" content=\"https:\/\/dieter-jenz.de\/lc\/wp-content\/uploads\/2023\/02\/Ausgangssituation-Ziel-Vorgehensweise.jpeg\" \/>\n\t<meta property=\"og:image:width\" content=\"800\" \/>\n\t<meta property=\"og:image:height\" content=\"800\" \/>\n\t<meta property=\"og:image:type\" content=\"image\/jpeg\" \/>\n<meta name=\"twitter:card\" content=\"summary_large_image\" \/>\n<meta name=\"twitter:site\" content=\"@dieterjenz\" \/>\n<meta name=\"twitter:label1\" content=\"Gesch\u00e4tzte Lesezeit\" \/>\n\t<meta name=\"twitter:data1\" content=\"8\u00a0Minuten\" \/>\n<script type=\"application\/ld+json\" class=\"yoast-schema-graph\">{\"@context\":\"https:\/\/schema.org\",\"@graph\":[{\"@type\":\"WebPage\",\"@id\":\"https:\/\/dieter-jenz.de\/lc\/ausgangssituation-ziel-vorgehensweise-aktueller-stand\/\",\"url\":\"https:\/\/dieter-jenz.de\/lc\/ausgangssituation-ziel-vorgehensweise-aktueller-stand\/\",\"name\":\"Ausgangssituation, Ziel, Vorgehensweise, aktueller Stand\",\"isPartOf\":{\"@id\":\"https:\/\/dieter-jenz.de\/lc\/#website\"},\"primaryImageOfPage\":{\"@id\":\"https:\/\/dieter-jenz.de\/lc\/ausgangssituation-ziel-vorgehensweise-aktueller-stand\/#primaryimage\"},\"image\":{\"@id\":\"https:\/\/dieter-jenz.de\/lc\/ausgangssituation-ziel-vorgehensweise-aktueller-stand\/#primaryimage\"},\"thumbnailUrl\":\"https:\/\/dieter-jenz.de\/lc\/wp-content\/uploads\/2023\/02\/Ausgangssituation-Ziel-Vorgehensweise.jpeg\",\"datePublished\":\"2023-02-27T13:30:00+00:00\",\"dateModified\":\"2023-11-03T13:58:22+00:00\",\"description\":\"Was ist meine Ausgangssituation, wenn ich versuche herauszufinden, was mich bei meinem Tod erwartet? Was ist mein Ziel?\",\"breadcrumb\":{\"@id\":\"https:\/\/dieter-jenz.de\/lc\/ausgangssituation-ziel-vorgehensweise-aktueller-stand\/#breadcrumb\"},\"inLanguage\":\"de\",\"potentialAction\":[{\"@type\":\"ReadAction\",\"target\":[\"https:\/\/dieter-jenz.de\/lc\/ausgangssituation-ziel-vorgehensweise-aktueller-stand\/\"]}]},{\"@type\":\"ImageObject\",\"inLanguage\":\"de\",\"@id\":\"https:\/\/dieter-jenz.de\/lc\/ausgangssituation-ziel-vorgehensweise-aktueller-stand\/#primaryimage\",\"url\":\"https:\/\/dieter-jenz.de\/lc\/wp-content\/uploads\/2023\/02\/Ausgangssituation-Ziel-Vorgehensweise.jpeg\",\"contentUrl\":\"https:\/\/dieter-jenz.de\/lc\/wp-content\/uploads\/2023\/02\/Ausgangssituation-Ziel-Vorgehensweise.jpeg\",\"width\":800,\"height\":800,\"caption\":\"Gestaltung: privat\"},{\"@type\":\"BreadcrumbList\",\"@id\":\"https:\/\/dieter-jenz.de\/lc\/ausgangssituation-ziel-vorgehensweise-aktueller-stand\/#breadcrumb\",\"itemListElement\":[{\"@type\":\"ListItem\",\"position\":1,\"name\":\"Home\",\"item\":\"https:\/\/dieter-jenz.de\/lc\/\"},{\"@type\":\"ListItem\",\"position\":2,\"name\":\"Ausgangssituation, Ziel, Vorgehensweise, aktueller Stand\"}]},{\"@type\":\"WebSite\",\"@id\":\"https:\/\/dieter-jenz.de\/lc\/#website\",\"url\":\"https:\/\/dieter-jenz.de\/lc\/\",\"name\":\"Dieter Jenz, Begleitung und Coaching\",\"description\":\"Die andere, neue Sichtweise entdecken - auftanken - neue Wege gehen\",\"publisher\":{\"@id\":\"https:\/\/dieter-jenz.de\/lc\/#\/schema\/person\/618cfd5c289d0a23930cb258a43679ab\"},\"potentialAction\":[{\"@type\":\"SearchAction\",\"target\":{\"@type\":\"EntryPoint\",\"urlTemplate\":\"https:\/\/dieter-jenz.de\/lc\/?s={search_term_string}\"},\"query-input\":{\"@type\":\"PropertyValueSpecification\",\"valueRequired\":true,\"valueName\":\"search_term_string\"}}],\"inLanguage\":\"de\"},{\"@type\":[\"Person\",\"Organization\"],\"@id\":\"https:\/\/dieter-jenz.de\/lc\/#\/schema\/person\/618cfd5c289d0a23930cb258a43679ab\",\"name\":\"Dieter Jenz\",\"image\":{\"@type\":\"ImageObject\",\"inLanguage\":\"de\",\"@id\":\"https:\/\/dieter-jenz.de\/lc\/#\/schema\/person\/image\/\",\"url\":\"https:\/\/dieter-jenz.de\/lc\/wp-content\/uploads\/2020\/01\/Logo-Coaching-und-Begleitung.png\",\"contentUrl\":\"https:\/\/dieter-jenz.de\/lc\/wp-content\/uploads\/2020\/01\/Logo-Coaching-und-Begleitung.png\",\"width\":320,\"height\":240,\"caption\":\"Dieter Jenz\"},\"logo\":{\"@id\":\"https:\/\/dieter-jenz.de\/lc\/#\/schema\/person\/image\/\"},\"description\":\"Ich bin Dieter Jenz, Begleiter, Berater und Coach mit Leidenschaft. \u00dcber viele Jahre hinweg habe ich einen reichen Schatz an Kompetenz und Erfahrung erworben. Meine Themen sind die \\\"4L\\\": Lebensaufgabe, Lebensplanung, Lebensnavigation und Lebensqualit\u00e4t.\",\"sameAs\":[\"https:\/\/www.facebook.com\/dieter.jenz.inspiration\",\"https:\/\/www.pinterest.de\/dieterjenz\/\",\"https:\/\/x.com\/https:\/\/twitter.com\/dieterjenz\"]}]}<\/script>\n<!-- \/ Yoast SEO plugin. -->","yoast_head_json":{"title":"Ausgangssituation, Ziel, Vorgehensweise, aktueller Stand","description":"Was ist meine Ausgangssituation, wenn ich versuche herauszufinden, was mich bei meinem Tod erwartet? Was ist mein Ziel?","robots":{"index":"index","follow":"follow","max-snippet":"max-snippet:-1","max-image-preview":"max-image-preview:large","max-video-preview":"max-video-preview:-1"},"canonical":"https:\/\/dieter-jenz.de\/lc\/ausgangssituation-ziel-vorgehensweise-aktueller-stand\/","og_locale":"de_DE","og_type":"article","og_title":"Ausgangssituation, Ziel, Vorgehensweise, aktueller Stand","og_description":"Was ist meine Ausgangssituation, wenn ich versuche herauszufinden, was mich bei meinem Tod erwartet? Was ist mein Ziel?","og_url":"https:\/\/dieter-jenz.de\/lc\/ausgangssituation-ziel-vorgehensweise-aktueller-stand\/","og_site_name":"Dieter Jenz, Begleitung und Coaching","article_publisher":"https:\/\/www.facebook.com\/dieter.jenz.inspiration","article_modified_time":"2023-11-03T13:58:22+00:00","og_image":[{"width":800,"height":800,"url":"https:\/\/dieter-jenz.de\/lc\/wp-content\/uploads\/2023\/02\/Ausgangssituation-Ziel-Vorgehensweise.jpeg","type":"image\/jpeg"}],"twitter_card":"summary_large_image","twitter_site":"@dieterjenz","twitter_misc":{"Gesch\u00e4tzte Lesezeit":"8\u00a0Minuten"},"schema":{"@context":"https:\/\/schema.org","@graph":[{"@type":"WebPage","@id":"https:\/\/dieter-jenz.de\/lc\/ausgangssituation-ziel-vorgehensweise-aktueller-stand\/","url":"https:\/\/dieter-jenz.de\/lc\/ausgangssituation-ziel-vorgehensweise-aktueller-stand\/","name":"Ausgangssituation, Ziel, Vorgehensweise, aktueller Stand","isPartOf":{"@id":"https:\/\/dieter-jenz.de\/lc\/#website"},"primaryImageOfPage":{"@id":"https:\/\/dieter-jenz.de\/lc\/ausgangssituation-ziel-vorgehensweise-aktueller-stand\/#primaryimage"},"image":{"@id":"https:\/\/dieter-jenz.de\/lc\/ausgangssituation-ziel-vorgehensweise-aktueller-stand\/#primaryimage"},"thumbnailUrl":"https:\/\/dieter-jenz.de\/lc\/wp-content\/uploads\/2023\/02\/Ausgangssituation-Ziel-Vorgehensweise.jpeg","datePublished":"2023-02-27T13:30:00+00:00","dateModified":"2023-11-03T13:58:22+00:00","description":"Was ist meine Ausgangssituation, wenn ich versuche herauszufinden, was mich bei meinem Tod erwartet? Was ist mein Ziel?","breadcrumb":{"@id":"https:\/\/dieter-jenz.de\/lc\/ausgangssituation-ziel-vorgehensweise-aktueller-stand\/#breadcrumb"},"inLanguage":"de","potentialAction":[{"@type":"ReadAction","target":["https:\/\/dieter-jenz.de\/lc\/ausgangssituation-ziel-vorgehensweise-aktueller-stand\/"]}]},{"@type":"ImageObject","inLanguage":"de","@id":"https:\/\/dieter-jenz.de\/lc\/ausgangssituation-ziel-vorgehensweise-aktueller-stand\/#primaryimage","url":"https:\/\/dieter-jenz.de\/lc\/wp-content\/uploads\/2023\/02\/Ausgangssituation-Ziel-Vorgehensweise.jpeg","contentUrl":"https:\/\/dieter-jenz.de\/lc\/wp-content\/uploads\/2023\/02\/Ausgangssituation-Ziel-Vorgehensweise.jpeg","width":800,"height":800,"caption":"Gestaltung: privat"},{"@type":"BreadcrumbList","@id":"https:\/\/dieter-jenz.de\/lc\/ausgangssituation-ziel-vorgehensweise-aktueller-stand\/#breadcrumb","itemListElement":[{"@type":"ListItem","position":1,"name":"Home","item":"https:\/\/dieter-jenz.de\/lc\/"},{"@type":"ListItem","position":2,"name":"Ausgangssituation, Ziel, Vorgehensweise, aktueller Stand"}]},{"@type":"WebSite","@id":"https:\/\/dieter-jenz.de\/lc\/#website","url":"https:\/\/dieter-jenz.de\/lc\/","name":"Dieter Jenz, Begleitung und Coaching","description":"Die andere, neue Sichtweise entdecken - auftanken - neue Wege gehen","publisher":{"@id":"https:\/\/dieter-jenz.de\/lc\/#\/schema\/person\/618cfd5c289d0a23930cb258a43679ab"},"potentialAction":[{"@type":"SearchAction","target":{"@type":"EntryPoint","urlTemplate":"https:\/\/dieter-jenz.de\/lc\/?s={search_term_string}"},"query-input":{"@type":"PropertyValueSpecification","valueRequired":true,"valueName":"search_term_string"}}],"inLanguage":"de"},{"@type":["Person","Organization"],"@id":"https:\/\/dieter-jenz.de\/lc\/#\/schema\/person\/618cfd5c289d0a23930cb258a43679ab","name":"Dieter Jenz","image":{"@type":"ImageObject","inLanguage":"de","@id":"https:\/\/dieter-jenz.de\/lc\/#\/schema\/person\/image\/","url":"https:\/\/dieter-jenz.de\/lc\/wp-content\/uploads\/2020\/01\/Logo-Coaching-und-Begleitung.png","contentUrl":"https:\/\/dieter-jenz.de\/lc\/wp-content\/uploads\/2020\/01\/Logo-Coaching-und-Begleitung.png","width":320,"height":240,"caption":"Dieter Jenz"},"logo":{"@id":"https:\/\/dieter-jenz.de\/lc\/#\/schema\/person\/image\/"},"description":"Ich bin Dieter Jenz, Begleiter, Berater und Coach mit Leidenschaft. \u00dcber viele Jahre hinweg habe ich einen reichen Schatz an Kompetenz und Erfahrung erworben. Meine Themen sind die \"4L\": Lebensaufgabe, Lebensplanung, Lebensnavigation und Lebensqualit\u00e4t.","sameAs":["https:\/\/www.facebook.com\/dieter.jenz.inspiration","https:\/\/www.pinterest.de\/dieterjenz\/","https:\/\/x.com\/https:\/\/twitter.com\/dieterjenz"]}]}},"_links":{"self":[{"href":"https:\/\/dieter-jenz.de\/lc\/wp-json\/wp\/v2\/pages\/8278"}],"collection":[{"href":"https:\/\/dieter-jenz.de\/lc\/wp-json\/wp\/v2\/pages"}],"about":[{"href":"https:\/\/dieter-jenz.de\/lc\/wp-json\/wp\/v2\/types\/page"}],"author":[{"embeddable":true,"href":"https:\/\/dieter-jenz.de\/lc\/wp-json\/wp\/v2\/users\/2"}],"replies":[{"embeddable":true,"href":"https:\/\/dieter-jenz.de\/lc\/wp-json\/wp\/v2\/comments?post=8278"}],"version-history":[{"count":5,"href":"https:\/\/dieter-jenz.de\/lc\/wp-json\/wp\/v2\/pages\/8278\/revisions"}],"predecessor-version":[{"id":9956,"href":"https:\/\/dieter-jenz.de\/lc\/wp-json\/wp\/v2\/pages\/8278\/revisions\/9956"}],"wp:featuredmedia":[{"embeddable":true,"href":"https:\/\/dieter-jenz.de\/lc\/wp-json\/wp\/v2\/media\/8286"}],"wp:attachment":[{"href":"https:\/\/dieter-jenz.de\/lc\/wp-json\/wp\/v2\/media?parent=8278"}],"curies":[{"name":"wp","href":"https:\/\/api.w.org\/{rel}","templated":true}]}}