{"id":9980,"date":"2023-11-06T12:05:24","date_gmt":"2023-11-06T11:05:24","guid":{"rendered":"https:\/\/dieter-jenz.de\/lc\/?page_id=9980"},"modified":"2024-03-01T12:29:18","modified_gmt":"2024-03-01T11:29:18","slug":"gutes-tun-ganz-praktisch","status":"publish","type":"page","link":"https:\/\/dieter-jenz.de\/lc\/gutes-tun-ganz-praktisch\/","title":{"rendered":"Gutes und Sinnvolles tun \u2013 ganz praktisch"},"content":{"rendered":"<div class=\"yoast-breadcrumbs\"><span><span><a href=\"https:\/\/dieter-jenz.de\/lc\/\">Home<\/a><\/span> \u00bb <span class=\"breadcrumb_last\" aria-current=\"page\"><strong>Gutes und Sinnvolles tun \u2013 ganz praktisch<\/strong><\/span><\/span><\/div>\n\n\n<div style=\"height:50px\" aria-hidden=\"true\" class=\"wp-block-spacer\"><\/div>\n\n\n\n<p>\u00dcberall auf der Welt gibt es in genau diesem Augenblick uns\u00e4gliche Not und uns\u00e4gliches Leid. Kein Mensch kann diese N\u00f6te und dieses Leid alleine lindern. Aber jeder Mensch kann mit seinen Ressourcen (F\u00e4higkeiten, Kompetenzen, finanzielle Mittel usw.) ein klein wenig dazu beitragen, dass sich Situationen und Verh\u00e4ltnisse zum Besseren hin wandeln.<\/p>\n\n\n\n<p>Viele Menschen unterst\u00fctzen \u201eihre\u201c Organisation oder \u201eihr\u201c Projekt schon seit l\u00e4ngerer Zeit. Manche jedoch \u00fcberlegen sich gerade, wen und was sie unterst\u00fctzen wollen. An diese Menschen wende ich mich und m\u00f6chte mit meiner Web-Seite im positiven Sinne ein Anreger und \u201eInfluencer\u201c sein.<\/p>\n\n\n\n<figure class=\"wp-block-pullquote has-small-font-size\"><blockquote><p>\u201eBewahren von Dankbarkeit besteht darin, dass ich f\u00fcr alles, was ich Gutes empfangen habe, Gutes tue.\u201c <\/p><cite>Albert Schweitzer<\/cite><\/blockquote><\/figure>\n\n\n\n<p>Zwei Initiativen liegen mir besonders am Herzen. Diese m\u00f6chte ich kurz vorstellen und f\u00fcr sie werben. Es ist mir nat\u00fcrlich bewusst, dass es sehr viele unterst\u00fctzenswerte Initiativen gibt. Dennoch m\u00f6chte ich diese beiden herausgreifen und auch kurz begr\u00fcnden, weshalb mir diese Initiativen wichtig sind.<\/p>\n\n\n\n<h3 class=\"wp-block-heading\"><strong>Die Arche<\/strong><\/h3>\n\n\n\n<p>Kinder sind unsere Zukunft. Ich habe selbst mehrere Enkel und darf miterleben, wie sie sich entwickeln. Sie wachsen in intakten Familien auf. Ihre Eltern geben ihnen Liebe, Geborgenheit und Wertsch\u00e4tzung. Sie achten darauf, dass sie all das bekommen, was sie in und zu ihrer Entwicklung ben\u00f6tigen.<\/p>\n\n\n\n<p>Leider haben viele Kinder in unserem Land nicht so viel Gl\u00fcck. Sie wachsen bei Eltern auf, die sie vernachl\u00e4ssigen. Manche m\u00fcssen beispielsweise \u2013 dies ist leider hinl\u00e4nglich bekannt \u2013 ohne Fr\u00fchst\u00fcck in die Kita oder die Schule gehen. Vernachl\u00e4ssigen bedeutet aber noch sehr viel mehr, so beispielsweise: Manche Kinder werden zu viel sich selbst \u00fcberlassen. Sie werden, als Beispiel, einfach vor den Fernseher gesetzt und sehen Dinge, die sie in ihrem Entwicklungsstadium nicht sehen sollten. Manche nehmen wahr, dass ihre Eltern nicht in der Lage sind, Probleme erwachsenengem\u00e4\u00df zu l\u00f6sen. Manche erleben sogar seelischen und\/oder k\u00f6rperlichen Missbrauch.<\/p>\n\n\n\n<p>Vernachl\u00e4ssigung kann auf ganz unterschiedliche Art und Weise geschehen \u2013 und sie hat Folgen. Durch Vernachl\u00e4ssigung werden Kindern Chancen genommen. Erlebte Vernachl\u00e4ssigung kann auch zurecht als eine Form der Kinderarmut bezeichnet werden. Kinderarmut ist nicht nur eine materielle oder finanzielle Angelegenheit.<\/p>\n\n\n\n<p>Kitas und Schulen k\u00f6nnen das Problem der Kinderarmut nicht l\u00f6sen. Initiativen wie die Arche sind deshalb dringend notwendig.<\/p>\n\n\n\n<p>Die Arche ist eine vom Verein \u201eDie Arche \u2013 Christliches Kinder- und Jugendwerk e. V.\u201c getragene Einrichtung, die sich gegen Kinderarmut in Deutschland engagiert. Die Arche betreibt Freizeiteinrichtungen und Schulbetreuung f\u00fcr sozial benachteiligte Kinder in verschiedenen deutschen St\u00e4dten.<\/p>\n\n\n\n<p>In der Selbstdarstellung der Arche hei\u00dft es: \u201e<em>Wir engagieren uns daf\u00fcr, dass sich die Lebensbedingungen benachteiligter Kinder und Familien hierzulande verbessern. Wir unterst\u00fctzen Kinder und Jugendliche dabei ihre Potenziale zu entdecken, f\u00f6rdern ihre Talente und machen sie stark f\u00fcr ein selbst\u00e4ndiges Leben<\/em>.\u201c<\/p>\n\n\n\n<p>Sicherlich kann die Arche die Vernachl\u00e4ssigung von Kindern im Elternhaus nicht \u201eheilen\u201c. Aber sie kann Kindern einen gesch\u00fctzten Raum bieten, in dem sie gewisserma\u00dfen \u201eAtem holen\u201c k\u00f6nnen und ein positives soziales Umfeld vorfinden.<\/p>\n\n\n\n<p>Weitere Informationen zur Arche finden Sie in deren Selbstdarstellung \u201e<a href=\"https:\/\/www.kinderprojekt-arche.de\/ueber-uns\">\u00dcber uns<\/a>\u201c.<\/p>\n\n\n\n<p>Wie schon erw\u00e4hnt: Kinder sind unsere Zukunft. Es ist nicht egal, wie sie aufwachsen.<\/p>\n\n\n\n<figure class=\"wp-block-pullquote has-small-font-size\"><blockquote><p>\u201eWir sollten lernen, mit den Augen des Kindes zu sehen, mit den Ohren des Kindes zu h\u00f6ren, mit dem Herzen des Kindes zu f\u00fchlen.\u201c<\/p><cite>Alfred Adler<\/cite><\/blockquote><\/figure>\n\n\n\n<h3 class=\"wp-block-heading\"><strong>Die Telefonseelsorge<\/strong><\/h3>\n\n\n\n<p>Die Telefonseelsorge ist eine vorwiegend ehrenamtlich betriebene Hilfseinrichtung zur telefonischen Beratung von Menschen mit Sorgen, N\u00f6ten und Krisen. Seit einiger Zeit besteht auch ein Beratungsangebot per Mail oder Chat.<\/p>\n\n\n\n<p>Alle Kontakte (per Telefon, Mail oder Chat) erfolgen unter dem Schutz v\u00f6lliger Anonymit\u00e4t. Anrufende und Telefonseelsorger(in) nennen ihre Namen nicht. Die Telefonnummer eines Anrufenden ist f\u00fcr die Telefonseelsorgerin bzw. den Telefonseelsorger nicht erkennbar. Dar\u00fcber hinaus sind alle Gespr\u00e4che kostenlos.<\/p>\n\n\n\n<p>Vor diesem Hintergrund finden Anrufende eine M\u00f6glichkeit, offen \u00fcber Dinge zu sprechen, die sie gerade bewegen. Viele Anrufende haben sonst niemanden, mit dem sie \u00fcber ihr Anliegen sprechen k\u00f6nnen. Vielleicht fehlen soziale Beziehungen, vielleicht das Vertrauen in eine andere Person, oder vielleicht wird das Anliegen als zu intim angesehen, um sich einer nahestehenden Person anzuvertrauen. Doch einer Telefonseelsorgerin bzw. einem Telefonseelsorger gegen\u00fcber kann man es aussprechen. Man spricht mit einer Person, die unvoreingenommen und auch in der Gespr\u00e4chsf\u00fchrung gut geschult ist.<\/p>\n\n\n\n<p>\u201e<a href=\"https:\/\/dieter-jenz.de\/lc\/es-wird-immer-alles-gleich-ein-wenig-anders-wenn-man-es-ausspricht-hesse\/\" target=\"_blank\" rel=\"noreferrer noopener\">Es wird immer alles gleich ein wenig anders, wenn man es ausspricht.<\/a>\u201c Dieses Zitat von Hermann Hesse spiegelt wohl sehr treffend die Erfahrungen Anrufender wider. Eugen Roth, deutscher Lyriker und popul\u00e4rer Autor meist humoristischer Verse, fand folgende Worte: \u201eDas Leiden ist schon halb geheilt, hat man es anderen mitgeteilt.\u201c. Es w\u00e4re sicherlich sch\u00f6n, wenn dies immer zutr\u00e4fe, aber zumindest manchmal machen Anrufende diese Erfahrung.<\/p>\n\n\n\n<figure class=\"wp-block-pullquote has-small-font-size\"><blockquote><p>Es wird immer alles gleich ein wenig anders, wenn man es ausspricht.<\/p><cite>Hermann Hesse<\/cite><\/blockquote><\/figure>\n\n\n\n<p>Von der Leiterin der Telefonseelsorge Main-Kinzig, die ich pers\u00f6nlich kenne, wei\u00df ich, wie wichtig die Telefonseelsorge f\u00fcr die Anrufenden und f\u00fcr die Gesellschaft insgesamt ist. Die Telefonseelsorge ist im wahrsten Sinne des Wortes unverzichtbar \u2013 und wenn es sie noch nicht g\u00e4be, m\u00fcsste man sie erfinden.<\/p>\n\n\n\n<p>Ehrenamtlich Mitarbeitende der Telefonseelsorge m\u00fcssen sorgf\u00e4ltig ausgebildet werden. Mit der \u00fcber einj\u00e4hrigen hochwertigen Ausbildung ist es jedoch nicht getan. Regelm\u00e4\u00dfige Weiterbildung ist erforderlich und auch die regelm\u00e4\u00dfige Supervision durch geschulte Supervisoren ist unverzichtbar. All dies kostet Geld und deshalb bittet die Telefonseelsorge um Spenden (siehe <a href=\"https:\/\/www.telefonseelsorge.de\/spenden\/\" target=\"_blank\" rel=\"noreferrer noopener\">Informationsseite<\/a>).<\/p>\n\n\n\n<p>In Deutschland gibt es \u00fcber 100 Telefonseelsorgestellen. Manche dieser Telefonseelsorgestellen werden von einem F\u00f6rderverein bzw. F\u00f6rderkreis unterst\u00fctzt. F\u00fcr die Telefonseelsorge Main-Kinzig, in deren Gebiet ich lebe, ist es der <a href=\"https:\/\/telefonseelsorge-main-kinzig.de\/cms\/node\/20\" target=\"_blank\" rel=\"noreferrer noopener\">F\u00f6rderkreis TelefonSeelsorge Hanau\/Main-Kinzig e.\u00a0V.<\/a> Ich bin selbst auch Mitglied im F\u00f6rderkreis.<\/p>\n\n\n\n<p>Im \u00dcbrigen ist die ehrenamtliche Mitarbeit in einem F\u00f6rderkreis eine sehr positive Erfahrung. Man arbeitet mit gleichgesinnten Menschen zusammen und kn\u00fcpft schnell gute und bereichernde Kontakte.<\/p>\n\n\n\n<p>Manche F\u00f6rdervereine bzw. F\u00f6rderkreise beteiligen sich bei \u00f6ffentlichen Veranstaltungen (z.&nbsp;B. Weihnachtsm\u00e4rkte) mit Verkaufs- oder Aktionsst\u00e4nden. Dadurch erzielte Einnahmen werden direkt der jeweiligen Telefonseelsorgestelle zur Verf\u00fcgung gestellt, um zur Finanzierung der erw\u00e4hnten Aus- und Weiterbildungen und Supervisionen beizutragen.<\/p>\n\n\n\n<p>Wenn Sie sich daf\u00fcr interessieren, welche regionale Stelle der Telefonseelsorge sich in Ihrer N\u00e4he befindet, finden Sie <a href=\"https:\/\/www.telefonseelsorge.de\/unsere-stellen\/\">hier<\/a> eine \u00dcbersicht mit einer Ortsliste der regionalen Stellen.<\/p>\n","protected":false},"excerpt":{"rendered":"<p>\u00dcberall auf der Welt gibt es in genau diesem Augenblick uns\u00e4gliche Not und uns\u00e4gliches Leid. Kein Mensch kann diese N\u00f6te und dieses Leid alleine lindern. Aber jeder Mensch&hellip;<\/p>\n","protected":false},"author":2,"featured_media":0,"parent":0,"menu_order":0,"comment_status":"closed","ping_status":"closed","template":"template-full-width-only-content.php","meta":{"footnotes":""},"yoast_head":"<!-- This site is optimized with the Yoast SEO plugin v24.5 - https:\/\/yoast.com\/wordpress\/plugins\/seo\/ -->\n<title>Gutes und Sinnvolles tun \u2013 ganz praktisch<\/title>\n<meta name=\"description\" content=\"Gutes tun \u2013 ganz praktisch. Konkrete Anregungen, sich f\u00fcr gute und gesellschaftsrelevante Zwecke zu engagieren.\" \/>\n<meta name=\"robots\" content=\"index, follow, max-snippet:-1, max-image-preview:large, max-video-preview:-1\" \/>\n<link rel=\"canonical\" href=\"https:\/\/dieter-jenz.de\/lc\/gutes-tun-ganz-praktisch\/\" \/>\n<meta property=\"og:locale\" content=\"de_DE\" \/>\n<meta property=\"og:type\" content=\"article\" \/>\n<meta property=\"og:title\" content=\"Gutes und Sinnvolles tun \u2013 ganz praktisch\" \/>\n<meta property=\"og:description\" content=\"Gutes tun \u2013 ganz praktisch. Konkrete Anregungen, sich f\u00fcr gute und gesellschaftsrelevante Zwecke zu engagieren.\" \/>\n<meta property=\"og:url\" content=\"https:\/\/dieter-jenz.de\/lc\/gutes-tun-ganz-praktisch\/\" \/>\n<meta property=\"og:site_name\" content=\"Dieter Jenz, Begleitung und Coaching\" \/>\n<meta property=\"article:publisher\" content=\"https:\/\/www.facebook.com\/dieter.jenz.inspiration\" \/>\n<meta property=\"article:modified_time\" content=\"2024-03-01T11:29:18+00:00\" \/>\n<meta name=\"twitter:card\" content=\"summary_large_image\" \/>\n<meta name=\"twitter:site\" content=\"@dieterjenz\" \/>\n<meta name=\"twitter:label1\" content=\"Gesch\u00e4tzte Lesezeit\" \/>\n\t<meta name=\"twitter:data1\" content=\"6\u00a0Minuten\" \/>\n<script type=\"application\/ld+json\" class=\"yoast-schema-graph\">{\"@context\":\"https:\/\/schema.org\",\"@graph\":[{\"@type\":\"WebPage\",\"@id\":\"https:\/\/dieter-jenz.de\/lc\/gutes-tun-ganz-praktisch\/\",\"url\":\"https:\/\/dieter-jenz.de\/lc\/gutes-tun-ganz-praktisch\/\",\"name\":\"Gutes und Sinnvolles tun \u2013 ganz praktisch\",\"isPartOf\":{\"@id\":\"https:\/\/dieter-jenz.de\/lc\/#website\"},\"datePublished\":\"2023-11-06T11:05:24+00:00\",\"dateModified\":\"2024-03-01T11:29:18+00:00\",\"description\":\"Gutes tun \u2013 ganz praktisch. Konkrete Anregungen, sich f\u00fcr gute und gesellschaftsrelevante Zwecke zu engagieren.\",\"breadcrumb\":{\"@id\":\"https:\/\/dieter-jenz.de\/lc\/gutes-tun-ganz-praktisch\/#breadcrumb\"},\"inLanguage\":\"de\",\"potentialAction\":[{\"@type\":\"ReadAction\",\"target\":[\"https:\/\/dieter-jenz.de\/lc\/gutes-tun-ganz-praktisch\/\"]}]},{\"@type\":\"BreadcrumbList\",\"@id\":\"https:\/\/dieter-jenz.de\/lc\/gutes-tun-ganz-praktisch\/#breadcrumb\",\"itemListElement\":[{\"@type\":\"ListItem\",\"position\":1,\"name\":\"Home\",\"item\":\"https:\/\/dieter-jenz.de\/lc\/\"},{\"@type\":\"ListItem\",\"position\":2,\"name\":\"Gutes und Sinnvolles tun \u2013 ganz praktisch\"}]},{\"@type\":\"WebSite\",\"@id\":\"https:\/\/dieter-jenz.de\/lc\/#website\",\"url\":\"https:\/\/dieter-jenz.de\/lc\/\",\"name\":\"Dieter Jenz, Begleitung und Coaching\",\"description\":\"Die andere, neue Sichtweise entdecken - auftanken - neue Wege gehen\",\"publisher\":{\"@id\":\"https:\/\/dieter-jenz.de\/lc\/#\/schema\/person\/618cfd5c289d0a23930cb258a43679ab\"},\"potentialAction\":[{\"@type\":\"SearchAction\",\"target\":{\"@type\":\"EntryPoint\",\"urlTemplate\":\"https:\/\/dieter-jenz.de\/lc\/?s={search_term_string}\"},\"query-input\":{\"@type\":\"PropertyValueSpecification\",\"valueRequired\":true,\"valueName\":\"search_term_string\"}}],\"inLanguage\":\"de\"},{\"@type\":[\"Person\",\"Organization\"],\"@id\":\"https:\/\/dieter-jenz.de\/lc\/#\/schema\/person\/618cfd5c289d0a23930cb258a43679ab\",\"name\":\"Dieter Jenz\",\"image\":{\"@type\":\"ImageObject\",\"inLanguage\":\"de\",\"@id\":\"https:\/\/dieter-jenz.de\/lc\/#\/schema\/person\/image\/\",\"url\":\"https:\/\/dieter-jenz.de\/lc\/wp-content\/uploads\/2020\/01\/Logo-Coaching-und-Begleitung.png\",\"contentUrl\":\"https:\/\/dieter-jenz.de\/lc\/wp-content\/uploads\/2020\/01\/Logo-Coaching-und-Begleitung.png\",\"width\":320,\"height\":240,\"caption\":\"Dieter Jenz\"},\"logo\":{\"@id\":\"https:\/\/dieter-jenz.de\/lc\/#\/schema\/person\/image\/\"},\"description\":\"Ich bin Dieter Jenz, Begleiter, Berater und Coach mit Leidenschaft. \u00dcber viele Jahre hinweg habe ich einen reichen Schatz an Kompetenz und Erfahrung erworben. Meine Themen sind die \\\"4L\\\": Lebensaufgabe, Lebensplanung, Lebensnavigation und Lebensqualit\u00e4t.\",\"sameAs\":[\"https:\/\/www.facebook.com\/dieter.jenz.inspiration\",\"https:\/\/www.pinterest.de\/dieterjenz\/\",\"https:\/\/x.com\/https:\/\/twitter.com\/dieterjenz\"]}]}<\/script>\n<!-- \/ Yoast SEO plugin. -->","yoast_head_json":{"title":"Gutes und Sinnvolles tun \u2013 ganz praktisch","description":"Gutes tun \u2013 ganz praktisch. Konkrete Anregungen, sich f\u00fcr gute und gesellschaftsrelevante Zwecke zu engagieren.","robots":{"index":"index","follow":"follow","max-snippet":"max-snippet:-1","max-image-preview":"max-image-preview:large","max-video-preview":"max-video-preview:-1"},"canonical":"https:\/\/dieter-jenz.de\/lc\/gutes-tun-ganz-praktisch\/","og_locale":"de_DE","og_type":"article","og_title":"Gutes und Sinnvolles tun \u2013 ganz praktisch","og_description":"Gutes tun \u2013 ganz praktisch. Konkrete Anregungen, sich f\u00fcr gute und gesellschaftsrelevante Zwecke zu engagieren.","og_url":"https:\/\/dieter-jenz.de\/lc\/gutes-tun-ganz-praktisch\/","og_site_name":"Dieter Jenz, Begleitung und Coaching","article_publisher":"https:\/\/www.facebook.com\/dieter.jenz.inspiration","article_modified_time":"2024-03-01T11:29:18+00:00","twitter_card":"summary_large_image","twitter_site":"@dieterjenz","twitter_misc":{"Gesch\u00e4tzte Lesezeit":"6\u00a0Minuten"},"schema":{"@context":"https:\/\/schema.org","@graph":[{"@type":"WebPage","@id":"https:\/\/dieter-jenz.de\/lc\/gutes-tun-ganz-praktisch\/","url":"https:\/\/dieter-jenz.de\/lc\/gutes-tun-ganz-praktisch\/","name":"Gutes und Sinnvolles tun \u2013 ganz praktisch","isPartOf":{"@id":"https:\/\/dieter-jenz.de\/lc\/#website"},"datePublished":"2023-11-06T11:05:24+00:00","dateModified":"2024-03-01T11:29:18+00:00","description":"Gutes tun \u2013 ganz praktisch. Konkrete Anregungen, sich f\u00fcr gute und gesellschaftsrelevante Zwecke zu engagieren.","breadcrumb":{"@id":"https:\/\/dieter-jenz.de\/lc\/gutes-tun-ganz-praktisch\/#breadcrumb"},"inLanguage":"de","potentialAction":[{"@type":"ReadAction","target":["https:\/\/dieter-jenz.de\/lc\/gutes-tun-ganz-praktisch\/"]}]},{"@type":"BreadcrumbList","@id":"https:\/\/dieter-jenz.de\/lc\/gutes-tun-ganz-praktisch\/#breadcrumb","itemListElement":[{"@type":"ListItem","position":1,"name":"Home","item":"https:\/\/dieter-jenz.de\/lc\/"},{"@type":"ListItem","position":2,"name":"Gutes und Sinnvolles tun \u2013 ganz praktisch"}]},{"@type":"WebSite","@id":"https:\/\/dieter-jenz.de\/lc\/#website","url":"https:\/\/dieter-jenz.de\/lc\/","name":"Dieter Jenz, Begleitung und Coaching","description":"Die andere, neue Sichtweise entdecken - auftanken - neue Wege gehen","publisher":{"@id":"https:\/\/dieter-jenz.de\/lc\/#\/schema\/person\/618cfd5c289d0a23930cb258a43679ab"},"potentialAction":[{"@type":"SearchAction","target":{"@type":"EntryPoint","urlTemplate":"https:\/\/dieter-jenz.de\/lc\/?s={search_term_string}"},"query-input":{"@type":"PropertyValueSpecification","valueRequired":true,"valueName":"search_term_string"}}],"inLanguage":"de"},{"@type":["Person","Organization"],"@id":"https:\/\/dieter-jenz.de\/lc\/#\/schema\/person\/618cfd5c289d0a23930cb258a43679ab","name":"Dieter Jenz","image":{"@type":"ImageObject","inLanguage":"de","@id":"https:\/\/dieter-jenz.de\/lc\/#\/schema\/person\/image\/","url":"https:\/\/dieter-jenz.de\/lc\/wp-content\/uploads\/2020\/01\/Logo-Coaching-und-Begleitung.png","contentUrl":"https:\/\/dieter-jenz.de\/lc\/wp-content\/uploads\/2020\/01\/Logo-Coaching-und-Begleitung.png","width":320,"height":240,"caption":"Dieter Jenz"},"logo":{"@id":"https:\/\/dieter-jenz.de\/lc\/#\/schema\/person\/image\/"},"description":"Ich bin Dieter Jenz, Begleiter, Berater und Coach mit Leidenschaft. \u00dcber viele Jahre hinweg habe ich einen reichen Schatz an Kompetenz und Erfahrung erworben. Meine Themen sind die \"4L\": Lebensaufgabe, Lebensplanung, Lebensnavigation und Lebensqualit\u00e4t.","sameAs":["https:\/\/www.facebook.com\/dieter.jenz.inspiration","https:\/\/www.pinterest.de\/dieterjenz\/","https:\/\/x.com\/https:\/\/twitter.com\/dieterjenz"]}]}},"_links":{"self":[{"href":"https:\/\/dieter-jenz.de\/lc\/wp-json\/wp\/v2\/pages\/9980"}],"collection":[{"href":"https:\/\/dieter-jenz.de\/lc\/wp-json\/wp\/v2\/pages"}],"about":[{"href":"https:\/\/dieter-jenz.de\/lc\/wp-json\/wp\/v2\/types\/page"}],"author":[{"embeddable":true,"href":"https:\/\/dieter-jenz.de\/lc\/wp-json\/wp\/v2\/users\/2"}],"replies":[{"embeddable":true,"href":"https:\/\/dieter-jenz.de\/lc\/wp-json\/wp\/v2\/comments?post=9980"}],"version-history":[{"count":4,"href":"https:\/\/dieter-jenz.de\/lc\/wp-json\/wp\/v2\/pages\/9980\/revisions"}],"predecessor-version":[{"id":11330,"href":"https:\/\/dieter-jenz.de\/lc\/wp-json\/wp\/v2\/pages\/9980\/revisions\/11330"}],"wp:attachment":[{"href":"https:\/\/dieter-jenz.de\/lc\/wp-json\/wp\/v2\/media?parent=9980"}],"curies":[{"name":"wp","href":"https:\/\/api.w.org\/{rel}","templated":true}]}}